{"id":38370,"date":"2026-02-05T00:00:00","date_gmt":"2026-02-04T21:00:00","guid":{"rendered":"https:\/\/www.gasia.com.tr\/?post_type=product&#038;p=38370"},"modified":"2026-03-13T23:18:29","modified_gmt":"2026-03-13T20:18:29","slug":"siyah-pirlanta-kalp-detayli-sallantili-altin-kolye","status":"publish","type":"product","link":"https:\/\/www.gasia.com.tr\/en\/collections\/siyah-pirlanta-kalp-detayli-sallantili-altin-kolye\/","title":{"rendered":"Siyah P\u0131rlanta Kalp Detayl\u0131 Sallant\u0131l\u0131 Alt\u0131n Kolye"},"content":{"rendered":"<p>Siyah p\u0131rlantalarla s\u00fcslenen kalp motifi ve zarif sallant\u0131l\u0131 \u00e7ubuk detay\u0131yla tasarlanan bu alt\u0131n kolye, modern ve sofistike bir stil sunar. Minimal tasar\u0131m\u0131 sayesinde g\u00fcnl\u00fck kullan\u0131mda ve \u00f6zel kombinlerde \u015f\u0131k bir tamamlay\u0131c\u0131d\u0131r.<\/p>","protected":false},"excerpt":{"rendered":"<ul>\n<li>14 Ayar Alt\u0131n<\/li>\n<li>0.30 ct Siyah P\u0131rlanta<\/li>\n<\/ul>","protected":false},"featured_media":39640,"comment_status":"open","ping_status":"closed","template":"","meta":[],"product_brand":[],"product_cat":[260,75,210],"product_tag":[1359,1358,1176,1361,1180,1360,1354,1303,1177,1337,1332,1355,1353,1352,1356,1357],"class_list":{"0":"post-38370","1":"product","2":"type-product","3":"status-publish","4":"has-post-thumbnail","6":"product_cat-kadin","7":"product_cat-kolye","8":"product_cat-love-you-koleksiyonu","9":"product_tag-black-diamond-heart-necklace","10":"product_tag-black-diamond-necklace","11":"product_tag-dangling-diamond-necklace","12":"product_tag-designer-diamond-necklace","13":"product_tag-fine-jewelry-necklace","14":"product_tag-heart-gold-necklace","15":"product_tag-kalp-kolye-altin","16":"product_tag-minimal-altin-kolye","17":"product_tag-minimalist-diamond-necklace","18":"product_tag-modern-gold-necklace","19":"product_tag-modern-kadin-kolye","20":"product_tag-sallantili-altin-kolye","21":"product_tag-siyah-pirlanta-kalp-kolye","22":"product_tag-siyah-pirlanta-kolye","23":"product_tag-tasarim-pirlanta-kolye","24":"product_tag-zarif-kadin-kolye","25":"pa_cinsiyet-kadin","27":"first","28":"instock","29":"shipping-taxable","30":"product-type-simple"},"_links":{"self":[{"href":"https:\/\/www.gasia.com.tr\/en\/wp-json\/wp\/v2\/product\/38370","targetHints":{"allow":["GET"]}}],"collection":[{"href":"https:\/\/www.gasia.com.tr\/en\/wp-json\/wp\/v2\/product"}],"about":[{"href":"https:\/\/www.gasia.com.tr\/en\/wp-json\/wp\/v2\/types\/product"}],"replies":[{"embeddable":true,"href":"https:\/\/www.gasia.com.tr\/en\/wp-json\/wp\/v2\/comments?post=38370"}],"version-history":[{"count":2,"href":"https:\/\/www.gasia.com.tr\/en\/wp-json\/wp\/v2\/product\/38370\/revisions"}],"predecessor-version":[{"id":39641,"href":"https:\/\/www.gasia.com.tr\/en\/wp-json\/wp\/v2\/product\/38370\/revisions\/39641"}],"wp:featuredmedia":[{"embeddable":true,"href":"https:\/\/www.gasia.com.tr\/en\/wp-json\/wp\/v2\/media\/39640"}],"wp:attachment":[{"href":"https:\/\/www.gasia.com.tr\/en\/wp-json\/wp\/v2\/media?parent=38370"}],"wp:term":[{"taxonomy":"product_brand","embeddable":true,"href":"https:\/\/www.gasia.com.tr\/en\/wp-json\/wp\/v2\/product_brand?post=38370"},{"taxonomy":"product_cat","embeddable":true,"href":"https:\/\/www.gasia.com.tr\/en\/wp-json\/wp\/v2\/product_cat?post=38370"},{"taxonomy":"product_tag","embeddable":true,"href":"https:\/\/www.gasia.com.tr\/en\/wp-json\/wp\/v2\/product_tag?post=38370"}],"curies":[{"name":"wp","href":"https:\/\/api.w.org\/{rel}","templated":true}]}}