{"id":38372,"date":"2026-02-05T00:00:00","date_gmt":"2026-02-04T21:00:00","guid":{"rendered":"https:\/\/www.gasia.com.tr\/?post_type=product&#038;p=38372"},"modified":"2026-03-14T14:18:18","modified_gmt":"2026-03-14T11:18:18","slug":"yakut-tasli-kalp-tasarim-altin-kolye","status":"publish","type":"product","link":"https:\/\/www.gasia.com.tr\/en\/collections\/yakut-tasli-kalp-tasarim-altin-kolye\/","title":{"rendered":"Yakut Ta\u015fl\u0131 Kalp Tasar\u0131m Alt\u0131n Kolye"},"content":{"rendered":"<p>A\u015fk ve tutkunun sembol\u00fc olan kalp formu, bu dikkat \u00e7ekici kolyede yo\u011fun yakut ta\u015flarla hayat bulur. Kalp formunun tamam\u0131n\u0131 kaplayan yakut ta\u015flar, siyah rodajl\u0131 zemin \u00fczerinde g\u00fc\u00e7l\u00fc bir kontrast olu\u015fturarak tasar\u0131ma derinlik ve \u0131\u015f\u0131lt\u0131 kazand\u0131r\u0131r. Zarif alt\u0131n zincir ile tamamlanan bu kolye, romantik ve iddial\u0131 bir stil sunan \u00f6zel bir m\u00fccevher tasar\u0131m\u0131d\u0131r.<\/p>","protected":false},"excerpt":{"rendered":"<ul>\n<li>18 Ayar Alt\u0131n zincir<\/li>\n<li>925 ayar okside g\u00fcm\u00fc\u015f<\/li>\n<li>Do\u011fal Yakut<\/li>\n<\/ul>","protected":false},"featured_media":39686,"comment_status":"open","ping_status":"closed","template":"","meta":[],"product_brand":[],"product_cat":[260,75],"product_tag":[1432,1439,1180,1437,1438,1431,1440,1434,1436,1435,274,1433,610,612],"class_list":{"0":"post-38372","1":"product","2":"type-product","3":"status-publish","4":"has-post-thumbnail","6":"product_cat-kadin","7":"product_cat-kolye","8":"product_tag-altin-kalp-kolye","9":"product_tag-designer-ruby-necklace","10":"product_tag-fine-jewelry-necklace","11":"product_tag-gemstone-heart-necklace","12":"product_tag-gold-heart-pendant","13":"product_tag-kalp-tasarim-kolye","14":"product_tag-luxury-gemstone-necklace","15":"product_tag-romantik-kolye","16":"product_tag-ruby-heart-necklace","17":"product_tag-ruby-necklace","18":"product_tag-tasarim-kolye","19":"product_tag-tasli-kadin-kolye","20":"product_tag-yakut-kolye","21":"product_tag-yakut-tasli-kolye","22":"pa_cinsiyet-kadin","24":"first","25":"instock","26":"shipping-taxable","27":"purchasable","28":"product-type-simple"},"_links":{"self":[{"href":"https:\/\/www.gasia.com.tr\/en\/wp-json\/wp\/v2\/product\/38372","targetHints":{"allow":["GET"]}}],"collection":[{"href":"https:\/\/www.gasia.com.tr\/en\/wp-json\/wp\/v2\/product"}],"about":[{"href":"https:\/\/www.gasia.com.tr\/en\/wp-json\/wp\/v2\/types\/product"}],"replies":[{"embeddable":true,"href":"https:\/\/www.gasia.com.tr\/en\/wp-json\/wp\/v2\/comments?post=38372"}],"version-history":[{"count":2,"href":"https:\/\/www.gasia.com.tr\/en\/wp-json\/wp\/v2\/product\/38372\/revisions"}],"predecessor-version":[{"id":39688,"href":"https:\/\/www.gasia.com.tr\/en\/wp-json\/wp\/v2\/product\/38372\/revisions\/39688"}],"wp:featuredmedia":[{"embeddable":true,"href":"https:\/\/www.gasia.com.tr\/en\/wp-json\/wp\/v2\/media\/39686"}],"wp:attachment":[{"href":"https:\/\/www.gasia.com.tr\/en\/wp-json\/wp\/v2\/media?parent=38372"}],"wp:term":[{"taxonomy":"product_brand","embeddable":true,"href":"https:\/\/www.gasia.com.tr\/en\/wp-json\/wp\/v2\/product_brand?post=38372"},{"taxonomy":"product_cat","embeddable":true,"href":"https:\/\/www.gasia.com.tr\/en\/wp-json\/wp\/v2\/product_cat?post=38372"},{"taxonomy":"product_tag","embeddable":true,"href":"https:\/\/www.gasia.com.tr\/en\/wp-json\/wp\/v2\/product_tag?post=38372"}],"curies":[{"name":"wp","href":"https:\/\/api.w.org\/{rel}","templated":true}]}}