{"id":38374,"date":"2026-01-31T00:00:00","date_gmt":"2026-01-30T21:00:00","guid":{"rendered":"https:\/\/www.gasia.com.tr\/?post_type=product&#038;p=38374"},"modified":"2026-03-21T19:46:01","modified_gmt":"2026-03-21T16:46:01","slug":"safir-ve-pirlanta-tasli-kartal-figurlu-tasarim-kolye","status":"publish","type":"product","link":"https:\/\/www.gasia.com.tr\/en\/collections\/safir-ve-pirlanta-tasli-kartal-figurlu-tasarim-kolye\/","title":{"rendered":"Safir ve P\u0131rlanta Ta\u015fl\u0131 Kartal Fig\u00fcrl\u00fc Tasar\u0131m Kolye"},"content":{"rendered":"<p>G\u00fc\u00e7, \u00f6zg\u00fcrl\u00fck ve asaletin sembol\u00fc olan kartal fig\u00fcr\u00fcnden ilham alan bu \u00f6zel tasar\u0131m kolye, safir ve p\u0131rlanta ta\u015flar\u0131n uyumuyla dikkat \u00e7eker. Siyah rodajl\u0131 g\u00f6vde \u00fczerinde yer alan beyaz p\u0131rlantalar kartal\u0131n merkezini ayd\u0131nlat\u0131rken, kanatlarda kullan\u0131lan mavi safir ta\u015flar tasar\u0131ma derinlik ve karakter kazand\u0131r\u0131r. G\u00fc\u00e7l\u00fc sembolizmi ve \u00f6zg\u00fcn tasar\u0131m\u0131yla stilinizi tamamlayan etkileyici bir m\u00fccevherdir.<\/p>","protected":false},"excerpt":{"rendered":"<p>G\u00fc\u00e7, \u00f6zg\u00fcrl\u00fck ve asaletin sembol\u00fc olan kartal fig\u00fcr\u00fcnden ilham alan bu \u00f6zel tasar\u0131m kolye, safir ve p\u0131rlanta ta\u015flar\u0131n uyumuyla dikkat<\/p>","protected":false},"featured_media":39721,"comment_status":"open","ping_status":"closed","template":"","meta":[],"product_brand":[],"product_cat":[264,260,75],"product_tag":[1490,1489,1487,1180,480,1167,1484,1467,1486,1485,1488,1459,1463,274],"class_list":{"0":"post-38374","1":"product","2":"type-product","3":"status-publish","4":"has-post-thumbnail","6":"product_cat-gasia-1974-koleksiyonu","7":"product_cat-kadin","8":"product_cat-kolye","9":"product_tag-designer-animal-necklace","10":"product_tag-diamond-eagle-pendant","11":"product_tag-eagle-necklace","12":"product_tag-fine-jewelry-necklace","13":"product_tag-hayvan-figurlu-kolye","14":"product_tag-kadin-altin-kolye","15":"product_tag-kartal-kolye","16":"product_tag-luxury-pendant-necklace","17":"product_tag-pirlantali-kartal-kolye","18":"product_tag-safir-tasli-kolye","19":"product_tag-sapphire-diamond-necklace","20":"product_tag-sembolik-kolye","21":"product_tag-symbolic-jewelry-necklace","22":"product_tag-tasarim-kolye","23":"pa_cinsiyet-kadin","25":"first","26":"instock","27":"shipping-taxable","28":"purchasable","29":"product-type-simple"},"_links":{"self":[{"href":"https:\/\/www.gasia.com.tr\/en\/wp-json\/wp\/v2\/product\/38374","targetHints":{"allow":["GET"]}}],"collection":[{"href":"https:\/\/www.gasia.com.tr\/en\/wp-json\/wp\/v2\/product"}],"about":[{"href":"https:\/\/www.gasia.com.tr\/en\/wp-json\/wp\/v2\/types\/product"}],"replies":[{"embeddable":true,"href":"https:\/\/www.gasia.com.tr\/en\/wp-json\/wp\/v2\/comments?post=38374"}],"version-history":[{"count":2,"href":"https:\/\/www.gasia.com.tr\/en\/wp-json\/wp\/v2\/product\/38374\/revisions"}],"predecessor-version":[{"id":39722,"href":"https:\/\/www.gasia.com.tr\/en\/wp-json\/wp\/v2\/product\/38374\/revisions\/39722"}],"wp:featuredmedia":[{"embeddable":true,"href":"https:\/\/www.gasia.com.tr\/en\/wp-json\/wp\/v2\/media\/39721"}],"wp:attachment":[{"href":"https:\/\/www.gasia.com.tr\/en\/wp-json\/wp\/v2\/media?parent=38374"}],"wp:term":[{"taxonomy":"product_brand","embeddable":true,"href":"https:\/\/www.gasia.com.tr\/en\/wp-json\/wp\/v2\/product_brand?post=38374"},{"taxonomy":"product_cat","embeddable":true,"href":"https:\/\/www.gasia.com.tr\/en\/wp-json\/wp\/v2\/product_cat?post=38374"},{"taxonomy":"product_tag","embeddable":true,"href":"https:\/\/www.gasia.com.tr\/en\/wp-json\/wp\/v2\/product_tag?post=38374"}],"curies":[{"name":"wp","href":"https:\/\/api.w.org\/{rel}","templated":true}]}}