{"id":38376,"date":"2025-12-27T00:00:00","date_gmt":"2025-12-26T21:00:00","guid":{"rendered":"https:\/\/www.gasia.com.tr\/?post_type=product&#038;p=38376"},"modified":"2026-03-30T22:48:31","modified_gmt":"2026-03-30T19:48:31","slug":"renkli-pirlantali-altin-zincir-kolye","status":"publish","type":"product","link":"https:\/\/www.gasia.com.tr\/en\/collections\/renkli-pirlantali-altin-zincir-kolye\/","title":{"rendered":"Renkli P\u0131rlantal\u0131 Alt\u0131n Zincir Kolye"},"content":{"rendered":"<p>Modern ve zarif tasar\u0131m\u0131yla \u00f6ne \u00e7\u0131kan bu kolye, zincir boyunca yerle\u015ftirilen farkl\u0131 tonlardaki renkli p\u0131rlantalarla \u0131\u015f\u0131ldar. Pastel ve canl\u0131 tonlar\u0131n uyumu kolyeye hareket ve sofistike bir g\u00f6r\u00fcn\u00fcm kazand\u0131r\u0131r. G\u00fcnl\u00fck kullan\u0131mda \u015f\u0131kl\u0131k katan, ayn\u0131 zamanda katmanl\u0131 kolye kombinleri i\u00e7in ideal olan \u00f6zel bir m\u00fccevher tasar\u0131m\u0131d\u0131r.<\/p>","protected":false},"excerpt":{"rendered":"<p>Modern ve zarif tasar\u0131m\u0131yla \u00f6ne \u00e7\u0131kan bu kolye, zincir boyunca yerle\u015ftirilen farkl\u0131 tonlardaki renkli p\u0131rlantalarla \u0131\u015f\u0131ldar. Pastel ve canl\u0131 tonlar\u0131n<\/p>","protected":false},"featured_media":39717,"comment_status":"open","ping_status":"closed","template":"","meta":[],"product_brand":[],"product_cat":[75],"product_tag":[1476,1479,1361,1480,1180,1482,1167,1483,1481,1477,1474,1475,274,1478],"class_list":{"0":"post-38376","1":"product","2":"type-product","3":"status-publish","4":"has-post-thumbnail","6":"product_cat-kolye","7":"product_tag-altin-zincir-kolye","8":"product_tag-colored-diamond-necklace","9":"product_tag-designer-diamond-necklace","10":"product_tag-fancy-diamond-necklace","11":"product_tag-fine-jewelry-necklace","12":"product_tag-gold-chain-diamond-necklace","13":"product_tag-kadin-altin-kolye","14":"product_tag-luxury-diamond-jewelry","15":"product_tag-multicolor-diamond-necklace","16":"product_tag-pirlanta-tasli-kolye","17":"product_tag-renkli-pirlanta-kolye","18":"product_tag-renkli-pirlantali-kolye","19":"product_tag-tasarim-kolye","20":"product_tag-zarif-kolye-modeli","21":"pa_cinsiyet-kadin","23":"first","24":"instock","25":"shipping-taxable","26":"product-type-simple"},"_links":{"self":[{"href":"https:\/\/www.gasia.com.tr\/en\/wp-json\/wp\/v2\/product\/38376","targetHints":{"allow":["GET"]}}],"collection":[{"href":"https:\/\/www.gasia.com.tr\/en\/wp-json\/wp\/v2\/product"}],"about":[{"href":"https:\/\/www.gasia.com.tr\/en\/wp-json\/wp\/v2\/types\/product"}],"replies":[{"embeddable":true,"href":"https:\/\/www.gasia.com.tr\/en\/wp-json\/wp\/v2\/comments?post=38376"}],"version-history":[{"count":2,"href":"https:\/\/www.gasia.com.tr\/en\/wp-json\/wp\/v2\/product\/38376\/revisions"}],"predecessor-version":[{"id":39718,"href":"https:\/\/www.gasia.com.tr\/en\/wp-json\/wp\/v2\/product\/38376\/revisions\/39718"}],"wp:featuredmedia":[{"embeddable":true,"href":"https:\/\/www.gasia.com.tr\/en\/wp-json\/wp\/v2\/media\/39717"}],"wp:attachment":[{"href":"https:\/\/www.gasia.com.tr\/en\/wp-json\/wp\/v2\/media?parent=38376"}],"wp:term":[{"taxonomy":"product_brand","embeddable":true,"href":"https:\/\/www.gasia.com.tr\/en\/wp-json\/wp\/v2\/product_brand?post=38376"},{"taxonomy":"product_cat","embeddable":true,"href":"https:\/\/www.gasia.com.tr\/en\/wp-json\/wp\/v2\/product_cat?post=38376"},{"taxonomy":"product_tag","embeddable":true,"href":"https:\/\/www.gasia.com.tr\/en\/wp-json\/wp\/v2\/product_tag?post=38376"}],"curies":[{"name":"wp","href":"https:\/\/api.w.org\/{rel}","templated":true}]}}