{"id":38378,"date":"2026-02-05T00:00:00","date_gmt":"2026-02-04T21:00:00","guid":{"rendered":"https:\/\/www.gasia.com.tr\/?post_type=product&#038;p=38378"},"modified":"2026-03-13T18:02:07","modified_gmt":"2026-03-13T15:02:07","slug":"ametist-tasli-pirlanta-detayli-tasarim-altin-yuzuk","status":"publish","type":"product","link":"https:\/\/www.gasia.com.tr\/en\/collections\/ametist-tasli-pirlanta-detayli-tasarim-altin-yuzuk\/","title":{"rendered":"Ametist Ta\u015fl\u0131 P\u0131rlanta Detayl\u0131 Tasar\u0131m Alt\u0131n Y\u00fcz\u00fck"},"content":{"rendered":"<p>Oyma form ametist ta\u015f\u0131 ve p\u0131rlanta detaylar\u0131yla tasarlanan bu alt\u0131n y\u00fcz\u00fck, zarif ve g\u00f6z al\u0131c\u0131 bir \u015f\u0131kl\u0131k sunar. Do\u011fadan ilham alan ak\u0131c\u0131 tasar\u0131m\u0131yla \u00f6zel m\u00fccevher koleksiyonlar\u0131n\u0131n dikkat \u00e7eken par\u00e7alar\u0131ndan biridir.<\/p>","protected":false},"excerpt":{"rendered":"<ul>\n<li>10.75 Gram 18 Ayar Alt\u0131n<\/li>\n<li>1.98 ct P\u0131rlanta<\/li>\n<li>0.30 ct 20 Adet Rhodolite<\/li>\n<li>12.24 ct pembe Amethyst<\/li>\n<\/ul>","protected":false},"featured_media":39594,"comment_status":"open","ping_status":"closed","template":"","meta":[],"product_brand":[],"product_cat":[76],"product_tag":[],"class_list":{"0":"post-38378","1":"product","2":"type-product","3":"status-publish","4":"has-post-thumbnail","6":"product_cat-yuzuk-modelleri","7":"pa_cinsiyet-kadin","9":"first","10":"instock","11":"shipping-taxable","12":"product-type-simple"},"_links":{"self":[{"href":"https:\/\/www.gasia.com.tr\/en\/wp-json\/wp\/v2\/product\/38378","targetHints":{"allow":["GET"]}}],"collection":[{"href":"https:\/\/www.gasia.com.tr\/en\/wp-json\/wp\/v2\/product"}],"about":[{"href":"https:\/\/www.gasia.com.tr\/en\/wp-json\/wp\/v2\/types\/product"}],"replies":[{"embeddable":true,"href":"https:\/\/www.gasia.com.tr\/en\/wp-json\/wp\/v2\/comments?post=38378"}],"version-history":[{"count":2,"href":"https:\/\/www.gasia.com.tr\/en\/wp-json\/wp\/v2\/product\/38378\/revisions"}],"predecessor-version":[{"id":39596,"href":"https:\/\/www.gasia.com.tr\/en\/wp-json\/wp\/v2\/product\/38378\/revisions\/39596"}],"wp:featuredmedia":[{"embeddable":true,"href":"https:\/\/www.gasia.com.tr\/en\/wp-json\/wp\/v2\/media\/39594"}],"wp:attachment":[{"href":"https:\/\/www.gasia.com.tr\/en\/wp-json\/wp\/v2\/media?parent=38378"}],"wp:term":[{"taxonomy":"product_brand","embeddable":true,"href":"https:\/\/www.gasia.com.tr\/en\/wp-json\/wp\/v2\/product_brand?post=38378"},{"taxonomy":"product_cat","embeddable":true,"href":"https:\/\/www.gasia.com.tr\/en\/wp-json\/wp\/v2\/product_cat?post=38378"},{"taxonomy":"product_tag","embeddable":true,"href":"https:\/\/www.gasia.com.tr\/en\/wp-json\/wp\/v2\/product_tag?post=38378"}],"curies":[{"name":"wp","href":"https:\/\/api.w.org\/{rel}","templated":true}]}}