{"id":38382,"date":"2025-12-27T00:00:00","date_gmt":"2025-12-26T21:00:00","guid":{"rendered":"https:\/\/www.gasia.com.tr\/?post_type=product&#038;p=38382"},"modified":"2026-03-30T22:48:31","modified_gmt":"2026-03-30T19:48:31","slug":"pirlanta-sallantili-altin-kolye","status":"publish","type":"product","link":"https:\/\/www.gasia.com.tr\/en\/collections\/pirlanta-sallantili-altin-kolye\/","title":{"rendered":"P\u0131rlanta Sallant\u0131l\u0131 Alt\u0131n Kolye"},"content":{"rendered":"<p>Zincir boyunca yer alan sallant\u0131l\u0131 p\u0131rlanta ta\u015f detaylar\u0131yla tasarlanan bu kolye, zarif hareketi ve \u0131\u015f\u0131lt\u0131s\u0131yla modern bir \u015f\u0131kl\u0131k sunar.<\/p>","protected":false},"excerpt":{"rendered":"<ul>\n<li>14 Ayar Alt\u0131n<\/li>\n<li>0.62 ct P\u0131rlanta<\/li>\n<\/ul>","protected":false},"featured_media":39568,"comment_status":"open","ping_status":"closed","template":"","meta":[],"product_brand":[],"product_cat":[75],"product_tag":[1178,1176,1179,1174,1172,1173,1180,1175,1170,1167,1181,1168,1177,1169,472,1164,1165,1171,1166,330],"class_list":{"0":"post-38382","1":"product","2":"type-product","3":"status-publish","4":"has-post-thumbnail","6":"product_cat-kolye","7":"product_tag-dainty-diamond-necklace","8":"product_tag-dangling-diamond-necklace","9":"product_tag-delicate-gold-necklace","10":"product_tag-diamond-chain-necklace","11":"product_tag-diamond-drop-necklace","12":"product_tag-diamond-station-necklace","13":"product_tag-fine-jewelry-necklace","14":"product_tag-gold-diamond-necklace","15":"product_tag-ince-zincir-kolye","16":"product_tag-kadin-altin-kolye","17":"product_tag-luxury-diamond-necklace","18":"product_tag-minimal-pirlanta-kolye","19":"product_tag-minimalist-diamond-necklace","20":"product_tag-modern-altin-kolye","21":"product_tag-pirlanta-detayli-kolye","22":"product_tag-pirlanta-sallantili-kolye","23":"product_tag-pirlanta-zincir-kolye","24":"product_tag-sallantili-tasli-kolye","25":"product_tag-tasli-altin-kolye","26":"product_tag-zarif-pirlanta-kolye","27":"pa_cinsiyet-kadin","29":"first","30":"instock","31":"shipping-taxable","32":"purchasable","33":"product-type-simple"},"_links":{"self":[{"href":"https:\/\/www.gasia.com.tr\/en\/wp-json\/wp\/v2\/product\/38382","targetHints":{"allow":["GET"]}}],"collection":[{"href":"https:\/\/www.gasia.com.tr\/en\/wp-json\/wp\/v2\/product"}],"about":[{"href":"https:\/\/www.gasia.com.tr\/en\/wp-json\/wp\/v2\/types\/product"}],"replies":[{"embeddable":true,"href":"https:\/\/www.gasia.com.tr\/en\/wp-json\/wp\/v2\/comments?post=38382"}],"version-history":[{"count":2,"href":"https:\/\/www.gasia.com.tr\/en\/wp-json\/wp\/v2\/product\/38382\/revisions"}],"predecessor-version":[{"id":39569,"href":"https:\/\/www.gasia.com.tr\/en\/wp-json\/wp\/v2\/product\/38382\/revisions\/39569"}],"wp:featuredmedia":[{"embeddable":true,"href":"https:\/\/www.gasia.com.tr\/en\/wp-json\/wp\/v2\/media\/39568"}],"wp:attachment":[{"href":"https:\/\/www.gasia.com.tr\/en\/wp-json\/wp\/v2\/media?parent=38382"}],"wp:term":[{"taxonomy":"product_brand","embeddable":true,"href":"https:\/\/www.gasia.com.tr\/en\/wp-json\/wp\/v2\/product_brand?post=38382"},{"taxonomy":"product_cat","embeddable":true,"href":"https:\/\/www.gasia.com.tr\/en\/wp-json\/wp\/v2\/product_cat?post=38382"},{"taxonomy":"product_tag","embeddable":true,"href":"https:\/\/www.gasia.com.tr\/en\/wp-json\/wp\/v2\/product_tag?post=38382"}],"curies":[{"name":"wp","href":"https:\/\/api.w.org\/{rel}","templated":true}]}}