{"id":38386,"date":"2026-02-02T00:00:00","date_gmt":"2026-02-01T21:00:00","guid":{"rendered":"https:\/\/www.gasia.com.tr\/?post_type=product&#038;p=38386"},"modified":"2026-03-30T16:26:00","modified_gmt":"2026-03-30T13:26:00","slug":"oval-halka-kupe-pirlanta-detayli-sallantili-sik-tasarim","status":"publish","type":"product","link":"https:\/\/www.gasia.com.tr\/en\/collections\/oval-halka-kupe-pirlanta-detayli-sallantili-sik-tasarim\/","title":{"rendered":"Oval Halka K\u00fcpe \u2013 P\u0131rlanta Detayl\u0131 Sallant\u0131l\u0131 \u015e\u0131k Tasar\u0131m"},"content":{"rendered":"<p>Oval formu ve ince hatlar\u0131yla tasarlanan bu halka k\u00fcpe, p\u0131rlanta detayl\u0131 sallant\u0131l\u0131 ta\u015flar\u0131yla zarif bir hareket kazand\u0131r\u0131r. I\u015f\u0131lt\u0131l\u0131 ta\u015f dizilimi sayesinde her a\u00e7\u0131dan dikkat \u00e7ekici bir g\u00f6r\u00fcn\u00fcm sunar. Hem g\u00fcnl\u00fck kullan\u0131mda hem de \u00f6zel davetlerde stilinizi tamamlayan \u015f\u0131k bir aksesuard\u0131r.<\/p>","protected":false},"excerpt":{"rendered":"<p>Oval formu ve ince hatlar\u0131yla tasarlanan bu halka k\u00fcpe, p\u0131rlanta detayl\u0131 sallant\u0131l\u0131 ta\u015flar\u0131yla zarif bir hareket kazand\u0131r\u0131r. I\u015f\u0131lt\u0131l\u0131 ta\u015f dizilimi<\/p>","protected":false},"featured_media":39891,"comment_status":"open","ping_status":"closed","template":"","meta":[],"product_brand":[],"product_cat":[260,74],"product_tag":[1684,1574,1715,1595,1714,1768,1769,395,1667,1668,742,1771,1770,374,814,375,815,1596],"class_list":{"0":"post-38386","1":"product","2":"type-product","3":"status-publish","4":"has-post-thumbnail","6":"product_cat-kadin","7":"product_cat-kupe-modelleri","8":"product_tag-dangle-earrings","9":"product_tag-designer-earrings","10":"product_tag-diamond-earrings","11":"product_tag-elegant-earrings","12":"product_tag-gold-earrings","13":"product_tag-halka-kupe","14":"product_tag-hoop-earrings","15":"product_tag-kadin-kupe","16":"product_tag-luks-taki","17":"product_tag-luxury-jewelry","18":"product_tag-modern-jewelry","19":"product_tag-oval-earrings","20":"product_tag-oval-kupe","21":"product_tag-pirlanta-kupe","22":"product_tag-sallantili-kupe","23":"product_tag-sik-kupe","24":"product_tag-tasarim-kupe","25":"product_tag-women-earrings","26":"pa_cinsiyet-kadin","28":"first","29":"instock","30":"shipping-taxable","31":"product-type-simple"},"_links":{"self":[{"href":"https:\/\/www.gasia.com.tr\/en\/wp-json\/wp\/v2\/product\/38386","targetHints":{"allow":["GET"]}}],"collection":[{"href":"https:\/\/www.gasia.com.tr\/en\/wp-json\/wp\/v2\/product"}],"about":[{"href":"https:\/\/www.gasia.com.tr\/en\/wp-json\/wp\/v2\/types\/product"}],"replies":[{"embeddable":true,"href":"https:\/\/www.gasia.com.tr\/en\/wp-json\/wp\/v2\/comments?post=38386"}],"version-history":[{"count":2,"href":"https:\/\/www.gasia.com.tr\/en\/wp-json\/wp\/v2\/product\/38386\/revisions"}],"predecessor-version":[{"id":39892,"href":"https:\/\/www.gasia.com.tr\/en\/wp-json\/wp\/v2\/product\/38386\/revisions\/39892"}],"wp:featuredmedia":[{"embeddable":true,"href":"https:\/\/www.gasia.com.tr\/en\/wp-json\/wp\/v2\/media\/39891"}],"wp:attachment":[{"href":"https:\/\/www.gasia.com.tr\/en\/wp-json\/wp\/v2\/media?parent=38386"}],"wp:term":[{"taxonomy":"product_brand","embeddable":true,"href":"https:\/\/www.gasia.com.tr\/en\/wp-json\/wp\/v2\/product_brand?post=38386"},{"taxonomy":"product_cat","embeddable":true,"href":"https:\/\/www.gasia.com.tr\/en\/wp-json\/wp\/v2\/product_cat?post=38386"},{"taxonomy":"product_tag","embeddable":true,"href":"https:\/\/www.gasia.com.tr\/en\/wp-json\/wp\/v2\/product_tag?post=38386"}],"curies":[{"name":"wp","href":"https:\/\/api.w.org\/{rel}","templated":true}]}}