{"id":38388,"date":"2026-03-05T00:00:00","date_gmt":"2026-03-04T21:00:00","guid":{"rendered":"https:\/\/www.gasia.com.tr\/?post_type=product&#038;p=38388"},"modified":"2026-03-30T22:40:50","modified_gmt":"2026-03-30T19:40:50","slug":"sedef-tasli-fatma-ana-eli-altin-kolye","status":"publish","type":"product","link":"https:\/\/www.gasia.com.tr\/en\/collections\/sedef-tasli-fatma-ana-eli-altin-kolye\/","title":{"rendered":"Sedef Ta\u015fl\u0131 Fatima Ana Eli Alt\u0131n Kolye"},"content":{"rendered":"","protected":false},"excerpt":{"rendered":"<ul>\n<li>14 Ayar Alt\u0131n<\/li>\n<li>0.25 ct P\u0131rlanta<\/li>\n<\/ul>","protected":false},"featured_media":39472,"comment_status":"open","ping_status":"closed","template":"","meta":[],"product_brand":[],"product_cat":[75,198],"product_tag":[1088,1089,745,747,1091,1090,744,987,1087,472,1086,990],"class_list":{"0":"post-38388","1":"product","2":"type-product","3":"status-publish","4":"has-post-thumbnail","6":"product_cat-kolye","7":"product_cat-eye-collection","8":"product_tag-altin-kolye-kadin","9":"product_tag-anlamli-kolye","10":"product_tag-diamond-hamsa-necklace","11":"product_tag-fatma-ana-eli-kolye","12":"product_tag-gold-hamsa-necklace","13":"product_tag-hamsa-hand-necklace","14":"product_tag-hamsa-necklace","15":"product_tag-mother-of-pearl-necklace","16":"product_tag-nazar-kolyesi","17":"product_tag-pirlanta-detayli-kolye","18":"product_tag-sedef-tasli-kolye","19":"product_tag-spiritual-necklace","20":"pa_cinsiyet-kadin","22":"first","23":"instock","24":"shipping-taxable","25":"purchasable","26":"product-type-simple"},"_links":{"self":[{"href":"https:\/\/www.gasia.com.tr\/en\/wp-json\/wp\/v2\/product\/38388","targetHints":{"allow":["GET"]}}],"collection":[{"href":"https:\/\/www.gasia.com.tr\/en\/wp-json\/wp\/v2\/product"}],"about":[{"href":"https:\/\/www.gasia.com.tr\/en\/wp-json\/wp\/v2\/types\/product"}],"replies":[{"embeddable":true,"href":"https:\/\/www.gasia.com.tr\/en\/wp-json\/wp\/v2\/comments?post=38388"}],"version-history":[{"count":3,"href":"https:\/\/www.gasia.com.tr\/en\/wp-json\/wp\/v2\/product\/38388\/revisions"}],"predecessor-version":[{"id":40974,"href":"https:\/\/www.gasia.com.tr\/en\/wp-json\/wp\/v2\/product\/38388\/revisions\/40974"}],"wp:featuredmedia":[{"embeddable":true,"href":"https:\/\/www.gasia.com.tr\/en\/wp-json\/wp\/v2\/media\/39472"}],"wp:attachment":[{"href":"https:\/\/www.gasia.com.tr\/en\/wp-json\/wp\/v2\/media?parent=38388"}],"wp:term":[{"taxonomy":"product_brand","embeddable":true,"href":"https:\/\/www.gasia.com.tr\/en\/wp-json\/wp\/v2\/product_brand?post=38388"},{"taxonomy":"product_cat","embeddable":true,"href":"https:\/\/www.gasia.com.tr\/en\/wp-json\/wp\/v2\/product_cat?post=38388"},{"taxonomy":"product_tag","embeddable":true,"href":"https:\/\/www.gasia.com.tr\/en\/wp-json\/wp\/v2\/product_tag?post=38388"}],"curies":[{"name":"wp","href":"https:\/\/api.w.org\/{rel}","templated":true}]}}