{"id":38390,"date":"2026-02-05T00:00:00","date_gmt":"2026-02-04T21:00:00","guid":{"rendered":"https:\/\/www.gasia.com.tr\/?post_type=product&#038;p=38390"},"modified":"2026-03-11T09:27:19","modified_gmt":"2026-03-11T06:27:19","slug":"pirlanta-ve-safir-tasli-nazar-boncugu-altin-bileklik","status":"publish","type":"product","link":"https:\/\/www.gasia.com.tr\/en\/collections\/pirlanta-ve-safir-tasli-nazar-boncugu-altin-bileklik\/","title":{"rendered":"P\u0131rlanta ve Safir Ta\u015fl\u0131 Nazar Boncu\u011fu Alt\u0131n Bileklik"},"content":{"rendered":"<ul>\n<li>14 Ayar Alt\u0131n<\/li>\n<li>0.11 ct P\u0131rlanta<\/li>\n<li>0.07 ct Sar\u0131 Safir<\/li>\n<li>0.23 ct Mavi Safir<\/li>\n<li>17 cm Uzunlu\u011funda zincir<\/li>\n<\/ul>\n<p>P\u0131rlanta ve safir ta\u015f detayl\u0131 nazar boncu\u011fu alt\u0131n bileklik modeli. Zarif tasar\u0131m\u0131yla \u015fans ve korumay\u0131 simgeleyen \u015f\u0131k bir bileklik.<\/p>","protected":false},"excerpt":{"rendered":"<p>14 Ayar Alt\u0131n 0.11 ct P\u0131rlanta 0.07 ct Sar\u0131 Safir 0.23 ct Mavi Safir 17 cm Uzunlu\u011funda zincir P\u0131rlanta ve<\/p>","protected":false},"featured_media":39294,"comment_status":"open","ping_status":"closed","template":"","meta":[],"product_brand":[],"product_cat":[73],"product_tag":[504,507,827,417,514,424,365,407,434,358,733,826,828,366,505,511],"class_list":{"0":"post-38390","1":"product","2":"type-product","3":"status-publish","4":"has-post-thumbnail","6":"product_cat-altin-pirlanta-bileklik","7":"product_tag-altin-bileklik","8":"product_tag-diamond-bracelet","9":"product_tag-diamond-evil-eye-bracelet","10":"product_tag-evil-eye-bracelet","11":"product_tag-fine-jewelry-bracelet","12":"product_tag-gold-evil-eye-bracelet","13":"product_tag-kadin-bileklik","14":"product_tag-nazar-bileklik","15":"product_tag-nazar-boncugu-bileklik","16":"product_tag-pirlanta-bileklik","17":"product_tag-protection-bracelet","18":"product_tag-safir-tasli-bileklik","19":"product_tag-sapphire-bracelet","20":"product_tag-sik-bileklik","21":"product_tag-tasli-bileklik","22":"product_tag-women-gold-bracelet","23":"pa_cinsiyet-kadin","25":"first","26":"instock","27":"sale","28":"shipping-taxable","29":"purchasable","30":"product-type-simple"},"_links":{"self":[{"href":"https:\/\/www.gasia.com.tr\/en\/wp-json\/wp\/v2\/product\/38390","targetHints":{"allow":["GET"]}}],"collection":[{"href":"https:\/\/www.gasia.com.tr\/en\/wp-json\/wp\/v2\/product"}],"about":[{"href":"https:\/\/www.gasia.com.tr\/en\/wp-json\/wp\/v2\/types\/product"}],"replies":[{"embeddable":true,"href":"https:\/\/www.gasia.com.tr\/en\/wp-json\/wp\/v2\/comments?post=38390"}],"version-history":[{"count":2,"href":"https:\/\/www.gasia.com.tr\/en\/wp-json\/wp\/v2\/product\/38390\/revisions"}],"predecessor-version":[{"id":39296,"href":"https:\/\/www.gasia.com.tr\/en\/wp-json\/wp\/v2\/product\/38390\/revisions\/39296"}],"wp:featuredmedia":[{"embeddable":true,"href":"https:\/\/www.gasia.com.tr\/en\/wp-json\/wp\/v2\/media\/39294"}],"wp:attachment":[{"href":"https:\/\/www.gasia.com.tr\/en\/wp-json\/wp\/v2\/media?parent=38390"}],"wp:term":[{"taxonomy":"product_brand","embeddable":true,"href":"https:\/\/www.gasia.com.tr\/en\/wp-json\/wp\/v2\/product_brand?post=38390"},{"taxonomy":"product_cat","embeddable":true,"href":"https:\/\/www.gasia.com.tr\/en\/wp-json\/wp\/v2\/product_cat?post=38390"},{"taxonomy":"product_tag","embeddable":true,"href":"https:\/\/www.gasia.com.tr\/en\/wp-json\/wp\/v2\/product_tag?post=38390"}],"curies":[{"name":"wp","href":"https:\/\/api.w.org\/{rel}","templated":true}]}}