{"id":38396,"date":"2026-02-05T00:00:00","date_gmt":"2026-02-04T21:00:00","guid":{"rendered":"https:\/\/www.gasia.com.tr\/?post_type=product&#038;p=38396"},"modified":"2026-04-15T18:14:35","modified_gmt":"2026-04-15T15:14:35","slug":"dalga-formlu-pirlanta-tasarim-altin-yuzuk","status":"publish","type":"product","link":"https:\/\/www.gasia.com.tr\/en\/collections\/dalga-formlu-pirlanta-tasarim-altin-yuzuk\/","title":{"rendered":"Dalga Formlu P\u0131rlanta Tasar\u0131m Alt\u0131n Y\u00fcz\u00fck"},"content":{"rendered":"<p data-start=\"56\" data-end=\"330\">Ak\u0131\u015fkan ve dinamik hatlar\u0131yla dikkat \u00e7eken bu y\u00fcz\u00fck, dalga formundan ilham alan \u00f6zg\u00fcn tasar\u0131m\u0131yla modern bir \u015f\u0131kl\u0131k sunar. Birbiriyle uyumlu k\u0131vr\u0131ml\u0131 y\u00fczeyler boyunca yerle\u015ftirilen p\u0131rlanta ta\u015flar, y\u00fcz\u00fc\u011fe \u00e7ok boyutlu ve etkileyici bir \u0131\u015f\u0131lt\u0131 kazand\u0131r\u0131r.<\/p>\n<p data-start=\"332\" data-end=\"517\">Alt\u0131n tonunun s\u0131cakl\u0131\u011f\u0131 ile p\u0131rlantalar\u0131n parlakl\u0131\u011f\u0131 birle\u015ferek g\u00fc\u00e7l\u00fc ve sofistike bir stil olu\u015fturur. A\u00e7\u0131k ve katmanl\u0131 yap\u0131s\u0131 sayesinde parmakta zarif ama iddial\u0131 bir duru\u015f sergiler.<\/p>\n<p data-start=\"519\" data-end=\"643\">G\u00fcnl\u00fck kombinlere modern bir dokunu\u015f katarken, \u00f6zel davetlerde stilinizi \u00f6n plana \u00e7\u0131karan dikkat \u00e7ekici bir tasar\u0131m sunar.<\/p>","protected":false},"excerpt":{"rendered":"<ul>\n<li>18 Ayar 10,70 gr Alt\u0131n<\/li>\n<li>1.22 ct P\u0131rlanta<\/li>\n<\/ul>","protected":false},"featured_media":42278,"comment_status":"open","ping_status":"closed","template":"","meta":[],"product_brand":[],"product_cat":[76],"product_tag":[1112,1182,448,451,1183,341,1040,1186,721,688,1153,445,1044,1137,503,1184,1185],"class_list":{"0":"post-38396","1":"product","2":"type-product","3":"status-publish","4":"has-post-thumbnail","6":"product_cat-yuzuk-modelleri","7":"product_tag-cok-sirali-pirlanta-yuzuk","8":"product_tag-dalga-form-pirlanta-yuzuk","9":"product_tag-designer-diamond-ring","10":"product_tag-fine-jewelry-ring","11":"product_tag-genis-pirlanta-yuzuk","12":"product_tag-kadin-pirlanta-yuzuk","13":"product_tag-luks-pirlanta-yuzuk","14":"product_tag-luxury-gold-ring","15":"product_tag-modern-altin-yuzuk","16":"product_tag-modern-diamond-ring","17":"product_tag-multi-band-diamond-ring","18":"product_tag-pave-diamond-ring","19":"product_tag-statement-diamond-ring","20":"product_tag-tasarim-altin-yuzuk","21":"product_tag-tasli-altin-yuzuk","22":"product_tag-wave-diamond-ring","23":"product_tag-wide-gold-ring","24":"pa_cinsiyet-kadin","26":"first","27":"instock","28":"shipping-taxable","29":"purchasable","30":"product-type-simple"},"_links":{"self":[{"href":"https:\/\/www.gasia.com.tr\/en\/wp-json\/wp\/v2\/product\/38396","targetHints":{"allow":["GET"]}}],"collection":[{"href":"https:\/\/www.gasia.com.tr\/en\/wp-json\/wp\/v2\/product"}],"about":[{"href":"https:\/\/www.gasia.com.tr\/en\/wp-json\/wp\/v2\/types\/product"}],"replies":[{"embeddable":true,"href":"https:\/\/www.gasia.com.tr\/en\/wp-json\/wp\/v2\/comments?post=38396"}],"version-history":[{"count":4,"href":"https:\/\/www.gasia.com.tr\/en\/wp-json\/wp\/v2\/product\/38396\/revisions"}],"predecessor-version":[{"id":42279,"href":"https:\/\/www.gasia.com.tr\/en\/wp-json\/wp\/v2\/product\/38396\/revisions\/42279"}],"wp:featuredmedia":[{"embeddable":true,"href":"https:\/\/www.gasia.com.tr\/en\/wp-json\/wp\/v2\/media\/42278"}],"wp:attachment":[{"href":"https:\/\/www.gasia.com.tr\/en\/wp-json\/wp\/v2\/media?parent=38396"}],"wp:term":[{"taxonomy":"product_brand","embeddable":true,"href":"https:\/\/www.gasia.com.tr\/en\/wp-json\/wp\/v2\/product_brand?post=38396"},{"taxonomy":"product_cat","embeddable":true,"href":"https:\/\/www.gasia.com.tr\/en\/wp-json\/wp\/v2\/product_cat?post=38396"},{"taxonomy":"product_tag","embeddable":true,"href":"https:\/\/www.gasia.com.tr\/en\/wp-json\/wp\/v2\/product_tag?post=38396"}],"curies":[{"name":"wp","href":"https:\/\/api.w.org\/{rel}","templated":true}]}}