{"id":38398,"date":"2026-02-05T00:00:00","date_gmt":"2026-02-04T21:00:00","guid":{"rendered":"https:\/\/www.gasia.com.tr\/?post_type=product&#038;p=38398"},"modified":"2026-03-13T15:42:31","modified_gmt":"2026-03-13T12:42:31","slug":"pirlantali-halka-tasarim-altin-yuzuk","status":"publish","type":"product","link":"https:\/\/www.gasia.com.tr\/en\/collections\/pirlantali-halka-tasarim-altin-yuzuk\/","title":{"rendered":"P\u0131rlantal\u0131 Halka Tasar\u0131m Alt\u0131n Y\u00fcz\u00fck"},"content":{"rendered":"<p>Birbirine ba\u011fl\u0131 halka formu ve zarif p\u0131rlanta detaylar\u0131yla tasarlanan bu alt\u0131n y\u00fcz\u00fck, modern ve \u015f\u0131k bir stil sunar. Geni\u015f formu sayesinde dikkat \u00e7ekici bir g\u00f6r\u00fcn\u00fcm olu\u015ftururken g\u00fcnl\u00fck ve \u00f6zel kombinlere zarif bir dokunu\u015f katar.<\/p>","protected":false},"excerpt":{"rendered":"<ul>\n<li>18 ayar 7.54 Gr Alt\u0131n<\/li>\n<li>0.80 ct P\u0131rlanta<\/li>\n<\/ul>","protected":false},"featured_media":39578,"comment_status":"open","ping_status":"closed","template":"","meta":[],"product_brand":[],"product_cat":[76],"product_tag":[1216,448,1221,654,451,1217,1220,1215,1222,721,648,1214,1219,1197,1047,1218],"class_list":{"0":"post-38398","1":"product","2":"type-product","3":"status-publish","4":"has-post-thumbnail","6":"product_cat-yuzuk-modelleri","7":"product_tag-altin-yuzuk-kadin","8":"product_tag-designer-diamond-ring","9":"product_tag-diamond-circle-ring","10":"product_tag-diamond-ring","11":"product_tag-fine-jewelry-ring","12":"product_tag-genis-altin-yuzuk","13":"product_tag-gold-circle-ring","14":"product_tag-halka-tasarim-yuzuk","15":"product_tag-luxury-jewelry-ring","16":"product_tag-modern-altin-yuzuk","17":"product_tag-modern-gold-ring","18":"product_tag-pirlantali-yuzuk","19":"product_tag-sik-altin-yuzuk","20":"product_tag-statement-gold-ring","21":"product_tag-tasarim-pirlanta-yuzuk","22":"product_tag-zarif-kadin-yuzuk","23":"pa_cinsiyet-kadin","25":"first","26":"instock","27":"sale","28":"shipping-taxable","29":"purchasable","30":"product-type-simple"},"_links":{"self":[{"href":"https:\/\/www.gasia.com.tr\/en\/wp-json\/wp\/v2\/product\/38398","targetHints":{"allow":["GET"]}}],"collection":[{"href":"https:\/\/www.gasia.com.tr\/en\/wp-json\/wp\/v2\/product"}],"about":[{"href":"https:\/\/www.gasia.com.tr\/en\/wp-json\/wp\/v2\/types\/product"}],"replies":[{"embeddable":true,"href":"https:\/\/www.gasia.com.tr\/en\/wp-json\/wp\/v2\/comments?post=38398"}],"version-history":[{"count":2,"href":"https:\/\/www.gasia.com.tr\/en\/wp-json\/wp\/v2\/product\/38398\/revisions"}],"predecessor-version":[{"id":39580,"href":"https:\/\/www.gasia.com.tr\/en\/wp-json\/wp\/v2\/product\/38398\/revisions\/39580"}],"wp:featuredmedia":[{"embeddable":true,"href":"https:\/\/www.gasia.com.tr\/en\/wp-json\/wp\/v2\/media\/39578"}],"wp:attachment":[{"href":"https:\/\/www.gasia.com.tr\/en\/wp-json\/wp\/v2\/media?parent=38398"}],"wp:term":[{"taxonomy":"product_brand","embeddable":true,"href":"https:\/\/www.gasia.com.tr\/en\/wp-json\/wp\/v2\/product_brand?post=38398"},{"taxonomy":"product_cat","embeddable":true,"href":"https:\/\/www.gasia.com.tr\/en\/wp-json\/wp\/v2\/product_cat?post=38398"},{"taxonomy":"product_tag","embeddable":true,"href":"https:\/\/www.gasia.com.tr\/en\/wp-json\/wp\/v2\/product_tag?post=38398"}],"curies":[{"name":"wp","href":"https:\/\/api.w.org\/{rel}","templated":true}]}}