{"id":38404,"date":"2026-02-05T00:00:00","date_gmt":"2026-02-04T21:00:00","guid":{"rendered":"https:\/\/www.gasia.com.tr\/?post_type=product&#038;p=38404"},"modified":"2026-04-13T17:45:09","modified_gmt":"2026-04-13T14:45:09","slug":"yaprak-formlu-pirlanta-tasarim-altin-yuzuk","status":"publish","type":"product","link":"https:\/\/www.gasia.com.tr\/en\/collections\/yaprak-formlu-pirlanta-tasarim-altin-yuzuk\/","title":{"rendered":"Yaprak Formlu P\u0131rlanta Tasar\u0131m Alt\u0131n Y\u00fcz\u00fck"},"content":{"rendered":"<p>Do\u011fadan ilham alan zarif yaprak formu ve p\u0131rlanta ta\u015f detaylar\u0131yla tasarlanan bu alt\u0131n y\u00fcz\u00fck, modern ve \u015f\u0131k bir g\u00f6r\u00fcn\u00fcm sunar.<\/p>","protected":false},"excerpt":{"rendered":"<ul>\n<li>18 ayar 6.24 gr Alt\u0131n<\/li>\n<li>0.94 ct 6 Adet Damla P\u0131rlanta<\/li>\n<li>0.95 Ct\u00a0 159 Adet P\u0131rlanta<\/li>\n<\/ul>","protected":false},"featured_media":39581,"comment_status":"open","ping_status":"closed","template":"","meta":[],"product_brand":[],"product_cat":[76],"product_tag":[448,338,449,451,341,1227,1228,1226,1186,444,445,1225,1044,1137,1224,1223,1163],"class_list":{"0":"post-38404","1":"product","2":"type-product","3":"status-publish","4":"has-post-thumbnail","6":"product_cat-yuzuk-modelleri","7":"product_tag-designer-diamond-ring","8":"product_tag-doga-temali-yuzuk","9":"product_tag-elegant-gold-ring","10":"product_tag-fine-jewelry-ring","11":"product_tag-kadin-pirlanta-yuzuk","12":"product_tag-leaf-diamond-ring","13":"product_tag-leaf-gold-ring","14":"product_tag-luks-altin-yuzuk","15":"product_tag-luxury-gold-ring","16":"product_tag-nature-inspired-ring","17":"product_tag-pave-diamond-ring","18":"product_tag-pirlanta-tasli-yuzuk","19":"product_tag-statement-diamond-ring","20":"product_tag-tasarim-altin-yuzuk","21":"product_tag-yaprak-motifli-altin-yuzuk","22":"product_tag-yaprak-pirlanta-yuzuk","23":"product_tag-zarif-altin-yuzuk","24":"pa_cinsiyet-kadin","26":"first","27":"instock","28":"shipping-taxable","29":"purchasable","30":"product-type-simple"},"_links":{"self":[{"href":"https:\/\/www.gasia.com.tr\/en\/wp-json\/wp\/v2\/product\/38404","targetHints":{"allow":["GET"]}}],"collection":[{"href":"https:\/\/www.gasia.com.tr\/en\/wp-json\/wp\/v2\/product"}],"about":[{"href":"https:\/\/www.gasia.com.tr\/en\/wp-json\/wp\/v2\/types\/product"}],"replies":[{"embeddable":true,"href":"https:\/\/www.gasia.com.tr\/en\/wp-json\/wp\/v2\/comments?post=38404"}],"version-history":[{"count":2,"href":"https:\/\/www.gasia.com.tr\/en\/wp-json\/wp\/v2\/product\/38404\/revisions"}],"predecessor-version":[{"id":39584,"href":"https:\/\/www.gasia.com.tr\/en\/wp-json\/wp\/v2\/product\/38404\/revisions\/39584"}],"wp:featuredmedia":[{"embeddable":true,"href":"https:\/\/www.gasia.com.tr\/en\/wp-json\/wp\/v2\/media\/39581"}],"wp:attachment":[{"href":"https:\/\/www.gasia.com.tr\/en\/wp-json\/wp\/v2\/media?parent=38404"}],"wp:term":[{"taxonomy":"product_brand","embeddable":true,"href":"https:\/\/www.gasia.com.tr\/en\/wp-json\/wp\/v2\/product_brand?post=38404"},{"taxonomy":"product_cat","embeddable":true,"href":"https:\/\/www.gasia.com.tr\/en\/wp-json\/wp\/v2\/product_cat?post=38404"},{"taxonomy":"product_tag","embeddable":true,"href":"https:\/\/www.gasia.com.tr\/en\/wp-json\/wp\/v2\/product_tag?post=38404"}],"curies":[{"name":"wp","href":"https:\/\/api.w.org\/{rel}","templated":true}]}}