{"id":38406,"date":"2026-02-05T00:00:00","date_gmt":"2026-02-04T21:00:00","guid":{"rendered":"https:\/\/www.gasia.com.tr\/?post_type=product&#038;p=38406"},"modified":"2026-04-13T17:41:44","modified_gmt":"2026-04-13T14:41:44","slug":"organik-form-pirlanta-tasarim-genis-altin-yuzuk","status":"publish","type":"product","link":"https:\/\/www.gasia.com.tr\/en\/collections\/organik-form-pirlanta-tasarim-genis-altin-yuzuk\/","title":{"rendered":"Organik Form P\u0131rlanta Tasar\u0131m Geni\u015f Alt\u0131n Y\u00fcz\u00fck"},"content":{"rendered":"<p>Organik ve ak\u0131\u015fkan formlardan ilham alan bu geni\u015f alt\u0131n y\u00fcz\u00fck, p\u0131rlanta ta\u015f detaylar\u0131yla modern ve g\u00fc\u00e7l\u00fc bir tasar\u0131m sunar. Zarif bo\u015fluklu yap\u0131s\u0131 sayesinde hem g\u00f6steri\u015fli hem de \u015f\u0131k bir g\u00f6r\u00fcn\u00fcm sa\u011flar.<\/p>","protected":false},"excerpt":{"rendered":"<ul>\n<li>18 Ayar 8.16 Gram Alt\u0131n<\/li>\n<li>1.20 ct 127 adet P\u0131rlanta<\/li>\n<\/ul>","protected":false},"featured_media":39586,"comment_status":"open","ping_status":"closed","template":"","meta":[],"product_brand":[],"product_cat":[76],"product_tag":[1232,1230,1233,609,451,1217,439,1040,1186,721,688,1231,1229,445,1225,1044,1193,1047,1185],"class_list":{"0":"post-38406","1":"product","2":"type-product","3":"status-publish","4":"has-post-thumbnail","6":"product_cat-yuzuk-modelleri","7":"product_tag-abstract-gold-ring","8":"product_tag-bosluklu-tasarim-yuzuk","9":"product_tag-contemporary-diamond-ring","10":"product_tag-designer-gold-ring","11":"product_tag-fine-jewelry-ring","12":"product_tag-genis-altin-yuzuk","13":"product_tag-kadin-altin-yuzuk","14":"product_tag-luks-pirlanta-yuzuk","15":"product_tag-luxury-gold-ring","16":"product_tag-modern-altin-yuzuk","17":"product_tag-modern-diamond-ring","18":"product_tag-organic-shape-ring","19":"product_tag-organik-form-altin-yuzuk","20":"product_tag-pave-diamond-ring","21":"product_tag-pirlanta-tasli-yuzuk","22":"product_tag-statement-diamond-ring","23":"product_tag-statement-yuzuk","24":"product_tag-tasarim-pirlanta-yuzuk","25":"product_tag-wide-gold-ring","26":"pa_cinsiyet-kadin","28":"first","29":"instock","30":"shipping-taxable","31":"purchasable","32":"product-type-simple"},"_links":{"self":[{"href":"https:\/\/www.gasia.com.tr\/en\/wp-json\/wp\/v2\/product\/38406","targetHints":{"allow":["GET"]}}],"collection":[{"href":"https:\/\/www.gasia.com.tr\/en\/wp-json\/wp\/v2\/product"}],"about":[{"href":"https:\/\/www.gasia.com.tr\/en\/wp-json\/wp\/v2\/types\/product"}],"replies":[{"embeddable":true,"href":"https:\/\/www.gasia.com.tr\/en\/wp-json\/wp\/v2\/comments?post=38406"}],"version-history":[{"count":2,"href":"https:\/\/www.gasia.com.tr\/en\/wp-json\/wp\/v2\/product\/38406\/revisions"}],"predecessor-version":[{"id":39587,"href":"https:\/\/www.gasia.com.tr\/en\/wp-json\/wp\/v2\/product\/38406\/revisions\/39587"}],"wp:featuredmedia":[{"embeddable":true,"href":"https:\/\/www.gasia.com.tr\/en\/wp-json\/wp\/v2\/media\/39586"}],"wp:attachment":[{"href":"https:\/\/www.gasia.com.tr\/en\/wp-json\/wp\/v2\/media?parent=38406"}],"wp:term":[{"taxonomy":"product_brand","embeddable":true,"href":"https:\/\/www.gasia.com.tr\/en\/wp-json\/wp\/v2\/product_brand?post=38406"},{"taxonomy":"product_cat","embeddable":true,"href":"https:\/\/www.gasia.com.tr\/en\/wp-json\/wp\/v2\/product_cat?post=38406"},{"taxonomy":"product_tag","embeddable":true,"href":"https:\/\/www.gasia.com.tr\/en\/wp-json\/wp\/v2\/product_tag?post=38406"}],"curies":[{"name":"wp","href":"https:\/\/api.w.org\/{rel}","templated":true}]}}