{"id":38408,"date":"2026-02-05T00:00:00","date_gmt":"2026-02-04T21:00:00","guid":{"rendered":"https:\/\/www.gasia.com.tr\/?post_type=product&#038;p=38408"},"modified":"2026-04-13T17:43:44","modified_gmt":"2026-04-13T14:43:44","slug":"baget-ve-pirlanta-detayli-cok-sirali-altin-yuzuk","status":"publish","type":"product","link":"https:\/\/www.gasia.com.tr\/en\/collections\/baget-ve-pirlanta-detayli-cok-sirali-altin-yuzuk\/","title":{"rendered":"Baget ve P\u0131rlanta Detayl\u0131 \u00c7ok S\u0131ral\u0131 Alt\u0131n Y\u00fcz\u00fck"},"content":{"rendered":"<p>Baget kesim ta\u015flar ve p\u0131rlanta detaylar\u0131yla s\u00fcslenen \u00e7ok s\u0131ral\u0131 tasar\u0131m\u0131, y\u00fcz\u00fc\u011fe modern ve \u0131\u015f\u0131lt\u0131l\u0131 bir g\u00f6r\u00fcn\u00fcm kazand\u0131r\u0131r.<\/p>","protected":false},"excerpt":{"rendered":"<ul>\n<li>18 Ayar 4,61 gr Alt\u0131n<\/li>\n<li>0.22 ct- 5 adet Baget Kesim P\u0131rlanta<\/li>\n<li>0.36 ct- 59 adet Yuvarlak Kesim P\u0131rlanta<\/li>\n<\/ul>","protected":false},"featured_media":39547,"comment_status":"open","ping_status":"closed","template":"","meta":[],"product_brand":[],"product_cat":[76],"product_tag":[1127,516,575,1155,1152,609,439,1154,688,342,1153,1137],"class_list":{"0":"post-38408","1":"product","2":"type-product","3":"status-publish","4":"has-post-thumbnail","6":"product_cat-yuzuk-modelleri","7":"product_tag-baget-pirlanta-yuzuk","8":"product_tag-baget-tasli-yuzuk","9":"product_tag-baguette-diamond-ring","10":"product_tag-baguette-gold-ring","11":"product_tag-cok-sirali-altin-yuzuk","12":"product_tag-designer-gold-ring","13":"product_tag-kadin-altin-yuzuk","14":"product_tag-layered-gold-ring","15":"product_tag-modern-diamond-ring","16":"product_tag-modern-pirlanta-yuzuk","17":"product_tag-multi-band-diamond-ring","18":"product_tag-tasarim-altin-yuzuk","19":"pa_cinsiyet-kadin","21":"first","22":"instock","23":"shipping-taxable","24":"purchasable","25":"product-type-simple"},"_links":{"self":[{"href":"https:\/\/www.gasia.com.tr\/en\/wp-json\/wp\/v2\/product\/38408","targetHints":{"allow":["GET"]}}],"collection":[{"href":"https:\/\/www.gasia.com.tr\/en\/wp-json\/wp\/v2\/product"}],"about":[{"href":"https:\/\/www.gasia.com.tr\/en\/wp-json\/wp\/v2\/types\/product"}],"replies":[{"embeddable":true,"href":"https:\/\/www.gasia.com.tr\/en\/wp-json\/wp\/v2\/comments?post=38408"}],"version-history":[{"count":3,"href":"https:\/\/www.gasia.com.tr\/en\/wp-json\/wp\/v2\/product\/38408\/revisions"}],"predecessor-version":[{"id":42111,"href":"https:\/\/www.gasia.com.tr\/en\/wp-json\/wp\/v2\/product\/38408\/revisions\/42111"}],"wp:featuredmedia":[{"embeddable":true,"href":"https:\/\/www.gasia.com.tr\/en\/wp-json\/wp\/v2\/media\/39547"}],"wp:attachment":[{"href":"https:\/\/www.gasia.com.tr\/en\/wp-json\/wp\/v2\/media?parent=38408"}],"wp:term":[{"taxonomy":"product_brand","embeddable":true,"href":"https:\/\/www.gasia.com.tr\/en\/wp-json\/wp\/v2\/product_brand?post=38408"},{"taxonomy":"product_cat","embeddable":true,"href":"https:\/\/www.gasia.com.tr\/en\/wp-json\/wp\/v2\/product_cat?post=38408"},{"taxonomy":"product_tag","embeddable":true,"href":"https:\/\/www.gasia.com.tr\/en\/wp-json\/wp\/v2\/product_tag?post=38408"}],"curies":[{"name":"wp","href":"https:\/\/api.w.org\/{rel}","templated":true}]}}