{"id":38410,"date":"2026-01-22T00:00:00","date_gmt":"2026-01-21T21:00:00","guid":{"rendered":"https:\/\/www.gasia.com.tr\/?post_type=product&#038;p=38410"},"modified":"2026-03-16T18:24:51","modified_gmt":"2026-03-16T15:24:51","slug":"beyaz-akik-tasli-pirlanta-detayli-tasarim-altin-yuzuk","status":"publish","type":"product","link":"https:\/\/www.gasia.com.tr\/en\/collections\/beyaz-akik-tasli-pirlanta-detayli-tasarim-altin-yuzuk\/","title":{"rendered":"Beyaz Akik Ta\u015fl\u0131 P\u0131rlanta Detayl\u0131 Tasar\u0131m Alt\u0131n Y\u00fcz\u00fck"},"content":{"rendered":"<p>Do\u011fal beyaz akik ta\u015f\u0131 ve zarif p\u0131rlanta detaylar\u0131yla tasarlanan bu alt\u0131n y\u00fcz\u00fck, sade ama g\u00fc\u00e7l\u00fc bir \u015f\u0131kl\u0131k sunar. B\u00fcy\u00fck akik ta\u015f\u0131n p\u0131rlanta s\u00fcslemeli form ile \u00e7evrelenmesi, y\u00fcz\u00fc\u011fe modern ve dikkat \u00e7ekici bir karakter kazand\u0131r\u0131r.<\/p>","protected":false},"excerpt":{"rendered":"<ul>\n<li>7.54 Gr 18 Ayar Alt\u0131n<\/li>\n<li>Beyaz Akik<\/li>\n<\/ul>","protected":false},"featured_media":39600,"comment_status":"open","ping_status":"closed","template":"","meta":[],"product_brand":[],"product_cat":[76],"product_tag":[1278,1273,1272,1271,1275,609,650,1274,451,439,1186,1279,1146,1280,1137,1277,1276],"class_list":{"0":"post-38410","1":"product","2":"type-product","3":"status-publish","4":"has-post-thumbnail","6":"product_cat-yuzuk-modelleri","7":"product_tag-agate-gemstone-ring","8":"product_tag-akik-tasli-altin-yuzuk","9":"product_tag-beyaz-akik-tasli-yuzuk","10":"product_tag-beyaz-akik-yuzuk","11":"product_tag-buyuk-tasli-yuzuk","12":"product_tag-designer-gold-ring","13":"product_tag-diamond-detail-ring","14":"product_tag-dogal-tas-yuzuk","15":"product_tag-fine-jewelry-ring","16":"product_tag-kadin-altin-yuzuk","17":"product_tag-luxury-gold-ring","18":"product_tag-natural-stone-ring","19":"product_tag-pirlanta-detayli-yuzuk","20":"product_tag-statement-gemstone-ring","21":"product_tag-tasarim-altin-yuzuk","22":"product_tag-white-agate-gold-ring","23":"product_tag-white-agate-ring","24":"pa_cinsiyet-kadin","26":"first","27":"instock","28":"shipping-taxable","29":"purchasable","30":"product-type-simple"},"_links":{"self":[{"href":"https:\/\/www.gasia.com.tr\/en\/wp-json\/wp\/v2\/product\/38410","targetHints":{"allow":["GET"]}}],"collection":[{"href":"https:\/\/www.gasia.com.tr\/en\/wp-json\/wp\/v2\/product"}],"about":[{"href":"https:\/\/www.gasia.com.tr\/en\/wp-json\/wp\/v2\/types\/product"}],"replies":[{"embeddable":true,"href":"https:\/\/www.gasia.com.tr\/en\/wp-json\/wp\/v2\/comments?post=38410"}],"version-history":[{"count":2,"href":"https:\/\/www.gasia.com.tr\/en\/wp-json\/wp\/v2\/product\/38410\/revisions"}],"predecessor-version":[{"id":39602,"href":"https:\/\/www.gasia.com.tr\/en\/wp-json\/wp\/v2\/product\/38410\/revisions\/39602"}],"wp:featuredmedia":[{"embeddable":true,"href":"https:\/\/www.gasia.com.tr\/en\/wp-json\/wp\/v2\/media\/39600"}],"wp:attachment":[{"href":"https:\/\/www.gasia.com.tr\/en\/wp-json\/wp\/v2\/media?parent=38410"}],"wp:term":[{"taxonomy":"product_brand","embeddable":true,"href":"https:\/\/www.gasia.com.tr\/en\/wp-json\/wp\/v2\/product_brand?post=38410"},{"taxonomy":"product_cat","embeddable":true,"href":"https:\/\/www.gasia.com.tr\/en\/wp-json\/wp\/v2\/product_cat?post=38410"},{"taxonomy":"product_tag","embeddable":true,"href":"https:\/\/www.gasia.com.tr\/en\/wp-json\/wp\/v2\/product_tag?post=38410"}],"curies":[{"name":"wp","href":"https:\/\/api.w.org\/{rel}","templated":true}]}}