{"id":38414,"date":"2026-01-11T00:00:00","date_gmt":"2026-01-10T21:00:00","guid":{"rendered":"https:\/\/www.gasia.com.tr\/?post_type=product&#038;p=38414"},"modified":"2026-03-27T09:20:14","modified_gmt":"2026-03-27T06:20:14","slug":"safirli-goz-motifli-altin-bileklik","status":"publish","type":"product","link":"https:\/\/www.gasia.com.tr\/en\/collections\/safirli-goz-motifli-altin-bileklik\/","title":{"rendered":"Safirli G\u00f6z Motifli Alt\u0131n Bileklik"},"content":{"rendered":"<p>Safir ta\u015f ve p\u0131rlanta detayl\u0131 g\u00f6z motifli alt\u0131n bileklik.<\/p>","protected":false},"excerpt":{"rendered":"<ul>\n<li>18 Ayar Alt\u0131n<\/li>\n<li>0.68 ct 224 adet P\u0131rlanta<\/li>\n<li>0.65 ct Safir<\/li>\n<\/ul>","protected":false},"featured_media":39469,"comment_status":"open","ping_status":"closed","template":"","meta":[],"product_brand":[],"product_cat":[73],"product_tag":[504,1084,507,512,514,794,365,1081,358,1085,1082,1083],"class_list":{"0":"post-38414","1":"product","2":"type-product","3":"status-publish","4":"has-post-thumbnail","6":"product_cat-altin-pirlanta-bileklik","7":"product_tag-altin-bileklik","8":"product_tag-blue-stone-bracelet","9":"product_tag-diamond-bracelet","10":"product_tag-elegant-bracelet","11":"product_tag-fine-jewelry-bracelet","12":"product_tag-gold-bracelet","13":"product_tag-kadin-bileklik","14":"product_tag-mavi-tasli-bileklik","15":"product_tag-pirlanta-bileklik","16":"product_tag-sapphire-style-bracelet","17":"product_tag-tasli-altin-bileklik","18":"product_tag-zarif-bileklik","19":"pa_cinsiyet-kadin","21":"first","22":"instock","23":"shipping-taxable","24":"purchasable","25":"product-type-simple"},"_links":{"self":[{"href":"https:\/\/www.gasia.com.tr\/en\/wp-json\/wp\/v2\/product\/38414","targetHints":{"allow":["GET"]}}],"collection":[{"href":"https:\/\/www.gasia.com.tr\/en\/wp-json\/wp\/v2\/product"}],"about":[{"href":"https:\/\/www.gasia.com.tr\/en\/wp-json\/wp\/v2\/types\/product"}],"replies":[{"embeddable":true,"href":"https:\/\/www.gasia.com.tr\/en\/wp-json\/wp\/v2\/comments?post=38414"}],"version-history":[{"count":2,"href":"https:\/\/www.gasia.com.tr\/en\/wp-json\/wp\/v2\/product\/38414\/revisions"}],"predecessor-version":[{"id":39470,"href":"https:\/\/www.gasia.com.tr\/en\/wp-json\/wp\/v2\/product\/38414\/revisions\/39470"}],"wp:featuredmedia":[{"embeddable":true,"href":"https:\/\/www.gasia.com.tr\/en\/wp-json\/wp\/v2\/media\/39469"}],"wp:attachment":[{"href":"https:\/\/www.gasia.com.tr\/en\/wp-json\/wp\/v2\/media?parent=38414"}],"wp:term":[{"taxonomy":"product_brand","embeddable":true,"href":"https:\/\/www.gasia.com.tr\/en\/wp-json\/wp\/v2\/product_brand?post=38414"},{"taxonomy":"product_cat","embeddable":true,"href":"https:\/\/www.gasia.com.tr\/en\/wp-json\/wp\/v2\/product_cat?post=38414"},{"taxonomy":"product_tag","embeddable":true,"href":"https:\/\/www.gasia.com.tr\/en\/wp-json\/wp\/v2\/product_tag?post=38414"}],"curies":[{"name":"wp","href":"https:\/\/api.w.org\/{rel}","templated":true}]}}