{"id":38424,"date":"2026-02-05T00:00:00","date_gmt":"2026-02-04T21:00:00","guid":{"rendered":"https:\/\/www.gasia.com.tr\/?post_type=product&#038;p=38424"},"modified":"2026-03-14T14:12:23","modified_gmt":"2026-03-14T11:12:23","slug":"kahverengi-pirlanta-ve-baget-pirlantali-altin-kolye","status":"publish","type":"product","link":"https:\/\/www.gasia.com.tr\/en\/collections\/kahverengi-pirlanta-ve-baget-pirlantali-altin-kolye\/","title":{"rendered":"Kahverengi P\u0131rlanta ve Baget P\u0131rlantal\u0131 Alt\u0131n Kolye"},"content":{"rendered":"<p>Merkezinde yer alan kahverengi p\u0131rlanta ve \u00e7evresindeki baget kesim p\u0131rlantalarla tasarlanan bu \u00f6zel kolye, g\u00fcne\u015f \u0131\u015f\u0131nlar\u0131n\u0131 and\u0131ran zarif bir form sunar. P\u0131rlantalar\u0131n farkl\u0131 kesimleri sayesinde \u0131\u015f\u0131\u011f\u0131 etkileyici \u015fekilde yans\u0131tan tasar\u0131m, modern ve l\u00fcks bir g\u00f6r\u00fcn\u00fcm olu\u015fturur. G\u00fcnl\u00fck \u015f\u0131kl\u0131\u011f\u0131 tamamlayan ya da \u00f6zel anlarda dikkat \u00e7eken zarif bir m\u00fccevherdir.<\/p>","protected":false},"excerpt":{"rendered":"<ul>\n<li>18 Ayar Alt\u0131n<\/li>\n<li>1.08 ct Kahverengi Ham P\u0131rlanta<\/li>\n<li>0.45 ct Baget kesim P\u0131rlanta<\/li>\n<li>42 cm Zincir uzunlu\u011fu<\/li>\n<\/ul>","protected":false},"featured_media":39683,"comment_status":"open","ping_status":"closed","template":"","meta":[],"product_brand":[],"product_cat":[75],"product_tag":[1425,1429,1428,1361,1430,1180,1167,1424,1427,1181,1426,1356],"class_list":{"0":"post-38424","1":"product","2":"type-product","3":"status-publish","4":"has-post-thumbnail","6":"product_cat-kolye","7":"product_tag-baget-pirlanta-kolye","8":"product_tag-baguette-diamond-necklace","9":"product_tag-brown-diamond-necklace","10":"product_tag-designer-diamond-necklace","11":"product_tag-diamond-halo-necklace","12":"product_tag-fine-jewelry-necklace","13":"product_tag-kadin-altin-kolye","14":"product_tag-kahverengi-pirlanta-kolye","15":"product_tag-luks-kolye-modeli","16":"product_tag-luxury-diamond-necklace","17":"product_tag-pirlantali-altin-kolye","18":"product_tag-tasarim-pirlanta-kolye","19":"pa_cinsiyet-kadin","21":"first","22":"instock","23":"shipping-taxable","24":"purchasable","25":"product-type-simple"},"_links":{"self":[{"href":"https:\/\/www.gasia.com.tr\/en\/wp-json\/wp\/v2\/product\/38424","targetHints":{"allow":["GET"]}}],"collection":[{"href":"https:\/\/www.gasia.com.tr\/en\/wp-json\/wp\/v2\/product"}],"about":[{"href":"https:\/\/www.gasia.com.tr\/en\/wp-json\/wp\/v2\/types\/product"}],"replies":[{"embeddable":true,"href":"https:\/\/www.gasia.com.tr\/en\/wp-json\/wp\/v2\/comments?post=38424"}],"version-history":[{"count":2,"href":"https:\/\/www.gasia.com.tr\/en\/wp-json\/wp\/v2\/product\/38424\/revisions"}],"predecessor-version":[{"id":39685,"href":"https:\/\/www.gasia.com.tr\/en\/wp-json\/wp\/v2\/product\/38424\/revisions\/39685"}],"wp:featuredmedia":[{"embeddable":true,"href":"https:\/\/www.gasia.com.tr\/en\/wp-json\/wp\/v2\/media\/39683"}],"wp:attachment":[{"href":"https:\/\/www.gasia.com.tr\/en\/wp-json\/wp\/v2\/media?parent=38424"}],"wp:term":[{"taxonomy":"product_brand","embeddable":true,"href":"https:\/\/www.gasia.com.tr\/en\/wp-json\/wp\/v2\/product_brand?post=38424"},{"taxonomy":"product_cat","embeddable":true,"href":"https:\/\/www.gasia.com.tr\/en\/wp-json\/wp\/v2\/product_cat?post=38424"},{"taxonomy":"product_tag","embeddable":true,"href":"https:\/\/www.gasia.com.tr\/en\/wp-json\/wp\/v2\/product_tag?post=38424"}],"curies":[{"name":"wp","href":"https:\/\/api.w.org\/{rel}","templated":true}]}}