{"id":38428,"date":"2026-02-05T00:00:00","date_gmt":"2026-02-04T21:00:00","guid":{"rendered":"https:\/\/www.gasia.com.tr\/?post_type=product&#038;p=38428"},"modified":"2026-04-13T17:50:28","modified_gmt":"2026-04-13T14:50:28","slug":"cvd-pirlanta-you-i-yuzuk","status":"publish","type":"product","link":"https:\/\/www.gasia.com.tr\/en\/collections\/cvd-pirlanta-you-i-yuzuk\/","title":{"rendered":"CVD P\u0131rlanta You I Y\u00fcz\u00fck"},"content":{"rendered":"<p>&nbsp;<\/p>\n<p>&nbsp;<\/p>\n<p>Kar\u015f\u0131l\u0131kl\u0131 konumlanan damla kesim ta\u015flar ve etraf\u0131n\u0131 \u00e7evreleyen halo ta\u015f detaylar\u0131yla tasarlanan bu y\u00fcz\u00fck, modern ve zarif bir g\u00f6r\u00fcn\u00fcm sunar.<\/p>","protected":false},"excerpt":{"rendered":"<ul>\n<li>14 Ayar 7,95 gr Alt\u0131n<\/li>\n<li>1,08 ct- 2 Adet Cvd Lab Crown Damla P\u0131rlanta<\/li>\n<li>1,03 ct -20 Adet Cvd Lab Crown Yuvarlak P\u0131rlanta<\/li>\n<\/ul>","protected":false},"featured_media":39070,"comment_status":"open","ping_status":"closed","template":"","meta":[],"product_brand":[],"product_cat":[206],"product_tag":[592,593,591,565,595,528,451,588,584,520,590,521,597,594,596,340,503],"class_list":{"0":"post-38428","1":"product","2":"type-product","3":"status-publish","4":"has-post-thumbnail","6":"product_cat-lab-grown-diamonds","7":"product_tag-cift-tas-yuzuk","8":"product_tag-damla-kesim-yuzuk","9":"product_tag-damla-tasli-yuzuk","10":"product_tag-designer-ring","11":"product_tag-double-pear-ring","12":"product_tag-elegant-ring","13":"product_tag-fine-jewelry-ring","14":"product_tag-halo-ring","15":"product_tag-halo-yuzuk","16":"product_tag-kadin-yuzuk","17":"product_tag-luxury-ring","18":"product_tag-modern-yuzuk","19":"product_tag-open-ring","20":"product_tag-pear-cut-ring","21":"product_tag-pear-diamond-ring","22":"product_tag-tasarim-yuzuk","23":"product_tag-tasli-altin-yuzuk","24":"pa_cinsiyet-kadin","26":"first","27":"instock","28":"shipping-taxable","29":"purchasable","30":"product-type-simple"},"_links":{"self":[{"href":"https:\/\/www.gasia.com.tr\/en\/wp-json\/wp\/v2\/product\/38428","targetHints":{"allow":["GET"]}}],"collection":[{"href":"https:\/\/www.gasia.com.tr\/en\/wp-json\/wp\/v2\/product"}],"about":[{"href":"https:\/\/www.gasia.com.tr\/en\/wp-json\/wp\/v2\/types\/product"}],"replies":[{"embeddable":true,"href":"https:\/\/www.gasia.com.tr\/en\/wp-json\/wp\/v2\/comments?post=38428"}],"version-history":[{"count":4,"href":"https:\/\/www.gasia.com.tr\/en\/wp-json\/wp\/v2\/product\/38428\/revisions"}],"predecessor-version":[{"id":42116,"href":"https:\/\/www.gasia.com.tr\/en\/wp-json\/wp\/v2\/product\/38428\/revisions\/42116"}],"wp:featuredmedia":[{"embeddable":true,"href":"https:\/\/www.gasia.com.tr\/en\/wp-json\/wp\/v2\/media\/39070"}],"wp:attachment":[{"href":"https:\/\/www.gasia.com.tr\/en\/wp-json\/wp\/v2\/media?parent=38428"}],"wp:term":[{"taxonomy":"product_brand","embeddable":true,"href":"https:\/\/www.gasia.com.tr\/en\/wp-json\/wp\/v2\/product_brand?post=38428"},{"taxonomy":"product_cat","embeddable":true,"href":"https:\/\/www.gasia.com.tr\/en\/wp-json\/wp\/v2\/product_cat?post=38428"},{"taxonomy":"product_tag","embeddable":true,"href":"https:\/\/www.gasia.com.tr\/en\/wp-json\/wp\/v2\/product_tag?post=38428"}],"curies":[{"name":"wp","href":"https:\/\/api.w.org\/{rel}","templated":true}]}}