{"id":38462,"date":"2026-02-05T00:00:00","date_gmt":"2026-02-04T21:00:00","guid":{"rendered":"https:\/\/www.gasia.com.tr\/?post_type=product&#038;p=38462"},"modified":"2026-03-14T00:36:32","modified_gmt":"2026-03-13T21:36:32","slug":"geometrik-tasarim-pirlantali-altin-yuzuk","status":"publish","type":"product","link":"https:\/\/www.gasia.com.tr\/en\/collections\/geometrik-tasarim-pirlantali-altin-yuzuk\/","title":{"rendered":"Geometrik Tasar\u0131m P\u0131rlantal\u0131 Alt\u0131n Y\u00fcz\u00fck"},"content":{"rendered":"<p>Modern geometrik formuyla dikkat \u00e7eken bu p\u0131rlantal\u0131 alt\u0131n y\u00fcz\u00fck, katmanl\u0131 \u00e7izgileri ve merkezdeki kare formuyla g\u00fc\u00e7l\u00fc bir tasar\u0131m sunar. Y\u00fczey boyunca yer alan p\u0131rlantalar y\u00fcz\u00fc\u011fe yo\u011fun bir \u0131\u015f\u0131lt\u0131 katarken, mimari tasar\u0131m \u00e7izgileri sayesinde modern ve sofistike bir g\u00f6r\u00fcn\u00fcm olu\u015fturur.<\/p>","protected":false},"excerpt":{"rendered":"<ul>\n<li>18 Ayar Alt\u0131n<\/li>\n<li>0.98 ct P\u0131rlanta<\/li>\n<\/ul>","protected":false},"featured_media":39669,"comment_status":"open","ping_status":"closed","template":"","meta":[],"product_brand":[77],"product_cat":[76],"product_tag":[448,1396,451,1397,1394,290,1395,658,721,648,1321,450,1047],"class_list":{"0":"post-38462","1":"product","2":"type-product","3":"status-publish","4":"has-post-thumbnail","6":"product_brand-gasia","7":"product_cat-yuzuk-modelleri","8":"product_tag-designer-diamond-ring","9":"product_tag-diamond-geometric-ring","10":"product_tag-fine-jewelry-ring","11":"product_tag-geometric-diamond-ring","12":"product_tag-geometrik-pirlanta-yuzuk","13":"product_tag-kadin-tasarim-yuzuk","14":"product_tag-luks-yuzuk-modeli","15":"product_tag-luxury-diamond-ring","16":"product_tag-modern-altin-yuzuk","17":"product_tag-modern-gold-ring","18":"product_tag-pirlantali-altin-yuzuk","19":"product_tag-statement-ring","20":"product_tag-tasarim-pirlanta-yuzuk","21":"pa_cinsiyet-kadin","23":"first","24":"instock","25":"shipping-taxable","26":"purchasable","27":"product-type-simple"},"_links":{"self":[{"href":"https:\/\/www.gasia.com.tr\/en\/wp-json\/wp\/v2\/product\/38462","targetHints":{"allow":["GET"]}}],"collection":[{"href":"https:\/\/www.gasia.com.tr\/en\/wp-json\/wp\/v2\/product"}],"about":[{"href":"https:\/\/www.gasia.com.tr\/en\/wp-json\/wp\/v2\/types\/product"}],"replies":[{"embeddable":true,"href":"https:\/\/www.gasia.com.tr\/en\/wp-json\/wp\/v2\/comments?post=38462"}],"version-history":[{"count":2,"href":"https:\/\/www.gasia.com.tr\/en\/wp-json\/wp\/v2\/product\/38462\/revisions"}],"predecessor-version":[{"id":39671,"href":"https:\/\/www.gasia.com.tr\/en\/wp-json\/wp\/v2\/product\/38462\/revisions\/39671"}],"wp:featuredmedia":[{"embeddable":true,"href":"https:\/\/www.gasia.com.tr\/en\/wp-json\/wp\/v2\/media\/39669"}],"wp:attachment":[{"href":"https:\/\/www.gasia.com.tr\/en\/wp-json\/wp\/v2\/media?parent=38462"}],"wp:term":[{"taxonomy":"product_brand","embeddable":true,"href":"https:\/\/www.gasia.com.tr\/en\/wp-json\/wp\/v2\/product_brand?post=38462"},{"taxonomy":"product_cat","embeddable":true,"href":"https:\/\/www.gasia.com.tr\/en\/wp-json\/wp\/v2\/product_cat?post=38462"},{"taxonomy":"product_tag","embeddable":true,"href":"https:\/\/www.gasia.com.tr\/en\/wp-json\/wp\/v2\/product_tag?post=38462"}],"curies":[{"name":"wp","href":"https:\/\/api.w.org\/{rel}","templated":true}]}}