{"id":38464,"date":"2026-02-05T00:00:00","date_gmt":"2026-02-04T21:00:00","guid":{"rendered":"https:\/\/www.gasia.com.tr\/?post_type=product&#038;p=38464"},"modified":"2026-04-13T17:52:30","modified_gmt":"2026-04-13T14:52:30","slug":"capraz-pirlantali-cok-sirali-altin-yuzuk","status":"publish","type":"product","link":"https:\/\/www.gasia.com.tr\/en\/collections\/capraz-pirlantali-cok-sirali-altin-yuzuk\/","title":{"rendered":"\u00c7apraz P\u0131rlantal\u0131 \u00c7ok S\u0131ral\u0131 Alt\u0131n Y\u00fcz\u00fck"},"content":{"rendered":"<p>Modern ve g\u00fc\u00e7l\u00fc bir tasar\u0131ma sahip bu \u00e7ok s\u0131ral\u0131 alt\u0131n y\u00fcz\u00fck, \u00e7apraz formda yerle\u015ftirilen p\u0131rlanta detaylar\u0131yla dikkat \u00e7eker. Dokulu alt\u0131n bantlar\u0131n \u00fcst\u00fcnden ge\u00e7en p\u0131rlantal\u0131 \u00e7izgiler tasar\u0131ma hareket ve zarif bir \u0131\u015f\u0131lt\u0131 kazand\u0131r\u0131r. G\u00fcnl\u00fck \u015f\u0131kl\u0131\u011f\u0131 tamamlayan etkileyici ve modern bir m\u00fccevherdir.<\/p>","protected":false},"excerpt":{"rendered":"<ul>\n<li>18 Ayar 13,03 gr\u00a0 Alt\u0131n<\/li>\n<li>0.37 ct -19 Adet P\u0131rlanta<\/li>\n<\/ul>\n<p>&nbsp;<\/p>","protected":false},"featured_media":39672,"comment_status":"open","ping_status":"closed","template":"","meta":[],"product_brand":[],"product_cat":[76],"product_tag":[1398,1399,448,1400,451,656,1040,1222,1378,1153,1321,1219,450,1137],"class_list":{"0":"post-38464","1":"product","2":"type-product","3":"status-publish","4":"has-post-thumbnail","6":"product_cat-yuzuk-modelleri","7":"product_tag-capraz-pirlanta-yuzuk","8":"product_tag-cok-sirali-yuzuk","9":"product_tag-designer-diamond-ring","10":"product_tag-diamond-crossover-ring","11":"product_tag-fine-jewelry-ring","12":"product_tag-gold-diamond-ring","13":"product_tag-luks-pirlanta-yuzuk","14":"product_tag-luxury-jewelry-ring","15":"product_tag-modern-kadin-yuzuk","16":"product_tag-multi-band-diamond-ring","17":"product_tag-pirlantali-altin-yuzuk","18":"product_tag-sik-altin-yuzuk","19":"product_tag-statement-ring","20":"product_tag-tasarim-altin-yuzuk","21":"pa_cinsiyet-kadin","23":"first","24":"instock","25":"shipping-taxable","26":"purchasable","27":"product-type-simple"},"_links":{"self":[{"href":"https:\/\/www.gasia.com.tr\/en\/wp-json\/wp\/v2\/product\/38464","targetHints":{"allow":["GET"]}}],"collection":[{"href":"https:\/\/www.gasia.com.tr\/en\/wp-json\/wp\/v2\/product"}],"about":[{"href":"https:\/\/www.gasia.com.tr\/en\/wp-json\/wp\/v2\/types\/product"}],"replies":[{"embeddable":true,"href":"https:\/\/www.gasia.com.tr\/en\/wp-json\/wp\/v2\/comments?post=38464"}],"version-history":[{"count":3,"href":"https:\/\/www.gasia.com.tr\/en\/wp-json\/wp\/v2\/product\/38464\/revisions"}],"predecessor-version":[{"id":42117,"href":"https:\/\/www.gasia.com.tr\/en\/wp-json\/wp\/v2\/product\/38464\/revisions\/42117"}],"wp:featuredmedia":[{"embeddable":true,"href":"https:\/\/www.gasia.com.tr\/en\/wp-json\/wp\/v2\/media\/39672"}],"wp:attachment":[{"href":"https:\/\/www.gasia.com.tr\/en\/wp-json\/wp\/v2\/media?parent=38464"}],"wp:term":[{"taxonomy":"product_brand","embeddable":true,"href":"https:\/\/www.gasia.com.tr\/en\/wp-json\/wp\/v2\/product_brand?post=38464"},{"taxonomy":"product_cat","embeddable":true,"href":"https:\/\/www.gasia.com.tr\/en\/wp-json\/wp\/v2\/product_cat?post=38464"},{"taxonomy":"product_tag","embeddable":true,"href":"https:\/\/www.gasia.com.tr\/en\/wp-json\/wp\/v2\/product_tag?post=38464"}],"curies":[{"name":"wp","href":"https:\/\/api.w.org\/{rel}","templated":true}]}}