{"id":38466,"date":"2026-02-27T00:00:00","date_gmt":"2026-02-26T21:00:00","guid":{"rendered":"https:\/\/www.gasia.com.tr\/?post_type=product&#038;p=38466"},"modified":"2026-04-20T22:29:08","modified_gmt":"2026-04-20T19:29:08","slug":"zumrut-ve-pirlanta-damla-detayli-altin-kolye","status":"publish","type":"product","link":"https:\/\/www.gasia.com.tr\/en\/collections\/zumrut-ve-pirlanta-damla-detayli-altin-kolye\/","title":{"rendered":"Z\u00fcmr\u00fct ve P\u0131rlanta Damla Detayl\u0131 Alt\u0131n Kolye"},"content":{"rendered":"<p>Zarif ve hareketli tasar\u0131m\u0131yla \u00f6ne \u00e7\u0131kan bu alt\u0131n kolye, damla kesim z\u00fcmr\u00fct ta\u015flar ve p\u0131rlanta detaylar\u0131n\u0131n uyumuyla g\u00f6z al\u0131c\u0131 bir \u0131\u015f\u0131lt\u0131 sunar. Alt\u0131n boncuk zincir \u00fczerine s\u0131ralanan ta\u015f detaylar\u0131 kolyeye modern ve \u015f\u0131k bir g\u00f6r\u00fcn\u00fcm kazand\u0131r\u0131r. \u00d6zel davetlerde ve \u015f\u0131k kombinlerde zarafetinizi tamamlayan dikkat \u00e7ekici bir m\u00fccevherdir.<\/p>","protected":false},"excerpt":{"rendered":"<ul>\n<li>14 Ayar Alt\u0131n<\/li>\n<li>0.55 ct 14 adet P\u0131rlanta<\/li>\n<li>2.01 ct 15 Adet Damla Z\u00fcmr\u00fct<\/li>\n<li>42 cm uzunluk<\/li>\n<\/ul>","protected":false},"featured_media":39675,"comment_status":"open","ping_status":"closed","template":"","meta":[],"product_brand":[],"product_cat":[75],"product_tag":[1404,1403,633,1409,1408,1180,1411,1407,1181,1410,1405,1406,1401,1402],"class_list":{"0":"post-38466","1":"product","2":"type-product","3":"status-publish","4":"has-post-thumbnail","6":"product_cat-kolye","7":"product_tag-altin-zumrut-kolye","8":"product_tag-damla-zumrut-kolye","9":"product_tag-designer-necklace","10":"product_tag-emerald-diamond-necklace","11":"product_tag-emerald-necklace","12":"product_tag-fine-jewelry-necklace","13":"product_tag-gold-emerald-necklace","14":"product_tag-luks-altin-kolye","15":"product_tag-luxury-diamond-necklace","16":"product_tag-pear-emerald-necklace","17":"product_tag-pirlantali-kolye","18":"product_tag-tasarim-kadin-kolye","19":"product_tag-zumrut-kolye","20":"product_tag-zumrut-pirlanta-kolye","21":"pa_cinsiyet-kadin","23":"first","24":"instock","25":"shipping-taxable","26":"product-type-simple"},"_links":{"self":[{"href":"https:\/\/www.gasia.com.tr\/en\/wp-json\/wp\/v2\/product\/38466","targetHints":{"allow":["GET"]}}],"collection":[{"href":"https:\/\/www.gasia.com.tr\/en\/wp-json\/wp\/v2\/product"}],"about":[{"href":"https:\/\/www.gasia.com.tr\/en\/wp-json\/wp\/v2\/types\/product"}],"replies":[{"embeddable":true,"href":"https:\/\/www.gasia.com.tr\/en\/wp-json\/wp\/v2\/comments?post=38466"}],"version-history":[{"count":2,"href":"https:\/\/www.gasia.com.tr\/en\/wp-json\/wp\/v2\/product\/38466\/revisions"}],"predecessor-version":[{"id":39677,"href":"https:\/\/www.gasia.com.tr\/en\/wp-json\/wp\/v2\/product\/38466\/revisions\/39677"}],"wp:featuredmedia":[{"embeddable":true,"href":"https:\/\/www.gasia.com.tr\/en\/wp-json\/wp\/v2\/media\/39675"}],"wp:attachment":[{"href":"https:\/\/www.gasia.com.tr\/en\/wp-json\/wp\/v2\/media?parent=38466"}],"wp:term":[{"taxonomy":"product_brand","embeddable":true,"href":"https:\/\/www.gasia.com.tr\/en\/wp-json\/wp\/v2\/product_brand?post=38466"},{"taxonomy":"product_cat","embeddable":true,"href":"https:\/\/www.gasia.com.tr\/en\/wp-json\/wp\/v2\/product_cat?post=38466"},{"taxonomy":"product_tag","embeddable":true,"href":"https:\/\/www.gasia.com.tr\/en\/wp-json\/wp\/v2\/product_tag?post=38466"}],"curies":[{"name":"wp","href":"https:\/\/api.w.org\/{rel}","templated":true}]}}