{"id":38474,"date":"2026-01-31T00:00:00","date_gmt":"2026-01-30T21:00:00","guid":{"rendered":"https:\/\/www.gasia.com.tr\/?post_type=product&#038;p=38474"},"modified":"2026-03-21T19:46:32","modified_gmt":"2026-03-21T16:46:32","slug":"kakadu-papagan-kolye","status":"publish","type":"product","link":"https:\/\/www.gasia.com.tr\/en\/collections\/kakadu-papagan-kolye\/","title":{"rendered":"Kakadu Papa\u011fan Kolye"},"content":{"rendered":"<p>Do\u011fadan ilham alan bu \u00f6zel tasar\u0131m kolye, p\u0131rlanta ta\u015flarla s\u00fcslenmi\u015f papa\u011fan fig\u00fcr\u00fcyle dikkat \u00e7eker. Siyah rodaj detaylar\u0131 ve alt\u0131n vurgular tasar\u0131ma derinlik ve karakter kazand\u0131r\u0131rken, g\u00f6z k\u0131sm\u0131ndaki renkli ta\u015f detay\u0131 kolyeye canl\u0131 bir dokunu\u015f ekler. \u00d6zg\u00fcn ve sanatsal m\u00fccevher tasar\u0131mlar\u0131n\u0131 sevenler i\u00e7in etkileyici bir par\u00e7ad\u0131r.<\/p>","protected":false},"excerpt":{"rendered":"<ul>\n<li>18 Ayar Alt\u0131n<\/li>\n<li>925 Ayar Okside G\u00fcm\u00fc\u015f<\/li>\n<li>0.01 ct 1 adet Mavi P\u0131rlanta<\/li>\n<li>0.45 ct 65 Adet P\u0131rlanta<\/li>\n<li>42 cm uzunlu\u011funda zincir<\/li>\n<\/ul>","protected":false},"featured_media":39680,"comment_status":"open","ping_status":"closed","template":"","meta":[],"product_brand":[],"product_cat":[75],"product_tag":[1423,1422,1416,1180,480,1419,1407,1181,1420,1421,276,1418,489,1334],"class_list":{"0":"post-38474","1":"product","2":"type-product","3":"status-publish","4":"has-post-thumbnail","6":"product_cat-kolye","7":"product_tag-animal-motif-jewelry","8":"product_tag-bird-diamond-necklace","9":"product_tag-designer-gold-necklace","10":"product_tag-fine-jewelry-necklace","11":"product_tag-hayvan-figurlu-kolye","12":"product_tag-kadin-tasarim-kolye","13":"product_tag-luks-altin-kolye","14":"product_tag-luxury-diamond-necklace","15":"product_tag-ozgun-taki","16":"product_tag-parrot-diamond-necklace","17":"product_tag-pirlanta-kolye","18":"product_tag-pirlantali-papagan-kolye","19":"product_tag-statement-necklace","20":"product_tag-tasarim-altin-kolye","21":"pa_cinsiyet-kadin","23":"first","24":"instock","25":"shipping-taxable","26":"purchasable","27":"product-type-simple"},"_links":{"self":[{"href":"https:\/\/www.gasia.com.tr\/en\/wp-json\/wp\/v2\/product\/38474","targetHints":{"allow":["GET"]}}],"collection":[{"href":"https:\/\/www.gasia.com.tr\/en\/wp-json\/wp\/v2\/product"}],"about":[{"href":"https:\/\/www.gasia.com.tr\/en\/wp-json\/wp\/v2\/types\/product"}],"replies":[{"embeddable":true,"href":"https:\/\/www.gasia.com.tr\/en\/wp-json\/wp\/v2\/comments?post=38474"}],"version-history":[{"count":2,"href":"https:\/\/www.gasia.com.tr\/en\/wp-json\/wp\/v2\/product\/38474\/revisions"}],"predecessor-version":[{"id":39682,"href":"https:\/\/www.gasia.com.tr\/en\/wp-json\/wp\/v2\/product\/38474\/revisions\/39682"}],"wp:featuredmedia":[{"embeddable":true,"href":"https:\/\/www.gasia.com.tr\/en\/wp-json\/wp\/v2\/media\/39680"}],"wp:attachment":[{"href":"https:\/\/www.gasia.com.tr\/en\/wp-json\/wp\/v2\/media?parent=38474"}],"wp:term":[{"taxonomy":"product_brand","embeddable":true,"href":"https:\/\/www.gasia.com.tr\/en\/wp-json\/wp\/v2\/product_brand?post=38474"},{"taxonomy":"product_cat","embeddable":true,"href":"https:\/\/www.gasia.com.tr\/en\/wp-json\/wp\/v2\/product_cat?post=38474"},{"taxonomy":"product_tag","embeddable":true,"href":"https:\/\/www.gasia.com.tr\/en\/wp-json\/wp\/v2\/product_tag?post=38474"}],"curies":[{"name":"wp","href":"https:\/\/api.w.org\/{rel}","templated":true}]}}