{"id":38483,"date":"2026-02-05T00:00:00","date_gmt":"2026-02-04T21:00:00","guid":{"rendered":"https:\/\/www.gasia.com.tr\/?post_type=product&#038;p=38483"},"modified":"2026-03-14T16:53:56","modified_gmt":"2026-03-14T13:53:56","slug":"kemik-fil-kolye","status":"publish","type":"product","link":"https:\/\/www.gasia.com.tr\/en\/collections\/kemik-fil-kolye\/","title":{"rendered":"Kemik Fil Kolye"},"content":{"rendered":"<p>\u015eans, g\u00fc\u00e7 ve bilgeli\u011fin sembol\u00fc olan fil fig\u00fcr\u00fcnden ilham alan bu \u00f6zel tasar\u0131m kolye, sanatsal detaylar\u0131yla dikkat \u00e7eker. Fil formu \u00fczerinde yer alan p\u0131rlanta s\u00fcslemeli z\u0131rh detay\u0131 ve damla kesim merkez ta\u015f, tasar\u0131ma zarif bir \u0131\u015f\u0131lt\u0131 kazand\u0131r\u0131r. \u00d6zg\u00fcn karakteri ve anlaml\u0131 sembolizmiyle koleksiyonluk bir m\u00fccevher par\u00e7as\u0131d\u0131r.<\/p>","protected":false},"excerpt":{"rendered":"<ul>\n<li>18 Ayar Alt\u0131n<\/li>\n<li>0.44 ct 2 adet kahverengi damla kesim P\u0131rlanta<\/li>\n<li>0.55 ct 63 adet Gri P\u0131rlanta<\/li>\n<\/ul>","protected":false},"featured_media":39706,"comment_status":"open","ping_status":"closed","template":"","meta":[],"product_brand":[],"product_cat":[75],"product_tag":[1447,1416,1466,1445,1465,1441,1167,1467,483,1442,284,1463,1464,1468],"class_list":{"0":"post-38483","1":"product","2":"type-product","3":"status-publish","4":"has-post-thumbnail","6":"product_cat-kolye","7":"product_tag-animal-motif-necklace","8":"product_tag-designer-gold-necklace","9":"product_tag-diamond-elephant-pendant","10":"product_tag-elephant-necklace","11":"product_tag-fil-figurlu-kolye","12":"product_tag-fil-kolye","13":"product_tag-kadin-altin-kolye","14":"product_tag-luxury-pendant-necklace","15":"product_tag-ozel-tasarim-kolye","16":"product_tag-pirlantali-fil-kolye","17":"product_tag-sans-kolyesi","18":"product_tag-symbolic-jewelry-necklace","19":"product_tag-tasarim-hayvan-figurlu-kolye","20":"product_tag-unique-jewelry-pendant","21":"pa_cinsiyet-kadin","23":"first","24":"instock","25":"shipping-taxable","26":"purchasable","27":"product-type-simple"},"_links":{"self":[{"href":"https:\/\/www.gasia.com.tr\/en\/wp-json\/wp\/v2\/product\/38483","targetHints":{"allow":["GET"]}}],"collection":[{"href":"https:\/\/www.gasia.com.tr\/en\/wp-json\/wp\/v2\/product"}],"about":[{"href":"https:\/\/www.gasia.com.tr\/en\/wp-json\/wp\/v2\/types\/product"}],"replies":[{"embeddable":true,"href":"https:\/\/www.gasia.com.tr\/en\/wp-json\/wp\/v2\/comments?post=38483"}],"version-history":[{"count":2,"href":"https:\/\/www.gasia.com.tr\/en\/wp-json\/wp\/v2\/product\/38483\/revisions"}],"predecessor-version":[{"id":39710,"href":"https:\/\/www.gasia.com.tr\/en\/wp-json\/wp\/v2\/product\/38483\/revisions\/39710"}],"wp:featuredmedia":[{"embeddable":true,"href":"https:\/\/www.gasia.com.tr\/en\/wp-json\/wp\/v2\/media\/39706"}],"wp:attachment":[{"href":"https:\/\/www.gasia.com.tr\/en\/wp-json\/wp\/v2\/media?parent=38483"}],"wp:term":[{"taxonomy":"product_brand","embeddable":true,"href":"https:\/\/www.gasia.com.tr\/en\/wp-json\/wp\/v2\/product_brand?post=38483"},{"taxonomy":"product_cat","embeddable":true,"href":"https:\/\/www.gasia.com.tr\/en\/wp-json\/wp\/v2\/product_cat?post=38483"},{"taxonomy":"product_tag","embeddable":true,"href":"https:\/\/www.gasia.com.tr\/en\/wp-json\/wp\/v2\/product_tag?post=38483"}],"curies":[{"name":"wp","href":"https:\/\/api.w.org\/{rel}","templated":true}]}}