{"id":38493,"date":"2026-01-20T00:00:00","date_gmt":"2026-01-19T21:00:00","guid":{"rendered":"https:\/\/www.gasia.com.tr\/?post_type=product&#038;p=38493"},"modified":"2026-03-27T09:07:50","modified_gmt":"2026-03-27T06:07:50","slug":"ay-kolye-3","status":"publish","type":"product","link":"https:\/\/www.gasia.com.tr\/en\/collections\/ay-kolye-3\/","title":{"rendered":"Damla Sar\u0131 P\u0131rlantal\u0131 Hilal Tasar\u0131m G\u00fcm\u00fc\u015f Kolye"},"content":{"rendered":"<p>Okside g\u00fcm\u00fc\u015ften tasarlanan hilal form kolye, merkezinde yer alan damla kesim sar\u0131 p\u0131rlanta detay\u0131yla dikkat \u00e7ekiyor. El i\u015f\u00e7ili\u011fi dokusu ve g\u00fc\u00e7l\u00fc tasar\u0131m \u00e7izgisiyle modern ve karakteristik bir stil sunan \u00f6zel bir m\u00fccevherdir.<\/p>","protected":false},"excerpt":{"rendered":"<ul>\n<li>18 Ayar Alt\u0131n<\/li>\n<li>925 Ayar Okside G\u00fcm\u00fc\u015f<\/li>\n<li>0.14 ct Damla kesim sar\u0131 P\u0131rlanta<\/li>\n<li>0.11 ct gri P\u0131rlanta<\/li>\n<li>55 cm Zincir uzunlu\u011fu<\/li>\n<\/ul>","protected":false},"featured_media":39643,"comment_status":"open","ping_status":"closed","template":"","meta":[],"product_brand":[],"product_cat":[207,75],"product_tag":[1375,1372,1373,1364,1374,1367,1362,1376,1369,1368,1365,490,1371,1363,1366,1370],"class_list":{"0":"post-38493","1":"product","2":"type-product","3":"status-publish","4":"has-post-thumbnail","6":"product_cat-ay-koleksiyonu","7":"product_cat-kolye","8":"product_tag-artisan-jewelry-necklace","9":"product_tag-crescent-moon-necklace","10":"product_tag-crescent-pendant-necklace","11":"product_tag-damla-pirlanta-kolye","12":"product_tag-designer-silver-necklace","13":"product_tag-el-isciligi-kolye","14":"product_tag-hilal-kolye","15":"product_tag-luxury-diamond-pendant","16":"product_tag-mistik-kolye","17":"product_tag-modern-gumus-kolye","18":"product_tag-okside-gumus-kolye","19":"product_tag-oxidized-silver-necklace","20":"product_tag-pear-yellow-diamond-necklace","21":"product_tag-sari-pirlanta-kolye","22":"product_tag-tasarim-gumus-kolye","23":"product_tag-yellow-diamond-necklace","24":"pa_cinsiyet-erkek","25":"pa_cinsiyet-kadin","27":"first","28":"instock","29":"sale","30":"shipping-taxable","31":"purchasable","32":"product-type-simple"},"_links":{"self":[{"href":"https:\/\/www.gasia.com.tr\/en\/wp-json\/wp\/v2\/product\/38493","targetHints":{"allow":["GET"]}}],"collection":[{"href":"https:\/\/www.gasia.com.tr\/en\/wp-json\/wp\/v2\/product"}],"about":[{"href":"https:\/\/www.gasia.com.tr\/en\/wp-json\/wp\/v2\/types\/product"}],"replies":[{"embeddable":true,"href":"https:\/\/www.gasia.com.tr\/en\/wp-json\/wp\/v2\/comments?post=38493"}],"version-history":[{"count":2,"href":"https:\/\/www.gasia.com.tr\/en\/wp-json\/wp\/v2\/product\/38493\/revisions"}],"predecessor-version":[{"id":39645,"href":"https:\/\/www.gasia.com.tr\/en\/wp-json\/wp\/v2\/product\/38493\/revisions\/39645"}],"wp:featuredmedia":[{"embeddable":true,"href":"https:\/\/www.gasia.com.tr\/en\/wp-json\/wp\/v2\/media\/39643"}],"wp:attachment":[{"href":"https:\/\/www.gasia.com.tr\/en\/wp-json\/wp\/v2\/media?parent=38493"}],"wp:term":[{"taxonomy":"product_brand","embeddable":true,"href":"https:\/\/www.gasia.com.tr\/en\/wp-json\/wp\/v2\/product_brand?post=38493"},{"taxonomy":"product_cat","embeddable":true,"href":"https:\/\/www.gasia.com.tr\/en\/wp-json\/wp\/v2\/product_cat?post=38493"},{"taxonomy":"product_tag","embeddable":true,"href":"https:\/\/www.gasia.com.tr\/en\/wp-json\/wp\/v2\/product_tag?post=38493"}],"curies":[{"name":"wp","href":"https:\/\/api.w.org\/{rel}","templated":true}]}}