{"id":38507,"date":"2026-01-01T00:00:00","date_gmt":"2025-12-31T21:00:00","guid":{"rendered":"https:\/\/www.gasia.com.tr\/?post_type=product&#038;p=38507"},"modified":"2026-04-11T15:15:07","modified_gmt":"2026-04-11T12:15:07","slug":"baget-kesim-zumrut-tasli-minimal-altin-yuzuk","status":"publish","type":"product","link":"https:\/\/www.gasia.com.tr\/en\/collections\/baget-kesim-zumrut-tasli-minimal-altin-yuzuk\/","title":{"rendered":"Baget Kesim Z\u00fcmr\u00fct Ta\u015fl\u0131 Minimal Alt\u0131n Y\u00fcz\u00fck"},"content":{"rendered":"<p data-start=\"94\" data-end=\"347\">Minimal tasar\u0131m\u0131n zarif bir yorumu olan bu y\u00fcz\u00fck, merkezde yer alan baget kesim z\u00fcmr\u00fct ta\u015f\u0131 ile g\u00fc\u00e7l\u00fc\u00a0 bir duru\u015f sergiler. Canl\u0131 ye\u015fil tonu ile dikkat \u00e7eken z\u00fcmr\u00fct, alt\u0131n\u0131n s\u0131cak \u0131\u015f\u0131lt\u0131s\u0131yla birle\u015ferek zamans\u0131z bir \u015f\u0131kl\u0131k yarat\u0131r.<\/p>\n<p data-start=\"349\" data-end=\"597\">\u0130nce ve \u00e7ift bantl\u0131 formu, tasar\u0131ma modern bir dokunu\u015f katarken hafif yap\u0131s\u0131 sayesinde g\u00fcn boyu konforlu kullan\u0131m sunar. Hem tek ba\u015f\u0131na sade bir stil ifadesi olu\u015fturur hem de di\u011fer y\u00fcz\u00fcklerle kombinlenerek \u00e7a\u011fda\u015f bir g\u00f6r\u00fcn\u00fcm elde etmenizi sa\u011flar.<\/p>\n<p>&nbsp;<\/p>\n<p>&nbsp;<\/p>\n<p>&nbsp;<\/p>","protected":false},"excerpt":{"rendered":"<ul>\n<li>0.43 ct Z\u00fcmr\u00fct<\/li>\n<li>14 Ayar Alt\u0131n<\/li>\n<\/ul>","protected":false},"featured_media":39034,"comment_status":"open","ping_status":"closed","template":"","meta":[],"product_brand":[],"product_cat":[76],"product_tag":[289,516,524,522,527,528,523,526,451,529,520,525,518,521,340,519,517],"class_list":{"0":"post-38507","1":"product","2":"type-product","3":"status-publish","4":"has-post-thumbnail","6":"product_cat-yuzuk-modelleri","7":"product_tag-altin-yuzuk","8":"product_tag-baget-tasli-yuzuk","9":"product_tag-baguette-cut-ring","10":"product_tag-baguette-ring","11":"product_tag-delicate-ring","12":"product_tag-elegant-ring","13":"product_tag-emerald-gemstone-ring","14":"product_tag-emerald-ring","15":"product_tag-fine-jewelry-ring","16":"product_tag-gold-stacking-ring","17":"product_tag-kadin-yuzuk","18":"product_tag-minimal-gold-ring","19":"product_tag-minimal-yuzuk","20":"product_tag-modern-yuzuk","21":"product_tag-tasarim-yuzuk","22":"product_tag-zarif-yuzuk","23":"product_tag-zumrut-tasli-yuzuk","24":"pa_cinsiyet-kadin","26":"first","27":"instock","28":"sale","29":"shipping-taxable","30":"purchasable","31":"product-type-simple"},"_links":{"self":[{"href":"https:\/\/www.gasia.com.tr\/en\/wp-json\/wp\/v2\/product\/38507","targetHints":{"allow":["GET"]}}],"collection":[{"href":"https:\/\/www.gasia.com.tr\/en\/wp-json\/wp\/v2\/product"}],"about":[{"href":"https:\/\/www.gasia.com.tr\/en\/wp-json\/wp\/v2\/types\/product"}],"replies":[{"embeddable":true,"href":"https:\/\/www.gasia.com.tr\/en\/wp-json\/wp\/v2\/comments?post=38507"}],"version-history":[{"count":3,"href":"https:\/\/www.gasia.com.tr\/en\/wp-json\/wp\/v2\/product\/38507\/revisions"}],"predecessor-version":[{"id":39033,"href":"https:\/\/www.gasia.com.tr\/en\/wp-json\/wp\/v2\/product\/38507\/revisions\/39033"}],"wp:featuredmedia":[{"embeddable":true,"href":"https:\/\/www.gasia.com.tr\/en\/wp-json\/wp\/v2\/media\/39034"}],"wp:attachment":[{"href":"https:\/\/www.gasia.com.tr\/en\/wp-json\/wp\/v2\/media?parent=38507"}],"wp:term":[{"taxonomy":"product_brand","embeddable":true,"href":"https:\/\/www.gasia.com.tr\/en\/wp-json\/wp\/v2\/product_brand?post=38507"},{"taxonomy":"product_cat","embeddable":true,"href":"https:\/\/www.gasia.com.tr\/en\/wp-json\/wp\/v2\/product_cat?post=38507"},{"taxonomy":"product_tag","embeddable":true,"href":"https:\/\/www.gasia.com.tr\/en\/wp-json\/wp\/v2\/product_tag?post=38507"}],"curies":[{"name":"wp","href":"https:\/\/api.w.org\/{rel}","templated":true}]}}