{"id":38512,"date":"2026-01-01T00:00:00","date_gmt":"2025-12-31T21:00:00","guid":{"rendered":"https:\/\/www.gasia.com.tr\/?post_type=product&#038;p=38512"},"modified":"2026-04-11T16:25:16","modified_gmt":"2026-04-11T13:25:16","slug":"baget-tas-detayli-minimal-altin-yuzuk","status":"publish","type":"product","link":"https:\/\/www.gasia.com.tr\/en\/collections\/baget-tas-detayli-minimal-altin-yuzuk\/","title":{"rendered":"Baget Ta\u015f Detayl\u0131 Minimal  Alt\u0131n Y\u00fcz\u00fck"},"content":{"rendered":"<p data-start=\"124\" data-end=\"353\">Sade tasar\u0131m\u0131n g\u00fc\u00e7l\u00fc etkisini yans\u0131tan baget ta\u015f detayl\u0131 minimal\u00a0 alt\u0131n y\u00fcz\u00fck, zarif ve modern bir g\u00f6r\u00fcn\u00fcm sunar. \u0130nce formu ve dikkat \u00e7ekici baget kesim ta\u015f\u0131 ile hem g\u00fcnl\u00fck kullan\u0131mda hem de \u00f6zel anlarda stilinizi tamamlar.<\/p>\n<p data-start=\"355\" data-end=\"589\">Minimal \u00e7izgilerle tasarlanan bu y\u00fcz\u00fck, alt\u0131n\u0131n parlakl\u0131\u011f\u0131yla birle\u015ferek temiz ve \u015f\u0131k bir duru\u015f olu\u015fturur. Baget kesim ta\u015f\u0131n net ve keskin hatlar\u0131, \u0131\u015f\u0131\u011f\u0131 etkileyici bir \u015fekilde yans\u0131tarak parmaklar\u0131n\u0131zda zarif bir \u0131\u015f\u0131lt\u0131 sa\u011flar.<\/p>\n<p>&nbsp;<\/p>","protected":false},"excerpt":{"rendered":"<ul>\n<li>0.17 ct Baget Kesim P\u0131rlanta<\/li>\n<li>14 Ayar Alt\u0131n<\/li>\n<\/ul>","protected":false},"featured_media":41864,"comment_status":"open","ping_status":"closed","template":"","meta":[],"product_brand":[],"product_cat":[247,76],"product_tag":[289,516,573,575,522,578,527,528,577,574,520,518,576,581,521,579,580,519],"class_list":{"0":"post-38512","1":"product","2":"type-product","3":"status-publish","4":"has-post-thumbnail","6":"product_cat-hediyelik","7":"product_cat-yuzuk-modelleri","8":"product_tag-altin-yuzuk","9":"product_tag-baget-tasli-yuzuk","10":"product_tag-baget-yuzuk","11":"product_tag-baguette-diamond-ring","12":"product_tag-baguette-ring","13":"product_tag-dainty-ring","14":"product_tag-delicate-ring","15":"product_tag-elegant-ring","16":"product_tag-gold-ring","17":"product_tag-ince-yuzuk","18":"product_tag-kadin-yuzuk","19":"product_tag-minimal-yuzuk","20":"product_tag-minimalist-ring","21":"product_tag-modern-ring","22":"product_tag-modern-yuzuk","23":"product_tag-stackable-ring","24":"product_tag-thin-band-ring","25":"product_tag-zarif-yuzuk","26":"pa_cinsiyet-kadin","28":"first","29":"instock","30":"sale","31":"shipping-taxable","32":"purchasable","33":"product-type-simple"},"_links":{"self":[{"href":"https:\/\/www.gasia.com.tr\/en\/wp-json\/wp\/v2\/product\/38512","targetHints":{"allow":["GET"]}}],"collection":[{"href":"https:\/\/www.gasia.com.tr\/en\/wp-json\/wp\/v2\/product"}],"about":[{"href":"https:\/\/www.gasia.com.tr\/en\/wp-json\/wp\/v2\/types\/product"}],"replies":[{"embeddable":true,"href":"https:\/\/www.gasia.com.tr\/en\/wp-json\/wp\/v2\/comments?post=38512"}],"version-history":[{"count":3,"href":"https:\/\/www.gasia.com.tr\/en\/wp-json\/wp\/v2\/product\/38512\/revisions"}],"predecessor-version":[{"id":41842,"href":"https:\/\/www.gasia.com.tr\/en\/wp-json\/wp\/v2\/product\/38512\/revisions\/41842"}],"wp:featuredmedia":[{"embeddable":true,"href":"https:\/\/www.gasia.com.tr\/en\/wp-json\/wp\/v2\/media\/41864"}],"wp:attachment":[{"href":"https:\/\/www.gasia.com.tr\/en\/wp-json\/wp\/v2\/media?parent=38512"}],"wp:term":[{"taxonomy":"product_brand","embeddable":true,"href":"https:\/\/www.gasia.com.tr\/en\/wp-json\/wp\/v2\/product_brand?post=38512"},{"taxonomy":"product_cat","embeddable":true,"href":"https:\/\/www.gasia.com.tr\/en\/wp-json\/wp\/v2\/product_cat?post=38512"},{"taxonomy":"product_tag","embeddable":true,"href":"https:\/\/www.gasia.com.tr\/en\/wp-json\/wp\/v2\/product_tag?post=38512"}],"curies":[{"name":"wp","href":"https:\/\/api.w.org\/{rel}","templated":true}]}}