{"id":38518,"date":"2026-02-05T00:00:00","date_gmt":"2026-02-04T21:00:00","guid":{"rendered":"https:\/\/www.gasia.com.tr\/?post_type=product&#038;p=38518"},"modified":"2026-04-16T10:47:10","modified_gmt":"2026-04-16T07:47:10","slug":"damla-kesim-pirlanta-tasli-modern-form-altin-yuzuk","status":"publish","type":"product","link":"https:\/\/www.gasia.com.tr\/en\/collections\/damla-kesim-pirlanta-tasli-modern-form-altin-yuzuk\/","title":{"rendered":"Damla kesim p\u0131rlanta ta\u015fl\u0131 modern form alt\u0131n y\u00fcz\u00fck"},"content":{"rendered":"<p data-start=\"66\" data-end=\"343\">Modern ve ak\u0131c\u0131 hatlara sahip bu y\u00fcz\u00fck, merkezinde yer alan damla kesim p\u0131rlanta ta\u015flar\u0131n zarif dizilimiyle dikkat \u00e7eker. Damla formundaki ta\u015flar bir araya gelerek \u00e7i\u00e7eksi bir kompozisyon olu\u015ftururken, tasar\u0131ma hem hareket hem de feminen bir zarafet katar.<\/p>\n<p data-start=\"345\" data-end=\"514\">Yanlara do\u011fru a\u00e7\u0131lan alt\u0131n y\u00fczeyler ve ince p\u0131rlanta detaylar, y\u00fcz\u00fc\u011fe heykelsi bir g\u00f6r\u00fcn\u00fcm kazand\u0131r\u0131rken \u0131\u015f\u0131\u011f\u0131 g\u00fc\u00e7l\u00fc bir \u015fekilde yans\u0131tarak g\u00f6z al\u0131c\u0131 bir \u0131\u015f\u0131lt\u0131 sunar.<\/p>\n<p data-start=\"516\" data-end=\"646\">G\u00fcnl\u00fck \u015f\u0131kl\u0131\u011fa modern bir dokunu\u015f katmak ya da \u00f6zel anlarda fark yaratmak isteyenler i\u00e7in zarif ve dikkat \u00e7ekici bir tasar\u0131md\u0131r.<\/p>","protected":false},"excerpt":{"rendered":"<ul>\n<li>18 Ayar Alt\u0131n<\/li>\n<li>0,11 ct\u00a0 P\u0131rlanta<\/li>\n<li>1,18 ct Damla Kesim P\u0131rlanta<\/li>\n<\/ul>","protected":false},"featured_media":42321,"comment_status":"open","ping_status":"closed","template":"","meta":[],"product_brand":[77],"product_cat":[76],"product_tag":[289,3283,565,654,577,520,521,3471,335,2688,340],"class_list":{"0":"post-38518","1":"product","2":"type-product","3":"status-publish","4":"has-post-thumbnail","6":"product_brand-gasia","7":"product_cat-yuzuk-modelleri","8":"product_tag-altin-yuzuk","9":"product_tag-damla-yuzuk","10":"product_tag-designer-ring","11":"product_tag-diamond-ring","12":"product_tag-gold-ring","13":"product_tag-kadin-yuzuk","14":"product_tag-modern-yuzuk","15":"product_tag-pear-shape-ring","16":"product_tag-pirlanta-yuzuk","17":"product_tag-statement-jewelry","18":"product_tag-tasarim-yuzuk","19":"pa_cinsiyet-kadin","21":"first","22":"instock","23":"shipping-taxable","24":"purchasable","25":"product-type-simple"},"_links":{"self":[{"href":"https:\/\/www.gasia.com.tr\/en\/wp-json\/wp\/v2\/product\/38518","targetHints":{"allow":["GET"]}}],"collection":[{"href":"https:\/\/www.gasia.com.tr\/en\/wp-json\/wp\/v2\/product"}],"about":[{"href":"https:\/\/www.gasia.com.tr\/en\/wp-json\/wp\/v2\/types\/product"}],"replies":[{"embeddable":true,"href":"https:\/\/www.gasia.com.tr\/en\/wp-json\/wp\/v2\/comments?post=38518"}],"version-history":[{"count":4,"href":"https:\/\/www.gasia.com.tr\/en\/wp-json\/wp\/v2\/product\/38518\/revisions"}],"predecessor-version":[{"id":42322,"href":"https:\/\/www.gasia.com.tr\/en\/wp-json\/wp\/v2\/product\/38518\/revisions\/42322"}],"wp:featuredmedia":[{"embeddable":true,"href":"https:\/\/www.gasia.com.tr\/en\/wp-json\/wp\/v2\/media\/42321"}],"wp:attachment":[{"href":"https:\/\/www.gasia.com.tr\/en\/wp-json\/wp\/v2\/media?parent=38518"}],"wp:term":[{"taxonomy":"product_brand","embeddable":true,"href":"https:\/\/www.gasia.com.tr\/en\/wp-json\/wp\/v2\/product_brand?post=38518"},{"taxonomy":"product_cat","embeddable":true,"href":"https:\/\/www.gasia.com.tr\/en\/wp-json\/wp\/v2\/product_cat?post=38518"},{"taxonomy":"product_tag","embeddable":true,"href":"https:\/\/www.gasia.com.tr\/en\/wp-json\/wp\/v2\/product_tag?post=38518"}],"curies":[{"name":"wp","href":"https:\/\/api.w.org\/{rel}","templated":true}]}}