{"id":38532,"date":"2026-02-11T00:00:00","date_gmt":"2026-02-10T21:00:00","guid":{"rendered":"https:\/\/www.gasia.com.tr\/?post_type=product&#038;p=38532"},"modified":"2026-03-27T09:00:47","modified_gmt":"2026-03-27T06:00:47","slug":"ok-kolye-2","status":"publish","type":"product","link":"https:\/\/www.gasia.com.tr\/en\/collections\/ok-kolye-2\/","title":{"rendered":"P\u0131rlanta Detayl\u0131 Ok Tasar\u0131ml\u0131 oksitli Alt\u0131n-g\u00fcm\u00fc\u015f Kolye"},"content":{"rendered":"<p>Modern ve minimal tasar\u0131m\u0131yla dikkat \u00e7eken bu ok formundaki kolye, beyaz p\u0131rlanta detaylar\u0131yla zarif bir \u0131\u015f\u0131lt\u0131 sunar. Siyah rodajl\u0131 g\u00f6vde ile alt\u0131n zincirin kontrast\u0131 tasar\u0131ma g\u00fc\u00e7l\u00fc bir karakter kazand\u0131r\u0131rken, ok sembol\u00fc y\u00f6n, g\u00fc\u00e7 ve ilerlemeyi temsil eder. G\u00fcnl\u00fck stilinizi tamamlayan \u015f\u0131k ve \u00f6zg\u00fcn bir m\u00fccevherdir.<\/p>","protected":false},"excerpt":{"rendered":"<ul>\n<li>18 Ayar Alt\u0131n<\/li>\n<li>925 Ayar Okside G\u00fcm\u00fc\u015f<\/li>\n<li>0.15 ct P\u0131rlanta<\/li>\n<li>42 cm zinzir uzunlu\u011fu<\/li>\n<\/ul>","protected":false},"featured_media":38908,"comment_status":"open","ping_status":"closed","template":"","meta":[],"product_brand":[77],"product_cat":[247,75],"product_tag":[278,1450,297,296,1453,1448,1416,294,295,1455,279,1454,273,1177,277,1451,275,1449,276,1406,274,1452],"class_list":{"0":"post-38532","1":"product","2":"type-product","3":"status-publish","4":"has-post-thumbnail","6":"product_brand-gasia","7":"product_cat-hediyelik","8":"product_cat-kolye","9":"product_tag-altin-kolye","10":"product_tag-altin-ok-kolye","11":"product_tag-arrow-necklace","12":"product_tag-arrow-pendant","13":"product_tag-arrow-pendant-necklace","14":"product_tag-beyaz-pirlantali-kolye","15":"product_tag-designer-gold-necklace","16":"product_tag-diamond-necklace","17":"product_tag-diamond-pendant","18":"product_tag-fine-jewelry-necklac","19":"product_tag-kadin","20":"product_tag-luxury-jewelry-necklace","21":"product_tag-minimal-kolye","22":"product_tag-minimalist-diamond-necklace","23":"product_tag-modern-kolye","24":"product_tag-modern-kolye-modeli","25":"product_tag-ok-kolye","26":"product_tag-ok-tasarim-kolye","27":"product_tag-pirlanta-kolye","28":"product_tag-tasarim-kadin-kolye","29":"product_tag-tasarim-kolye","30":"product_tag-white-diamond-necklace","31":"pa_cinsiyet-kadin","33":"first","34":"instock","35":"sale","36":"shipping-taxable","37":"purchasable","38":"product-type-simple"},"_links":{"self":[{"href":"https:\/\/www.gasia.com.tr\/en\/wp-json\/wp\/v2\/product\/38532","targetHints":{"allow":["GET"]}}],"collection":[{"href":"https:\/\/www.gasia.com.tr\/en\/wp-json\/wp\/v2\/product"}],"about":[{"href":"https:\/\/www.gasia.com.tr\/en\/wp-json\/wp\/v2\/types\/product"}],"replies":[{"embeddable":true,"href":"https:\/\/www.gasia.com.tr\/en\/wp-json\/wp\/v2\/comments?post=38532"}],"version-history":[{"count":2,"href":"https:\/\/www.gasia.com.tr\/en\/wp-json\/wp\/v2\/product\/38532\/revisions"}],"predecessor-version":[{"id":39702,"href":"https:\/\/www.gasia.com.tr\/en\/wp-json\/wp\/v2\/product\/38532\/revisions\/39702"}],"wp:featuredmedia":[{"embeddable":true,"href":"https:\/\/www.gasia.com.tr\/en\/wp-json\/wp\/v2\/media\/38908"}],"wp:attachment":[{"href":"https:\/\/www.gasia.com.tr\/en\/wp-json\/wp\/v2\/media?parent=38532"}],"wp:term":[{"taxonomy":"product_brand","embeddable":true,"href":"https:\/\/www.gasia.com.tr\/en\/wp-json\/wp\/v2\/product_brand?post=38532"},{"taxonomy":"product_cat","embeddable":true,"href":"https:\/\/www.gasia.com.tr\/en\/wp-json\/wp\/v2\/product_cat?post=38532"},{"taxonomy":"product_tag","embeddable":true,"href":"https:\/\/www.gasia.com.tr\/en\/wp-json\/wp\/v2\/product_tag?post=38532"}],"curies":[{"name":"wp","href":"https:\/\/api.w.org\/{rel}","templated":true}]}}