{"id":38534,"date":"2026-01-31T00:00:00","date_gmt":"2026-01-30T21:00:00","guid":{"rendered":"https:\/\/www.gasia.com.tr\/?post_type=product&#038;p=38534"},"modified":"2026-03-21T19:47:36","modified_gmt":"2026-03-21T16:47:36","slug":"kirlangic-cennet-kusu-kolye","status":"publish","type":"product","link":"https:\/\/www.gasia.com.tr\/en\/collections\/kirlangic-cennet-kusu-kolye\/","title":{"rendered":"K\u0131rlang\u0131\u00e7 ( Cennet Ku\u015fu ) Kolye"},"content":{"rendered":"","protected":false},"excerpt":{"rendered":"","protected":false},"featured_media":38167,"comment_status":"open","ping_status":"closed","template":"","meta":[],"product_brand":[],"product_cat":[247,75],"product_tag":[],"class_list":{"0":"post-38534","1":"product","2":"type-product","3":"status-publish","4":"has-post-thumbnail","6":"product_cat-hediyelik","7":"product_cat-kolye","8":"pa_cinsiyet-kadin","10":"first","11":"instock","12":"shipping-taxable","13":"product-type-simple"},"_links":{"self":[{"href":"https:\/\/www.gasia.com.tr\/en\/wp-json\/wp\/v2\/product\/38534","targetHints":{"allow":["GET"]}}],"collection":[{"href":"https:\/\/www.gasia.com.tr\/en\/wp-json\/wp\/v2\/product"}],"about":[{"href":"https:\/\/www.gasia.com.tr\/en\/wp-json\/wp\/v2\/types\/product"}],"replies":[{"embeddable":true,"href":"https:\/\/www.gasia.com.tr\/en\/wp-json\/wp\/v2\/comments?post=38534"}],"version-history":[{"count":2,"href":"https:\/\/www.gasia.com.tr\/en\/wp-json\/wp\/v2\/product\/38534\/revisions"}],"predecessor-version":[{"id":38537,"href":"https:\/\/www.gasia.com.tr\/en\/wp-json\/wp\/v2\/product\/38534\/revisions\/38537"}],"wp:featuredmedia":[{"embeddable":true,"href":"https:\/\/www.gasia.com.tr\/en\/wp-json\/wp\/v2\/media\/38167"}],"wp:attachment":[{"href":"https:\/\/www.gasia.com.tr\/en\/wp-json\/wp\/v2\/media?parent=38534"}],"wp:term":[{"taxonomy":"product_brand","embeddable":true,"href":"https:\/\/www.gasia.com.tr\/en\/wp-json\/wp\/v2\/product_brand?post=38534"},{"taxonomy":"product_cat","embeddable":true,"href":"https:\/\/www.gasia.com.tr\/en\/wp-json\/wp\/v2\/product_cat?post=38534"},{"taxonomy":"product_tag","embeddable":true,"href":"https:\/\/www.gasia.com.tr\/en\/wp-json\/wp\/v2\/product_tag?post=38534"}],"curies":[{"name":"wp","href":"https:\/\/api.w.org\/{rel}","templated":true}]}}