{"id":38536,"date":"2026-01-29T00:00:00","date_gmt":"2026-01-28T21:00:00","guid":{"rendered":"https:\/\/www.gasia.com.tr\/?post_type=product&#038;p=38536"},"modified":"2026-03-31T16:58:44","modified_gmt":"2026-03-31T13:58:44","slug":"pirlanta-tasli-oval-form-altin-kolye","status":"publish","type":"product","link":"https:\/\/www.gasia.com.tr\/en\/collections\/pirlanta-tasli-oval-form-altin-kolye\/","title":{"rendered":"P\u0131rlanta Ta\u015fl\u0131 Oval Form Alt\u0131n Kolye"},"content":{"rendered":"<p data-start=\"97\" data-end=\"339\">Zarif oval formuyla \u00f6ne \u00e7\u0131kan bu kolye, ince i\u015f\u00e7ilikle yerle\u015ftirilmi\u015f p\u0131rlanta ta\u015flar\u0131yla \u0131\u015f\u0131lt\u0131l\u0131 bir g\u00f6r\u00fcn\u00fcm sunar. \u00c7evresini saran ta\u015f dizilimi ve belirli noktalarda yo\u011funla\u015fan p\u0131rlanta detaylar\u0131, tasar\u0131ma hareket ve derinlik kazand\u0131r\u0131r.<\/p>\n<p data-start=\"341\" data-end=\"562\">Alt\u0131n zincirle tamamlanan bu \u015f\u0131k par\u00e7a, hem g\u00fcnl\u00fck stilinize zarif bir dokunu\u015f ekler hem de \u00f6zel anlarda dikkat \u00e7ekici bir aksesuar olarak \u00f6ne \u00e7\u0131kar. Modern ve dengeli tasar\u0131m\u0131yla farkl\u0131 kombinlerle kolayca uyum sa\u011flar.<\/p>","protected":false},"excerpt":{"rendered":"<ul>\n<li>6.75 gr 18 ayar Alt\u0131n<\/li>\n<li>0.75 ct toplam P\u0131rlanta<\/li>\n<li>45 cm Zincir uzunlu\u011fu<\/li>\n<\/ul>","protected":false},"featured_media":41176,"comment_status":"open","ping_status":"closed","template":"","meta":[],"product_brand":[],"product_cat":[75],"product_tag":[278,2168,633,294,1637,1655,811,322,2167,473,1417,742,277,2836,2839,276,474,274,329,476],"class_list":{"0":"post-38536","1":"product","2":"type-product","3":"status-publish","4":"has-post-thumbnail","6":"product_cat-kolye","7":"product_tag-altin-kolye","8":"product_tag-delicate-necklace","9":"product_tag-designer-necklace","10":"product_tag-diamond-necklace","11":"product_tag-elegant-necklace","12":"product_tag-fine-jewelry","13":"product_tag-gemstone-necklace","14":"product_tag-gold-necklace","15":"product_tag-ince-kolye","16":"product_tag-kadin-kolye","17":"product_tag-luxury-necklace","18":"product_tag-modern-jewelry","19":"product_tag-modern-kolye","20":"product_tag-oval-kolye","21":"product_tag-oval-pendant","22":"product_tag-pirlanta-kolye","23":"product_tag-sik-kolye","24":"product_tag-tasarim-kolye","25":"product_tag-tasli-kolye","26":"product_tag-zarif-kolye","27":"pa_cinsiyet-kadin","29":"first","30":"instock","31":"sale","32":"shipping-taxable","33":"purchasable","34":"product-type-simple"},"_links":{"self":[{"href":"https:\/\/www.gasia.com.tr\/en\/wp-json\/wp\/v2\/product\/38536","targetHints":{"allow":["GET"]}}],"collection":[{"href":"https:\/\/www.gasia.com.tr\/en\/wp-json\/wp\/v2\/product"}],"about":[{"href":"https:\/\/www.gasia.com.tr\/en\/wp-json\/wp\/v2\/types\/product"}],"replies":[{"embeddable":true,"href":"https:\/\/www.gasia.com.tr\/en\/wp-json\/wp\/v2\/comments?post=38536"}],"version-history":[{"count":2,"href":"https:\/\/www.gasia.com.tr\/en\/wp-json\/wp\/v2\/product\/38536\/revisions"}],"predecessor-version":[{"id":41177,"href":"https:\/\/www.gasia.com.tr\/en\/wp-json\/wp\/v2\/product\/38536\/revisions\/41177"}],"wp:featuredmedia":[{"embeddable":true,"href":"https:\/\/www.gasia.com.tr\/en\/wp-json\/wp\/v2\/media\/41176"}],"wp:attachment":[{"href":"https:\/\/www.gasia.com.tr\/en\/wp-json\/wp\/v2\/media?parent=38536"}],"wp:term":[{"taxonomy":"product_brand","embeddable":true,"href":"https:\/\/www.gasia.com.tr\/en\/wp-json\/wp\/v2\/product_brand?post=38536"},{"taxonomy":"product_cat","embeddable":true,"href":"https:\/\/www.gasia.com.tr\/en\/wp-json\/wp\/v2\/product_cat?post=38536"},{"taxonomy":"product_tag","embeddable":true,"href":"https:\/\/www.gasia.com.tr\/en\/wp-json\/wp\/v2\/product_tag?post=38536"}],"curies":[{"name":"wp","href":"https:\/\/api.w.org\/{rel}","templated":true}]}}