{"id":38539,"date":"2026-01-02T00:00:00","date_gmt":"2026-01-01T21:00:00","guid":{"rendered":"https:\/\/www.gasia.com.tr\/?post_type=product&#038;p=38539"},"modified":"2026-03-30T23:12:02","modified_gmt":"2026-03-30T20:12:02","slug":"multicolor-pirlanta-tasli-kolye","status":"publish","type":"product","link":"https:\/\/www.gasia.com.tr\/en\/collections\/multicolor-pirlanta-tasli-kolye\/","title":{"rendered":"Multicolor P\u0131rlanta Ta\u015fl\u0131 Kolye"},"content":{"rendered":"","protected":false},"excerpt":{"rendered":"","protected":false},"featured_media":38161,"comment_status":"open","ping_status":"closed","template":"","meta":[],"product_brand":[],"product_cat":[247,75],"product_tag":[],"class_list":{"0":"post-38539","1":"product","2":"type-product","3":"status-publish","4":"has-post-thumbnail","6":"product_cat-hediyelik","7":"product_cat-kolye","8":"pa_cinsiyet-kadin","10":"first","11":"instock","12":"shipping-taxable","13":"product-type-simple"},"_links":{"self":[{"href":"https:\/\/www.gasia.com.tr\/en\/wp-json\/wp\/v2\/product\/38539","targetHints":{"allow":["GET"]}}],"collection":[{"href":"https:\/\/www.gasia.com.tr\/en\/wp-json\/wp\/v2\/product"}],"about":[{"href":"https:\/\/www.gasia.com.tr\/en\/wp-json\/wp\/v2\/types\/product"}],"replies":[{"embeddable":true,"href":"https:\/\/www.gasia.com.tr\/en\/wp-json\/wp\/v2\/comments?post=38539"}],"version-history":[{"count":1,"href":"https:\/\/www.gasia.com.tr\/en\/wp-json\/wp\/v2\/product\/38539\/revisions"}],"predecessor-version":[{"id":38540,"href":"https:\/\/www.gasia.com.tr\/en\/wp-json\/wp\/v2\/product\/38539\/revisions\/38540"}],"wp:featuredmedia":[{"embeddable":true,"href":"https:\/\/www.gasia.com.tr\/en\/wp-json\/wp\/v2\/media\/38161"}],"wp:attachment":[{"href":"https:\/\/www.gasia.com.tr\/en\/wp-json\/wp\/v2\/media?parent=38539"}],"wp:term":[{"taxonomy":"product_brand","embeddable":true,"href":"https:\/\/www.gasia.com.tr\/en\/wp-json\/wp\/v2\/product_brand?post=38539"},{"taxonomy":"product_cat","embeddable":true,"href":"https:\/\/www.gasia.com.tr\/en\/wp-json\/wp\/v2\/product_cat?post=38539"},{"taxonomy":"product_tag","embeddable":true,"href":"https:\/\/www.gasia.com.tr\/en\/wp-json\/wp\/v2\/product_tag?post=38539"}],"curies":[{"name":"wp","href":"https:\/\/api.w.org\/{rel}","templated":true}]}}