{"id":38545,"date":"2026-02-03T00:00:00","date_gmt":"2026-02-02T21:00:00","guid":{"rendered":"https:\/\/www.gasia.com.tr\/?post_type=product&#038;p=38545"},"modified":"2026-03-30T16:29:24","modified_gmt":"2026-03-30T13:29:24","slug":"kelebek-kupe","status":"publish","type":"product","link":"https:\/\/www.gasia.com.tr\/en\/collections\/kelebek-kupe\/","title":{"rendered":"P\u0131rlanta ta\u015fl\u0131, zarif kelebek formunda mini k\u00fcpe"},"content":{"rendered":"<ul>\n<li>14 ayar Alt\u0131n<\/li>\n<li>0.24 ct P\u0131rlanta<\/li>\n<li>Fiyat \u00c7ift k\u00fcpe i\u00e7indir<\/li>\n<\/ul>","protected":false},"excerpt":{"rendered":"<p>14 ayar Alt\u0131n 0.24 ct P\u0131rlanta Fiyat \u00c7ift k\u00fcpe i\u00e7indir<\/p>","protected":false},"featured_media":38157,"comment_status":"open","ping_status":"closed","template":"","meta":[],"product_brand":[],"product_cat":[74],"product_tag":[],"class_list":{"0":"post-38545","1":"product","2":"type-product","3":"status-publish","4":"has-post-thumbnail","6":"product_cat-kupe-modelleri","7":"pa_cinsiyet-kadin","9":"first","10":"instock","11":"shipping-taxable","12":"purchasable","13":"product-type-simple"},"_links":{"self":[{"href":"https:\/\/www.gasia.com.tr\/en\/wp-json\/wp\/v2\/product\/38545","targetHints":{"allow":["GET"]}}],"collection":[{"href":"https:\/\/www.gasia.com.tr\/en\/wp-json\/wp\/v2\/product"}],"about":[{"href":"https:\/\/www.gasia.com.tr\/en\/wp-json\/wp\/v2\/types\/product"}],"replies":[{"embeddable":true,"href":"https:\/\/www.gasia.com.tr\/en\/wp-json\/wp\/v2\/comments?post=38545"}],"version-history":[{"count":2,"href":"https:\/\/www.gasia.com.tr\/en\/wp-json\/wp\/v2\/product\/38545\/revisions"}],"predecessor-version":[{"id":38704,"href":"https:\/\/www.gasia.com.tr\/en\/wp-json\/wp\/v2\/product\/38545\/revisions\/38704"}],"wp:featuredmedia":[{"embeddable":true,"href":"https:\/\/www.gasia.com.tr\/en\/wp-json\/wp\/v2\/media\/38157"}],"wp:attachment":[{"href":"https:\/\/www.gasia.com.tr\/en\/wp-json\/wp\/v2\/media?parent=38545"}],"wp:term":[{"taxonomy":"product_brand","embeddable":true,"href":"https:\/\/www.gasia.com.tr\/en\/wp-json\/wp\/v2\/product_brand?post=38545"},{"taxonomy":"product_cat","embeddable":true,"href":"https:\/\/www.gasia.com.tr\/en\/wp-json\/wp\/v2\/product_cat?post=38545"},{"taxonomy":"product_tag","embeddable":true,"href":"https:\/\/www.gasia.com.tr\/en\/wp-json\/wp\/v2\/product_tag?post=38545"}],"curies":[{"name":"wp","href":"https:\/\/api.w.org\/{rel}","templated":true}]}}