{"id":38550,"date":"2026-02-28T00:00:00","date_gmt":"2026-02-27T21:00:00","guid":{"rendered":"https:\/\/www.gasia.com.tr\/?post_type=product&#038;p=38550"},"modified":"2026-03-29T11:59:09","modified_gmt":"2026-03-29T08:59:09","slug":"hayat-agaci-kolye-3","status":"publish","type":"product","link":"https:\/\/www.gasia.com.tr\/en\/collections\/hayat-agaci-kolye-3\/","title":{"rendered":"Hayat A\u011fac\u0131 Kolye"},"content":{"rendered":"<p data-start=\"124\" data-end=\"417\">G\u00fcc\u00fc, k\u00f6kleri ve yeniden do\u011fu\u015fu simgeleyen hayat a\u011fac\u0131 motifi, bu \u00f6zel kolyede modern bir yorumla hayat buluyor. Siyah detaylarla vurgulanan a\u011fa\u00e7 formu ve g\u00f6vdedeki ta\u015f s\u00fcslemeler, tasar\u0131ma derinlik ve karakter kazand\u0131r\u0131r. Alt\u0131n \u00e7er\u00e7eve ise par\u00e7aya s\u0131cak ve dikkat \u00e7ekici bir kontrast ekler.<\/p>\n<p data-start=\"419\" data-end=\"691\" data-is-last-node=\"\" data-is-only-node=\"\">Anlam y\u00fckl\u00fc sembolizmiyle \u00f6ne \u00e7\u0131kan bu kolye, hem g\u00fcnl\u00fck stiline farkl\u0131 bir dokunu\u015f katmak hem de \u00f6zel anlarda anlaml\u0131 bir aksesuar ta\u015f\u0131mak isteyenler i\u00e7in ideal bir se\u00e7imdir. Do\u011fadan ilham alan bu tasar\u0131m, g\u00fc\u00e7l\u00fc bir ifade sunarken stilini tamamlayan \u00f6zg\u00fcn bir par\u00e7a olur.<\/p>","protected":false},"excerpt":{"rendered":"<p>G\u00fcc\u00fc, k\u00f6kleri ve yeniden do\u011fu\u015fu simgeleyen hayat a\u011fac\u0131 motifi, bu \u00f6zel kolyede modern bir yorumla hayat buluyor. Siyah detaylarla vurgulanan<\/p>","protected":false},"featured_media":38155,"comment_status":"open","ping_status":"closed","template":"","meta":[],"product_brand":[2718],"product_cat":[75],"product_tag":[2895,278,1089,2893,2878,811,322,1456,2894,473,2897,2882,2143,1459,2728,329,2896,1460,2379],"class_list":{"0":"post-38550","1":"product","2":"type-product","3":"status-publish","4":"has-post-thumbnail","6":"product_brand-gasia-casuals","7":"product_cat-kolye","8":"product_tag-agac-kolye","9":"product_tag-altin-kolye","10":"product_tag-anlamli-kolye","11":"product_tag-artisan-necklace","12":"product_tag-doga-temali-taki","13":"product_tag-gemstone-necklace","14":"product_tag-gold-necklace","15":"product_tag-hayat-agaci-kolye","16":"product_tag-hayat-agaci-kolyesi","17":"product_tag-kadin-kolye","18":"product_tag-meaningful-jewelry","19":"product_tag-nature-inspired-jewelry","20":"product_tag-ozgun-kolye","21":"product_tag-sembolik-kolye","22":"product_tag-symbolic-necklace","23":"product_tag-tasli-kolye","24":"product_tag-tree-necklace","25":"product_tag-tree-of-life-necklace","26":"product_tag-unique-jewelry","27":"pa_cinsiyet-kadin","29":"first","30":"instock","31":"shipping-taxable","32":"purchasable","33":"product-type-simple"},"_links":{"self":[{"href":"https:\/\/www.gasia.com.tr\/en\/wp-json\/wp\/v2\/product\/38550","targetHints":{"allow":["GET"]}}],"collection":[{"href":"https:\/\/www.gasia.com.tr\/en\/wp-json\/wp\/v2\/product"}],"about":[{"href":"https:\/\/www.gasia.com.tr\/en\/wp-json\/wp\/v2\/types\/product"}],"replies":[{"embeddable":true,"href":"https:\/\/www.gasia.com.tr\/en\/wp-json\/wp\/v2\/comments?post=38550"}],"version-history":[{"count":2,"href":"https:\/\/www.gasia.com.tr\/en\/wp-json\/wp\/v2\/product\/38550\/revisions"}],"predecessor-version":[{"id":41069,"href":"https:\/\/www.gasia.com.tr\/en\/wp-json\/wp\/v2\/product\/38550\/revisions\/41069"}],"wp:featuredmedia":[{"embeddable":true,"href":"https:\/\/www.gasia.com.tr\/en\/wp-json\/wp\/v2\/media\/38155"}],"wp:attachment":[{"href":"https:\/\/www.gasia.com.tr\/en\/wp-json\/wp\/v2\/media?parent=38550"}],"wp:term":[{"taxonomy":"product_brand","embeddable":true,"href":"https:\/\/www.gasia.com.tr\/en\/wp-json\/wp\/v2\/product_brand?post=38550"},{"taxonomy":"product_cat","embeddable":true,"href":"https:\/\/www.gasia.com.tr\/en\/wp-json\/wp\/v2\/product_cat?post=38550"},{"taxonomy":"product_tag","embeddable":true,"href":"https:\/\/www.gasia.com.tr\/en\/wp-json\/wp\/v2\/product_tag?post=38550"}],"curies":[{"name":"wp","href":"https:\/\/api.w.org\/{rel}","templated":true}]}}