{"id":38564,"date":"2026-02-05T05:00:00","date_gmt":"2026-02-05T02:00:00","guid":{"rendered":"https:\/\/www.gasia.com.tr\/?post_type=product&#038;p=38564"},"modified":"2026-04-16T10:31:14","modified_gmt":"2026-04-16T07:31:14","slug":"pirlanta-tasli-cicek-form-yuzuk","status":"publish","type":"product","link":"https:\/\/www.gasia.com.tr\/en\/collections\/pirlanta-tasli-cicek-form-yuzuk\/","title":{"rendered":"P\u0131rlanta ta\u015fl\u0131 \u00e7i\u00e7ek form y\u00fcz\u00fck"},"content":{"rendered":"<p data-start=\"58\" data-end=\"339\">\u00c7i\u00e7ek formundan ilham alan bu etkileyici y\u00fcz\u00fck, merkezdeki p\u0131rlanta ta\u015f ve etraf\u0131na yay\u0131lan zarif detaylarla g\u00f6z al\u0131c\u0131 bir \u0131\u015f\u0131lt\u0131 sunar. Katmanl\u0131 yap\u0131s\u0131 ve ince i\u015f\u00e7ili\u011fi sayesinde her a\u00e7\u0131dan farkl\u0131 bir parlakl\u0131k yakalayarak dikkat \u00e7ekici bir g\u00f6r\u00fcn\u00fcm olu\u015fturur.<\/p>\n<p data-start=\"341\" data-end=\"566\">Alt\u0131n tonunun s\u0131cak dokusu ile p\u0131rlantalar\u0131n yo\u011fun \u0131\u015f\u0131lt\u0131s\u0131 birle\u015ferek sofistike ve feminen bir stil yarat\u0131r. \u00d6zel davetlerde ve \u015f\u0131k kombinlerde g\u00fc\u00e7l\u00fc bir tamamlay\u0131c\u0131 olarak \u00f6ne \u00e7\u0131kan bu tasar\u0131m, stilinizi \u00f6n plana \u00e7\u0131kar\u0131r.<\/p>\n<p data-start=\"568\" data-end=\"687\">Sanatsal formu ve zarif detaylar\u0131yla fark yaratan bu y\u00fcz\u00fck, \u00f6zg\u00fcn tasar\u0131mlar\u0131 sevenler i\u00e7in benzersiz bir se\u00e7enektir.<\/p>","protected":false},"excerpt":{"rendered":"<ul>\n<li>18 Ayar Alt\u0131n<\/li>\n<li>0,87 ct P\u0131rlanta<\/li>\n<li>0,52 ct Markiz Kesim P\u0131rlanta<\/li>\n<\/ul>","protected":false},"featured_media":42276,"comment_status":"open","ping_status":"closed","template":"","meta":[],"product_brand":[77],"product_cat":[76],"product_tag":[289,336,3299,654,2165,577,1250,520,590,335,450,340],"class_list":{"0":"post-38564","1":"product","2":"type-product","3":"status-publish","4":"has-post-thumbnail","6":"product_brand-gasia","7":"product_cat-yuzuk-modelleri","8":"product_tag-altin-yuzuk","9":"product_tag-cicek-yuzuk","10":"product_tag-designer-jewelry","11":"product_tag-diamond-ring","12":"product_tag-flower-ring","13":"product_tag-gold-ring","14":"product_tag-gosterisli-yuzuk","15":"product_tag-kadin-yuzuk","16":"product_tag-luxury-ring","17":"product_tag-pirlanta-yuzuk","18":"product_tag-statement-ring","19":"product_tag-tasarim-yuzuk","20":"pa_cinsiyet-kadin","22":"first","23":"instock","24":"shipping-taxable","25":"purchasable","26":"product-type-simple"},"_links":{"self":[{"href":"https:\/\/www.gasia.com.tr\/en\/wp-json\/wp\/v2\/product\/38564","targetHints":{"allow":["GET"]}}],"collection":[{"href":"https:\/\/www.gasia.com.tr\/en\/wp-json\/wp\/v2\/product"}],"about":[{"href":"https:\/\/www.gasia.com.tr\/en\/wp-json\/wp\/v2\/types\/product"}],"replies":[{"embeddable":true,"href":"https:\/\/www.gasia.com.tr\/en\/wp-json\/wp\/v2\/comments?post=38564"}],"version-history":[{"count":5,"href":"https:\/\/www.gasia.com.tr\/en\/wp-json\/wp\/v2\/product\/38564\/revisions"}],"predecessor-version":[{"id":42311,"href":"https:\/\/www.gasia.com.tr\/en\/wp-json\/wp\/v2\/product\/38564\/revisions\/42311"}],"wp:featuredmedia":[{"embeddable":true,"href":"https:\/\/www.gasia.com.tr\/en\/wp-json\/wp\/v2\/media\/42276"}],"wp:attachment":[{"href":"https:\/\/www.gasia.com.tr\/en\/wp-json\/wp\/v2\/media?parent=38564"}],"wp:term":[{"taxonomy":"product_brand","embeddable":true,"href":"https:\/\/www.gasia.com.tr\/en\/wp-json\/wp\/v2\/product_brand?post=38564"},{"taxonomy":"product_cat","embeddable":true,"href":"https:\/\/www.gasia.com.tr\/en\/wp-json\/wp\/v2\/product_cat?post=38564"},{"taxonomy":"product_tag","embeddable":true,"href":"https:\/\/www.gasia.com.tr\/en\/wp-json\/wp\/v2\/product_tag?post=38564"}],"curies":[{"name":"wp","href":"https:\/\/api.w.org\/{rel}","templated":true}]}}