{"id":38568,"date":"2026-02-05T00:00:00","date_gmt":"2026-02-04T21:00:00","guid":{"rendered":"https:\/\/www.gasia.com.tr\/?post_type=product&#038;p=38568"},"modified":"2026-04-15T18:01:43","modified_gmt":"2026-04-15T15:01:43","slug":"ametist-tasli-pirlanta-detayli-yuzuk","status":"publish","type":"product","link":"https:\/\/www.gasia.com.tr\/en\/collections\/ametist-tasli-pirlanta-detayli-yuzuk\/","title":{"rendered":"Ametist ta\u015fl\u0131 p\u0131rlanta detayl\u0131 y\u00fcz\u00fck"},"content":{"rendered":"<p data-start=\"52\" data-end=\"319\">G\u00f6z al\u0131c\u0131 mor tonlar\u0131yla \u00f6ne \u00e7\u0131kan ametist ta\u015flar, bu y\u00fcz\u00fckte \u00e7i\u00e7ek formunda bir araya gelerek etkileyici ve zarif bir tasar\u0131m olu\u015fturur. \u00c7evresini saran p\u0131rlanta detaylar, \u0131\u015f\u0131\u011f\u0131 m\u00fckemmel \u015fekilde yans\u0131tarak y\u00fcz\u00fc\u011fe \u0131\u015f\u0131lt\u0131l\u0131 bir g\u00f6r\u00fcn\u00fcm kazand\u0131r\u0131r.<\/p>\n<p data-start=\"321\" data-end=\"541\">Alt\u0131n tonunun s\u0131cakl\u0131\u011f\u0131 ile ametistin derin ve canl\u0131 rengi uyum i\u00e7inde birle\u015ferek g\u00fc\u00e7l\u00fc bir stil ifadesi sunar. \u00d6zel g\u00fcnlerde dikkat \u00e7ekici bir par\u00e7a olarak \u00f6ne \u00e7\u0131karken, \u015f\u0131k kombinlerin vazge\u00e7ilmez tamamlay\u0131c\u0131s\u0131 olur.<\/p>\n<p data-start=\"543\" data-end=\"676\">Zarif i\u015f\u00e7ili\u011fi ve \u00f6zg\u00fcn tasar\u0131m\u0131yla fark yaratan bu y\u00fcz\u00fck, hem kendiniz hem de sevdikleriniz i\u00e7in unutulmaz bir hediye se\u00e7ene\u011fidir.<\/p>","protected":false},"excerpt":{"rendered":"<ul>\n<li>18 Ayar Alt\u0131n<\/li>\n<li>0,23 ct P\u0131rlanta<\/li>\n<li>13,50 ct Amethyst<\/li>\n<\/ul>","protected":false},"featured_media":42270,"comment_status":"open","ping_status":"closed","template":"","meta":[],"product_brand":[77],"product_cat":[269,76],"product_tag":[289,3252,3251,654,577,1250,520,1668,1261,335,1266,450],"class_list":{"0":"post-38568","1":"product","2":"type-product","3":"status-publish","4":"has-post-thumbnail","6":"product_brand-gasia","7":"product_cat-gem-world-degerli-tasli-mucevher","8":"product_cat-yuzuk-modelleri","9":"product_tag-altin-yuzuk","10":"product_tag-amethyst-ring","11":"product_tag-ametist-yuzuk","12":"product_tag-diamond-ring","13":"product_tag-gold-ring","14":"product_tag-gosterisli-yuzuk","15":"product_tag-kadin-yuzuk","16":"product_tag-luxury-jewelry","17":"product_tag-mor-tasli-yuzuk","18":"product_tag-pirlanta-yuzuk","19":"product_tag-purple-gemstone-ring","20":"product_tag-statement-ring","21":"pa_cinsiyet-kadin","23":"first","24":"instock","25":"shipping-taxable","26":"purchasable","27":"product-type-simple"},"_links":{"self":[{"href":"https:\/\/www.gasia.com.tr\/en\/wp-json\/wp\/v2\/product\/38568","targetHints":{"allow":["GET"]}}],"collection":[{"href":"https:\/\/www.gasia.com.tr\/en\/wp-json\/wp\/v2\/product"}],"about":[{"href":"https:\/\/www.gasia.com.tr\/en\/wp-json\/wp\/v2\/types\/product"}],"replies":[{"embeddable":true,"href":"https:\/\/www.gasia.com.tr\/en\/wp-json\/wp\/v2\/comments?post=38568"}],"version-history":[{"count":4,"href":"https:\/\/www.gasia.com.tr\/en\/wp-json\/wp\/v2\/product\/38568\/revisions"}],"predecessor-version":[{"id":42272,"href":"https:\/\/www.gasia.com.tr\/en\/wp-json\/wp\/v2\/product\/38568\/revisions\/42272"}],"wp:featuredmedia":[{"embeddable":true,"href":"https:\/\/www.gasia.com.tr\/en\/wp-json\/wp\/v2\/media\/42270"}],"wp:attachment":[{"href":"https:\/\/www.gasia.com.tr\/en\/wp-json\/wp\/v2\/media?parent=38568"}],"wp:term":[{"taxonomy":"product_brand","embeddable":true,"href":"https:\/\/www.gasia.com.tr\/en\/wp-json\/wp\/v2\/product_brand?post=38568"},{"taxonomy":"product_cat","embeddable":true,"href":"https:\/\/www.gasia.com.tr\/en\/wp-json\/wp\/v2\/product_cat?post=38568"},{"taxonomy":"product_tag","embeddable":true,"href":"https:\/\/www.gasia.com.tr\/en\/wp-json\/wp\/v2\/product_tag?post=38568"}],"curies":[{"name":"wp","href":"https:\/\/api.w.org\/{rel}","templated":true}]}}