{"id":38585,"date":"2025-10-09T00:00:00","date_gmt":"2025-10-08T21:00:00","guid":{"rendered":"https:\/\/www.gasia.com.tr\/?post_type=product&#038;p=38585"},"modified":"2026-03-30T13:47:19","modified_gmt":"2026-03-30T10:47:19","slug":"goz-kupe","status":"publish","type":"product","link":"https:\/\/www.gasia.com.tr\/en\/collections\/goz-kupe\/","title":{"rendered":"Boncuk halka detayl\u0131, nazar g\u00f6z fig\u00fcrl\u00fc sallant\u0131l\u0131 k\u00fcpe"},"content":{"rendered":"<ul>\n<li>14 ayar Alt\u0131n<\/li>\n<li>0.14 ct P\u0131rlanta<\/li>\n<li>k\u00fcpemiz tek olarak sat\u0131lmaktad\u0131r<\/li>\n<\/ul>","protected":false},"excerpt":{"rendered":"<p>14 ayar Alt\u0131n 0.14 ct P\u0131rlanta k\u00fcpemiz tek olarak sat\u0131lmaktad\u0131r<\/p>","protected":false},"featured_media":38793,"comment_status":"open","ping_status":"closed","template":"","meta":[],"product_brand":[],"product_cat":[74],"product_tag":[],"class_list":{"0":"post-38585","1":"product","2":"type-product","3":"status-publish","4":"has-post-thumbnail","6":"product_cat-kupe-modelleri","7":"pa_cinsiyet-kadin","9":"first","10":"instock","11":"shipping-taxable","12":"purchasable","13":"product-type-simple"},"_links":{"self":[{"href":"https:\/\/www.gasia.com.tr\/en\/wp-json\/wp\/v2\/product\/38585","targetHints":{"allow":["GET"]}}],"collection":[{"href":"https:\/\/www.gasia.com.tr\/en\/wp-json\/wp\/v2\/product"}],"about":[{"href":"https:\/\/www.gasia.com.tr\/en\/wp-json\/wp\/v2\/types\/product"}],"replies":[{"embeddable":true,"href":"https:\/\/www.gasia.com.tr\/en\/wp-json\/wp\/v2\/comments?post=38585"}],"version-history":[{"count":2,"href":"https:\/\/www.gasia.com.tr\/en\/wp-json\/wp\/v2\/product\/38585\/revisions"}],"predecessor-version":[{"id":38700,"href":"https:\/\/www.gasia.com.tr\/en\/wp-json\/wp\/v2\/product\/38585\/revisions\/38700"}],"wp:featuredmedia":[{"embeddable":true,"href":"https:\/\/www.gasia.com.tr\/en\/wp-json\/wp\/v2\/media\/38793"}],"wp:attachment":[{"href":"https:\/\/www.gasia.com.tr\/en\/wp-json\/wp\/v2\/media?parent=38585"}],"wp:term":[{"taxonomy":"product_brand","embeddable":true,"href":"https:\/\/www.gasia.com.tr\/en\/wp-json\/wp\/v2\/product_brand?post=38585"},{"taxonomy":"product_cat","embeddable":true,"href":"https:\/\/www.gasia.com.tr\/en\/wp-json\/wp\/v2\/product_cat?post=38585"},{"taxonomy":"product_tag","embeddable":true,"href":"https:\/\/www.gasia.com.tr\/en\/wp-json\/wp\/v2\/product_tag?post=38585"}],"curies":[{"name":"wp","href":"https:\/\/api.w.org\/{rel}","templated":true}]}}