{"id":38599,"date":"2026-01-11T00:00:00","date_gmt":"2026-01-10T21:00:00","guid":{"rendered":"https:\/\/www.gasia.com.tr\/?post_type=product&#038;p=38599"},"modified":"2026-03-27T09:20:12","modified_gmt":"2026-03-27T06:20:12","slug":"pembe-nazar-goz-detayli-pirlanta-tasli-altin-kolye","status":"publish","type":"product","link":"https:\/\/www.gasia.com.tr\/en\/collections\/pembe-nazar-goz-detayli-pirlanta-tasli-altin-kolye\/","title":{"rendered":"Pembe Nazar G\u00f6z Detayl\u0131 P\u0131rlanta Ta\u015fl\u0131 Alt\u0131n Kolye"},"content":{"rendered":"<p>Pembe y\u00fczeyi ve dikkat \u00e7ekici nazar g\u00f6z formu ile tasarlanan bu alt\u0131n kolye, estetik ve anlam\u0131 bir araya getirir. \u00c7evresini saran p\u0131rlanta ta\u015flar, tasar\u0131ma zarif bir \u0131\u015f\u0131lt\u0131 katarken merkezde yer alan g\u00f6z detay\u0131 g\u00fc\u00e7l\u00fc bir sembolik ifade sunar. G\u00fcnl\u00fck kombinlere renkli ve modern bir dokunu\u015f eklerken, \u00f6zel anlarda da stilinizi \u00f6ne \u00e7\u0131karan tamamlay\u0131c\u0131 bir par\u00e7a olarak \u00f6ne \u00e7\u0131kar.<\/p>","protected":false},"excerpt":{"rendered":"<p>Pembe y\u00fczeyi ve dikkat \u00e7ekici nazar g\u00f6z formu ile tasarlanan bu alt\u0131n kolye, estetik ve anlam\u0131 bir araya getirir. \u00c7evresini<\/p>","protected":false},"featured_media":40649,"comment_status":"open","ping_status":"closed","template":"","meta":[],"product_brand":[],"product_cat":[75],"product_tag":[278,1029,294,726,2677,322,2673,2680,473,2675,742,277,280,2674,2676,276,474,2678,2679,1213,2047],"class_list":{"0":"post-38599","1":"product","2":"type-product","3":"status-publish","4":"has-post-thumbnail","6":"product_cat-kolye","7":"product_tag-altin-kolye","8":"product_tag-anlamli-taki","9":"product_tag-diamond-necklace","10":"product_tag-evil-eye-necklace","11":"product_tag-eye-pendant","12":"product_tag-gold-necklace","13":"product_tag-goz-kolye","14":"product_tag-istanbul","15":"product_tag-kadin-kolye","16":"product_tag-mineli-kolye","17":"product_tag-modern-jewelry","18":"product_tag-modern-kolye","19":"product_tag-nazar-kolye","20":"product_tag-pembe-kolye","21":"product_tag-pink-enamel-necklace","22":"product_tag-pirlanta-kolye","23":"product_tag-sik-kolye","24":"product_tag-stylish-necklace","25":"product_tag-symbolic-jewelry","26":"product_tag-turkish-evil-eye-necklace","27":"product_tag-women-jewelry","28":"pa_cinsiyet-kadin","30":"first","31":"instock","32":"shipping-taxable","33":"product-type-simple"},"_links":{"self":[{"href":"https:\/\/www.gasia.com.tr\/en\/wp-json\/wp\/v2\/product\/38599","targetHints":{"allow":["GET"]}}],"collection":[{"href":"https:\/\/www.gasia.com.tr\/en\/wp-json\/wp\/v2\/product"}],"about":[{"href":"https:\/\/www.gasia.com.tr\/en\/wp-json\/wp\/v2\/types\/product"}],"replies":[{"embeddable":true,"href":"https:\/\/www.gasia.com.tr\/en\/wp-json\/wp\/v2\/comments?post=38599"}],"version-history":[{"count":2,"href":"https:\/\/www.gasia.com.tr\/en\/wp-json\/wp\/v2\/product\/38599\/revisions"}],"predecessor-version":[{"id":40651,"href":"https:\/\/www.gasia.com.tr\/en\/wp-json\/wp\/v2\/product\/38599\/revisions\/40651"}],"wp:featuredmedia":[{"embeddable":true,"href":"https:\/\/www.gasia.com.tr\/en\/wp-json\/wp\/v2\/media\/40649"}],"wp:attachment":[{"href":"https:\/\/www.gasia.com.tr\/en\/wp-json\/wp\/v2\/media?parent=38599"}],"wp:term":[{"taxonomy":"product_brand","embeddable":true,"href":"https:\/\/www.gasia.com.tr\/en\/wp-json\/wp\/v2\/product_brand?post=38599"},{"taxonomy":"product_cat","embeddable":true,"href":"https:\/\/www.gasia.com.tr\/en\/wp-json\/wp\/v2\/product_cat?post=38599"},{"taxonomy":"product_tag","embeddable":true,"href":"https:\/\/www.gasia.com.tr\/en\/wp-json\/wp\/v2\/product_tag?post=38599"}],"curies":[{"name":"wp","href":"https:\/\/api.w.org\/{rel}","templated":true}]}}