{"id":38601,"date":"2026-01-11T00:00:00","date_gmt":"2026-01-10T21:00:00","guid":{"rendered":"https:\/\/www.gasia.com.tr\/?post_type=product&#038;p=38601"},"modified":"2026-03-27T09:20:12","modified_gmt":"2026-03-27T06:20:12","slug":"sedef-zeminli-nazar-goz-detayli-pirlanta-tasli-rose-altin-kolye","status":"publish","type":"product","link":"https:\/\/www.gasia.com.tr\/en\/collections\/sedef-zeminli-nazar-goz-detayli-pirlanta-tasli-rose-altin-kolye\/","title":{"rendered":"Sedef Zeminli Nazar G\u00f6z Detayl\u0131 P\u0131rlanta Ta\u015fl\u0131 Rose Alt\u0131n Kolye"},"content":{"rendered":"<p data-start=\"146\" data-end=\"510\">Sedef y\u00fczey \u00fczerine i\u015flenen nazar g\u00f6z detay\u0131yla tasarlanan bu rose alt\u0131n kolye, hem estetik hem de anlam y\u00fckl\u00fc bir tak\u0131d\u0131r. \u00c7evresini saran p\u0131rlanta ta\u015flar, kolyeye ince bir \u0131\u015f\u0131lt\u0131 katarken merkezdeki g\u00f6z motifi dikkat \u00e7ekici bir g\u00f6r\u00fcn\u00fcm sunar. G\u00fcnl\u00fck kullan\u0131ma uyum sa\u011flayan hafif yap\u0131s\u0131 ve \u015f\u0131k tasar\u0131m\u0131yla, stilinizi tamamlayan \u00f6zel bir par\u00e7a olarak \u00f6ne \u00e7\u0131kar.<\/p>","protected":false},"excerpt":{"rendered":"<p>Sedef y\u00fczey \u00fczerine i\u015flenen nazar g\u00f6z detay\u0131yla tasarlanan bu rose alt\u0131n kolye, hem estetik hem de anlam y\u00fckl\u00fc bir tak\u0131d\u0131r.<\/p>","protected":false},"featured_media":40654,"comment_status":"open","ping_status":"closed","template":"","meta":[],"product_brand":[],"product_cat":[247,75,198],"product_tag":[1029,294,726,2677,2673,2681,473,742,277,987,280,276,2138,2139,977,474,2678,2679,1213,2047,476],"class_list":{"0":"post-38601","1":"product","2":"type-product","3":"status-publish","4":"has-post-thumbnail","6":"product_cat-hediyelik","7":"product_cat-kolye","8":"product_cat-eye-collection","9":"product_tag-anlamli-taki","10":"product_tag-diamond-necklace","11":"product_tag-evil-eye-necklace","12":"product_tag-eye-pendant","13":"product_tag-goz-kolye","14":"product_tag-istanbul-pendant","15":"product_tag-kadin-kolye","16":"product_tag-modern-jewelry","17":"product_tag-modern-kolye","18":"product_tag-mother-of-pearl-necklace","19":"product_tag-nazar-kolye","20":"product_tag-pirlanta-kolye","21":"product_tag-rose-altin-kolye","22":"product_tag-rose-gold-necklace","23":"product_tag-sedef-kolye","24":"product_tag-sik-kolye","25":"product_tag-stylish-necklace","26":"product_tag-symbolic-jewelry","27":"product_tag-turkish-evil-eye-necklace","28":"product_tag-women-jewelry","29":"product_tag-zarif-kolye","30":"pa_cinsiyet-kadin","32":"first","33":"instock","34":"shipping-taxable","35":"product-type-simple"},"_links":{"self":[{"href":"https:\/\/www.gasia.com.tr\/en\/wp-json\/wp\/v2\/product\/38601","targetHints":{"allow":["GET"]}}],"collection":[{"href":"https:\/\/www.gasia.com.tr\/en\/wp-json\/wp\/v2\/product"}],"about":[{"href":"https:\/\/www.gasia.com.tr\/en\/wp-json\/wp\/v2\/types\/product"}],"replies":[{"embeddable":true,"href":"https:\/\/www.gasia.com.tr\/en\/wp-json\/wp\/v2\/comments?post=38601"}],"version-history":[{"count":2,"href":"https:\/\/www.gasia.com.tr\/en\/wp-json\/wp\/v2\/product\/38601\/revisions"}],"predecessor-version":[{"id":40655,"href":"https:\/\/www.gasia.com.tr\/en\/wp-json\/wp\/v2\/product\/38601\/revisions\/40655"}],"wp:featuredmedia":[{"embeddable":true,"href":"https:\/\/www.gasia.com.tr\/en\/wp-json\/wp\/v2\/media\/40654"}],"wp:attachment":[{"href":"https:\/\/www.gasia.com.tr\/en\/wp-json\/wp\/v2\/media?parent=38601"}],"wp:term":[{"taxonomy":"product_brand","embeddable":true,"href":"https:\/\/www.gasia.com.tr\/en\/wp-json\/wp\/v2\/product_brand?post=38601"},{"taxonomy":"product_cat","embeddable":true,"href":"https:\/\/www.gasia.com.tr\/en\/wp-json\/wp\/v2\/product_cat?post=38601"},{"taxonomy":"product_tag","embeddable":true,"href":"https:\/\/www.gasia.com.tr\/en\/wp-json\/wp\/v2\/product_tag?post=38601"}],"curies":[{"name":"wp","href":"https:\/\/api.w.org\/{rel}","templated":true}]}}