{"id":38603,"date":"2026-01-31T00:00:00","date_gmt":"2026-01-30T21:00:00","guid":{"rendered":"https:\/\/www.gasia.com.tr\/?post_type=product&#038;p=38603"},"modified":"2026-03-21T21:02:16","modified_gmt":"2026-03-21T18:02:16","slug":"pirlanta-kirlangic-kusu-kolye","status":"publish","type":"product","link":"https:\/\/www.gasia.com.tr\/en\/collections\/pirlanta-kirlangic-kusu-kolye\/","title":{"rendered":"P\u0131rlanta K\u0131rlang\u0131\u00e7 Ku\u015fu Kolye"},"content":{"rendered":"","protected":false},"excerpt":{"rendered":"<p>Zincir \u00fczerine yerle\u015ftirilen k\u0131rlang\u0131\u00e7 ku\u015fu fig\u00fcrleri p\u0131rlanta detaylarla tamamlan\u0131r. Hareketli yerle\u015fimiyle dikkat \u00e7eken \u00f6zg\u00fcn bir tasar\u0131md\u0131r.<\/p>","protected":false},"featured_media":40174,"comment_status":"open","ping_status":"closed","template":"","meta":[],"product_brand":[77],"product_cat":[247,75],"product_tag":[278,752,629,1810,633,294,2070,811,322,480,2124,473,2042,2122,626,276,2123,274,329,1632,1809],"class_list":{"0":"post-38603","1":"product","2":"type-product","3":"status-publish","4":"has-post-thumbnail","6":"product_brand-gasia","7":"product_cat-hediyelik","8":"product_cat-kolye","9":"product_tag-altin-kolye","10":"product_tag-animal-necklace","11":"product_tag-bird-necklace","12":"product_tag-chain-necklace","13":"product_tag-designer-necklace","14":"product_tag-diamond-necklace","15":"product_tag-farkli-kolye","16":"product_tag-gemstone-necklace","17":"product_tag-gold-necklace","18":"product_tag-hayvan-figurlu-kolye","19":"product_tag-jewelry-necklace","20":"product_tag-kadin-kolye","21":"product_tag-kadin-taki","22":"product_tag-kirlangic-kolye","23":"product_tag-kus-kolye","24":"product_tag-pirlanta-kolye","25":"product_tag-swallow-necklace","26":"product_tag-tasarim-kolye","27":"product_tag-tasli-kolye","28":"product_tag-women-necklace","29":"product_tag-zincir-kolye","30":"pa_cinsiyet-kadin","32":"first","33":"instock","34":"shipping-taxable","35":"product-type-simple"},"_links":{"self":[{"href":"https:\/\/www.gasia.com.tr\/en\/wp-json\/wp\/v2\/product\/38603","targetHints":{"allow":["GET"]}}],"collection":[{"href":"https:\/\/www.gasia.com.tr\/en\/wp-json\/wp\/v2\/product"}],"about":[{"href":"https:\/\/www.gasia.com.tr\/en\/wp-json\/wp\/v2\/types\/product"}],"replies":[{"embeddable":true,"href":"https:\/\/www.gasia.com.tr\/en\/wp-json\/wp\/v2\/comments?post=38603"}],"version-history":[{"count":2,"href":"https:\/\/www.gasia.com.tr\/en\/wp-json\/wp\/v2\/product\/38603\/revisions"}],"predecessor-version":[{"id":40175,"href":"https:\/\/www.gasia.com.tr\/en\/wp-json\/wp\/v2\/product\/38603\/revisions\/40175"}],"wp:featuredmedia":[{"embeddable":true,"href":"https:\/\/www.gasia.com.tr\/en\/wp-json\/wp\/v2\/media\/40174"}],"wp:attachment":[{"href":"https:\/\/www.gasia.com.tr\/en\/wp-json\/wp\/v2\/media?parent=38603"}],"wp:term":[{"taxonomy":"product_brand","embeddable":true,"href":"https:\/\/www.gasia.com.tr\/en\/wp-json\/wp\/v2\/product_brand?post=38603"},{"taxonomy":"product_cat","embeddable":true,"href":"https:\/\/www.gasia.com.tr\/en\/wp-json\/wp\/v2\/product_cat?post=38603"},{"taxonomy":"product_tag","embeddable":true,"href":"https:\/\/www.gasia.com.tr\/en\/wp-json\/wp\/v2\/product_tag?post=38603"}],"curies":[{"name":"wp","href":"https:\/\/api.w.org\/{rel}","templated":true}]}}