{"id":38605,"date":"2026-02-05T00:00:00","date_gmt":"2026-02-04T21:00:00","guid":{"rendered":"https:\/\/www.gasia.com.tr\/?post_type=product&#038;p=38605"},"modified":"2026-03-31T16:54:06","modified_gmt":"2026-03-31T13:54:06","slug":"pirlanta-detayli-beyaz-altin-minimal-kolye","status":"publish","type":"product","link":"https:\/\/www.gasia.com.tr\/en\/collections\/pirlanta-detayli-beyaz-altin-minimal-kolye\/","title":{"rendered":"P\u0131rlanta Detayl\u0131 Beyaz Alt\u0131n Minimal Kolye"},"content":{"rendered":"<p data-start=\"103\" data-end=\"329\">Beyaz alt\u0131n\u0131n modern \u0131\u015f\u0131lt\u0131s\u0131 ile p\u0131rlantan\u0131n zarif par\u0131lt\u0131s\u0131n\u0131 bulu\u015fturan bu kolye, sade tasar\u0131m\u0131yla dikkat \u00e7eker. \u0130nce \u00e7ubuk form \u00fczerine yerle\u015ftirilen p\u0131rlanta detaylar, kolyeye dengeli ve g\u00f6z al\u0131c\u0131 bir \u0131\u015f\u0131lt\u0131 kazand\u0131r\u0131r.<\/p>\n<p data-start=\"331\" data-end=\"560\">Minimal \u00e7izgileri sayesinde hem g\u00fcnl\u00fck kullan\u0131mda hem de \u00f6zel anlarda rahatl\u0131kla tercih edilebilen bu tasar\u0131m, zarif ve modern stilin g\u00fc\u00e7l\u00fc bir tamamlay\u0131c\u0131s\u0131d\u0131r. Hafif yap\u0131s\u0131 ve \u015f\u0131k g\u00f6r\u00fcn\u00fcm\u00fc ile her kombine kolayca uyum sa\u011flar.<\/p>","protected":false},"excerpt":{"rendered":"<ul>\n<li>14 Ayar Alt\u0131n<\/li>\n<li>0.17 ct 3 Adet P\u0131rlanta<\/li>\n<li>42 cm zincir uzunlu\u011fu<\/li>\n<\/ul>","protected":false},"featured_media":41172,"comment_status":"open","ping_status":"closed","template":"","meta":[],"product_brand":[2718],"product_cat":[260,75],"product_tag":[2939,2353,2709,2168,633,294,1996,1655,1995,2167,473,273,323,742,277,276,474,329,2938,476],"class_list":{"0":"post-38605","1":"product","2":"type-product","3":"status-publish","4":"has-post-thumbnail","6":"product_brand-gasia-casuals","7":"product_cat-kadin","8":"product_cat-kolye","9":"product_tag-bar-necklace","10":"product_tag-beyaz-altin-kolye","11":"product_tag-dainty-necklace","12":"product_tag-delicate-necklace","13":"product_tag-designer-necklace","14":"product_tag-diamond-necklace","15":"product_tag-everyday-necklace","16":"product_tag-fine-jewelry","17":"product_tag-gunluk-kolye","18":"product_tag-ince-kolye","19":"product_tag-kadin-kolye","20":"product_tag-minimal-kolye","21":"product_tag-minimal-necklace","22":"product_tag-modern-jewelry","23":"product_tag-modern-kolye","24":"product_tag-pirlanta-kolye","25":"product_tag-sik-kolye","26":"product_tag-tasli-kolye","27":"product_tag-white-gold-necklace","28":"product_tag-zarif-kolye","29":"pa_cinsiyet-kadin","31":"first","32":"instock","33":"sale","34":"shipping-taxable","35":"purchasable","36":"product-type-simple"},"_links":{"self":[{"href":"https:\/\/www.gasia.com.tr\/en\/wp-json\/wp\/v2\/product\/38605","targetHints":{"allow":["GET"]}}],"collection":[{"href":"https:\/\/www.gasia.com.tr\/en\/wp-json\/wp\/v2\/product"}],"about":[{"href":"https:\/\/www.gasia.com.tr\/en\/wp-json\/wp\/v2\/types\/product"}],"replies":[{"embeddable":true,"href":"https:\/\/www.gasia.com.tr\/en\/wp-json\/wp\/v2\/comments?post=38605"}],"version-history":[{"count":2,"href":"https:\/\/www.gasia.com.tr\/en\/wp-json\/wp\/v2\/product\/38605\/revisions"}],"predecessor-version":[{"id":41174,"href":"https:\/\/www.gasia.com.tr\/en\/wp-json\/wp\/v2\/product\/38605\/revisions\/41174"}],"wp:featuredmedia":[{"embeddable":true,"href":"https:\/\/www.gasia.com.tr\/en\/wp-json\/wp\/v2\/media\/41172"}],"wp:attachment":[{"href":"https:\/\/www.gasia.com.tr\/en\/wp-json\/wp\/v2\/media?parent=38605"}],"wp:term":[{"taxonomy":"product_brand","embeddable":true,"href":"https:\/\/www.gasia.com.tr\/en\/wp-json\/wp\/v2\/product_brand?post=38605"},{"taxonomy":"product_cat","embeddable":true,"href":"https:\/\/www.gasia.com.tr\/en\/wp-json\/wp\/v2\/product_cat?post=38605"},{"taxonomy":"product_tag","embeddable":true,"href":"https:\/\/www.gasia.com.tr\/en\/wp-json\/wp\/v2\/product_tag?post=38605"}],"curies":[{"name":"wp","href":"https:\/\/api.w.org\/{rel}","templated":true}]}}