{"id":38611,"date":"2026-03-28T00:00:00","date_gmt":"2026-03-27T21:00:00","guid":{"rendered":"https:\/\/www.gasia.com.tr\/?post_type=product&#038;p=38611"},"modified":"2026-04-21T15:39:21","modified_gmt":"2026-04-21T12:39:21","slug":"pirlanta-detayli-organik-form-altin-kolye","status":"publish","type":"product","link":"https:\/\/www.gasia.com.tr\/en\/collections\/pirlanta-detayli-organik-form-altin-kolye\/","title":{"rendered":"P\u0131rlanta Detayl\u0131 Organik Form Alt\u0131n Kolye"},"content":{"rendered":"<p data-start=\"102\" data-end=\"337\">Organik formuyla dikkat \u00e7eken bu alt\u0131n kolye, do\u011fal dokuyu modern tasar\u0131m anlay\u0131\u015f\u0131yla bir araya getirir. Y\u00fczeye da\u011f\u0131lm\u0131\u015f p\u0131rlanta detaylar, kolyeye zarif bir \u0131\u015f\u0131lt\u0131 kazand\u0131r\u0131rken mat dokulu alt\u0131n y\u00fczeyle g\u00fc\u00e7l\u00fc bir kontrast olu\u015fturur.<\/p>\n<p data-start=\"339\" data-end=\"542\">Farkl\u0131 boyut ve formdaki plakalar\u0131n birlikte kullan\u0131lmas\u0131, tasar\u0131ma \u00f6zg\u00fcn ve sanatsal bir karakter katar. G\u00fcnl\u00fck stilinize modern bir dokunu\u015f ekleyen bu kolye, sade ama dikkat \u00e7ekici bir g\u00f6r\u00fcn\u00fcm sunar.<\/p>","protected":false},"excerpt":{"rendered":"<ul>\n<li>14 Ayar Alt\u0131n<\/li>\n<li>0.04 ct P\u0131rlanta<\/li>\n<li>42 cm Zincir uzunlu\u011fu<\/li>\n<\/ul>","protected":false},"featured_media":41184,"comment_status":"open","ping_status":"closed","template":"","meta":[],"product_brand":[2718],"product_cat":[75],"product_tag":[278,2942,633,294,1637,1655,322,473,2946,2941,742,277,2947,2945,2143,276,474,274,2379,476],"class_list":{"0":"post-38611","1":"product","2":"type-product","3":"status-publish","4":"has-post-thumbnail","6":"product_brand-gasia-casuals","7":"product_cat-kolye","8":"product_tag-altin-kolye","9":"product_tag-contemporary-necklace","10":"product_tag-designer-necklace","11":"product_tag-diamond-necklace","12":"product_tag-elegant-necklace","13":"product_tag-fine-jewelry","14":"product_tag-gold-necklace","15":"product_tag-kadin-kolye","16":"product_tag-mat-altin-kolye","17":"product_tag-matte-gold-necklace","18":"product_tag-modern-jewelry","19":"product_tag-modern-kolye","20":"product_tag-organic-pendant","21":"product_tag-organik-kolye","22":"product_tag-ozgun-kolye","23":"product_tag-pirlanta-kolye","24":"product_tag-sik-kolye","25":"product_tag-tasarim-kolye","26":"product_tag-unique-jewelry","27":"product_tag-zarif-kolye","28":"pa_cinsiyet-kadin","30":"first","31":"instock","32":"shipping-taxable","33":"purchasable","34":"product-type-simple"},"_links":{"self":[{"href":"https:\/\/www.gasia.com.tr\/en\/wp-json\/wp\/v2\/product\/38611","targetHints":{"allow":["GET"]}}],"collection":[{"href":"https:\/\/www.gasia.com.tr\/en\/wp-json\/wp\/v2\/product"}],"about":[{"href":"https:\/\/www.gasia.com.tr\/en\/wp-json\/wp\/v2\/types\/product"}],"replies":[{"embeddable":true,"href":"https:\/\/www.gasia.com.tr\/en\/wp-json\/wp\/v2\/comments?post=38611"}],"version-history":[{"count":2,"href":"https:\/\/www.gasia.com.tr\/en\/wp-json\/wp\/v2\/product\/38611\/revisions"}],"predecessor-version":[{"id":41185,"href":"https:\/\/www.gasia.com.tr\/en\/wp-json\/wp\/v2\/product\/38611\/revisions\/41185"}],"wp:featuredmedia":[{"embeddable":true,"href":"https:\/\/www.gasia.com.tr\/en\/wp-json\/wp\/v2\/media\/41184"}],"wp:attachment":[{"href":"https:\/\/www.gasia.com.tr\/en\/wp-json\/wp\/v2\/media?parent=38611"}],"wp:term":[{"taxonomy":"product_brand","embeddable":true,"href":"https:\/\/www.gasia.com.tr\/en\/wp-json\/wp\/v2\/product_brand?post=38611"},{"taxonomy":"product_cat","embeddable":true,"href":"https:\/\/www.gasia.com.tr\/en\/wp-json\/wp\/v2\/product_cat?post=38611"},{"taxonomy":"product_tag","embeddable":true,"href":"https:\/\/www.gasia.com.tr\/en\/wp-json\/wp\/v2\/product_tag?post=38611"}],"curies":[{"name":"wp","href":"https:\/\/api.w.org\/{rel}","templated":true}]}}