{"id":38615,"date":"2026-03-28T00:00:00","date_gmt":"2026-03-27T21:00:00","guid":{"rendered":"https:\/\/www.gasia.com.tr\/?post_type=product&#038;p=38615"},"modified":"2026-04-21T15:39:20","modified_gmt":"2026-04-21T12:39:20","slug":"balik-figurlu-pirlanta-detayli-altin-kolye","status":"publish","type":"product","link":"https:\/\/www.gasia.com.tr\/en\/collections\/balik-figurlu-pirlanta-detayli-altin-kolye\/","title":{"rendered":"Bal\u0131k Fig\u00fcrl\u00fc P\u0131rlanta Detayl\u0131 Alt\u0131n Kolye"},"content":{"rendered":"<p data-start=\"103\" data-end=\"304\">Do\u011fadan ilham alan bu \u00f6zel tasar\u0131m, bal\u0131k fig\u00fcr\u00fcyle zarif ve anlaml\u0131 bir stil sunar. Mat dokulu alt\u0131n y\u00fczey \u00fczerine yerle\u015ftirilen p\u0131rlanta detaylar, kolyeye \u0131\u015f\u0131lt\u0131l\u0131 ve \u00f6zg\u00fcn bir karakter kazand\u0131r\u0131r.<\/p>\n<p data-start=\"306\" data-end=\"550\">\u0130ki farkl\u0131 boyuttaki bal\u0131k fig\u00fcr\u00fcn\u00fcn birlikte kullan\u0131ld\u0131\u011f\u0131 bu tasar\u0131m, hareketli ve modern bir g\u00f6r\u00fcn\u00fcm sunarken ayn\u0131 zamanda sembolik bir anlam ta\u015f\u0131r. G\u00fcnl\u00fck kullan\u0131ma uygun hafif yap\u0131s\u0131yla stilinize farkl\u0131 ve dikkat \u00e7ekici bir dokunu\u015f ekler.<\/p>","protected":false},"excerpt":{"rendered":"<ul>\n<li>14 Ayar Alt\u0131n<\/li>\n<li>0.05 ct Toplam P\u0131rlanta<\/li>\n<li>42 cm zincir uzunlu\u011fu<\/li>\n<\/ul>","protected":false},"featured_media":41181,"comment_status":"open","ping_status":"closed","template":"","meta":[],"product_brand":[2718],"product_cat":[75],"product_tag":[278,470,2944,2168,633,294,1996,1991,1755,322,473,273,742,277,276,2943,474,2679,274,2379],"class_list":{"0":"post-38615","1":"product","2":"type-product","3":"status-publish","4":"has-post-thumbnail","6":"product_brand-gasia-casuals","7":"product_cat-kolye","8":"product_tag-altin-kolye","9":"product_tag-balik-kolye","10":"product_tag-charm-necklace","11":"product_tag-delicate-necklace","12":"product_tag-designer-necklace","13":"product_tag-diamond-necklace","14":"product_tag-everyday-necklace","15":"product_tag-figurlu-kolye","16":"product_tag-fish-necklace","17":"product_tag-gold-necklace","18":"product_tag-kadin-kolye","19":"product_tag-minimal-kolye","20":"product_tag-modern-jewelry","21":"product_tag-modern-kolye","22":"product_tag-pirlanta-kolye","23":"product_tag-sembolik-taki","24":"product_tag-sik-kolye","25":"product_tag-symbolic-jewelry","26":"product_tag-tasarim-kolye","27":"product_tag-unique-jewelry","28":"pa_cinsiyet-kadin","30":"first","31":"instock","32":"sale","33":"shipping-taxable","34":"purchasable","35":"product-type-simple"},"_links":{"self":[{"href":"https:\/\/www.gasia.com.tr\/en\/wp-json\/wp\/v2\/product\/38615","targetHints":{"allow":["GET"]}}],"collection":[{"href":"https:\/\/www.gasia.com.tr\/en\/wp-json\/wp\/v2\/product"}],"about":[{"href":"https:\/\/www.gasia.com.tr\/en\/wp-json\/wp\/v2\/types\/product"}],"replies":[{"embeddable":true,"href":"https:\/\/www.gasia.com.tr\/en\/wp-json\/wp\/v2\/comments?post=38615"}],"version-history":[{"count":2,"href":"https:\/\/www.gasia.com.tr\/en\/wp-json\/wp\/v2\/product\/38615\/revisions"}],"predecessor-version":[{"id":41182,"href":"https:\/\/www.gasia.com.tr\/en\/wp-json\/wp\/v2\/product\/38615\/revisions\/41182"}],"wp:featuredmedia":[{"embeddable":true,"href":"https:\/\/www.gasia.com.tr\/en\/wp-json\/wp\/v2\/media\/41181"}],"wp:attachment":[{"href":"https:\/\/www.gasia.com.tr\/en\/wp-json\/wp\/v2\/media?parent=38615"}],"wp:term":[{"taxonomy":"product_brand","embeddable":true,"href":"https:\/\/www.gasia.com.tr\/en\/wp-json\/wp\/v2\/product_brand?post=38615"},{"taxonomy":"product_cat","embeddable":true,"href":"https:\/\/www.gasia.com.tr\/en\/wp-json\/wp\/v2\/product_cat?post=38615"},{"taxonomy":"product_tag","embeddable":true,"href":"https:\/\/www.gasia.com.tr\/en\/wp-json\/wp\/v2\/product_tag?post=38615"}],"curies":[{"name":"wp","href":"https:\/\/api.w.org\/{rel}","templated":true}]}}