{"id":38617,"date":"2026-02-05T00:00:00","date_gmt":"2026-02-04T21:00:00","guid":{"rendered":"https:\/\/www.gasia.com.tr\/?post_type=product&#038;p=38617"},"modified":"2026-04-15T18:07:03","modified_gmt":"2026-04-15T15:07:03","slug":"pirlanta-tasli-genis-form-modern-yuzuk","status":"publish","type":"product","link":"https:\/\/www.gasia.com.tr\/en\/collections\/pirlanta-tasli-genis-form-modern-yuzuk\/","title":{"rendered":"P\u0131rlanta ta\u015fl\u0131 geni\u015f form modern y\u00fcz\u00fck"},"content":{"rendered":"<p data-start=\"54\" data-end=\"296\">Geni\u015f ve iddial\u0131 formuyla dikkat \u00e7eken bu y\u00fcz\u00fck, y\u00fczeyini kaplayan p\u0131rlanta ta\u015flar ve yan s\u0131ralardaki markiz kesim detaylarla modern bir tasar\u0131m sunar. I\u015f\u0131lt\u0131l\u0131 yap\u0131s\u0131 sayesinde her a\u00e7\u0131dan g\u00f6z al\u0131c\u0131 bir g\u00f6r\u00fcn\u00fcm olu\u015fturur.<\/p>\n<p data-start=\"298\" data-end=\"509\">Alt\u0131n tonunun s\u0131cakl\u0131\u011f\u0131 ile p\u0131rlantalar\u0131n yo\u011fun parlakl\u0131\u011f\u0131 birle\u015ferek g\u00fc\u00e7l\u00fc ve sofistike bir stil yarat\u0131r. A\u00e7\u0131k form yap\u0131s\u0131 sayesinde ayarlanabilir kullan\u0131m imkan\u0131 sunarken, konfor ve esteti\u011fi bir arada sunar.<\/p>\n<p data-start=\"511\" data-end=\"699\">G\u00fcnl\u00fck \u015f\u0131kl\u0131\u011f\u0131 bir \u00fcst seviyeye ta\u015f\u0131yan bu tasar\u0131m, \u00f6zel davetlerde de iddial\u0131 bir tamamlay\u0131c\u0131 olarak \u00f6ne \u00e7\u0131kar. Kendine g\u00fcvenen ve stilini vurgulamak isteyenler i\u00e7in ideal bir par\u00e7ad\u0131r.<\/p>","protected":false},"excerpt":{"rendered":"<ul>\n<li>18 Ayar Alt\u0131n<\/li>\n<li>1,33 ct P\u0131rlanta<\/li>\n<li>0,59 ct Markiz Kesim P\u0131rlanta<\/li>\n<\/ul>","protected":false},"featured_media":42274,"comment_status":"open","ping_status":"closed","template":"","meta":[],"product_brand":[77],"product_cat":[76],"product_tag":[995,289,654,717,577,520,1668,521,597,335,450,562],"class_list":{"0":"post-38617","1":"product","2":"type-product","3":"status-publish","4":"has-post-thumbnail","6":"product_brand-gasia","7":"product_cat-yuzuk-modelleri","8":"product_tag-adjustable-ring","9":"product_tag-altin-yuzuk","10":"product_tag-diamond-ring","11":"product_tag-genis-yuzuk","12":"product_tag-gold-ring","13":"product_tag-kadin-yuzuk","14":"product_tag-luxury-jewelry","15":"product_tag-modern-yuzuk","16":"product_tag-open-ring","17":"product_tag-pirlanta-yuzuk","18":"product_tag-statement-ring","19":"product_tag-tasli-yuzuk","20":"pa_cinsiyet-kadin","22":"first","23":"instock","24":"shipping-taxable","25":"purchasable","26":"product-type-simple"},"_links":{"self":[{"href":"https:\/\/www.gasia.com.tr\/en\/wp-json\/wp\/v2\/product\/38617","targetHints":{"allow":["GET"]}}],"collection":[{"href":"https:\/\/www.gasia.com.tr\/en\/wp-json\/wp\/v2\/product"}],"about":[{"href":"https:\/\/www.gasia.com.tr\/en\/wp-json\/wp\/v2\/types\/product"}],"replies":[{"embeddable":true,"href":"https:\/\/www.gasia.com.tr\/en\/wp-json\/wp\/v2\/comments?post=38617"}],"version-history":[{"count":5,"href":"https:\/\/www.gasia.com.tr\/en\/wp-json\/wp\/v2\/product\/38617\/revisions"}],"predecessor-version":[{"id":42275,"href":"https:\/\/www.gasia.com.tr\/en\/wp-json\/wp\/v2\/product\/38617\/revisions\/42275"}],"wp:featuredmedia":[{"embeddable":true,"href":"https:\/\/www.gasia.com.tr\/en\/wp-json\/wp\/v2\/media\/42274"}],"wp:attachment":[{"href":"https:\/\/www.gasia.com.tr\/en\/wp-json\/wp\/v2\/media?parent=38617"}],"wp:term":[{"taxonomy":"product_brand","embeddable":true,"href":"https:\/\/www.gasia.com.tr\/en\/wp-json\/wp\/v2\/product_brand?post=38617"},{"taxonomy":"product_cat","embeddable":true,"href":"https:\/\/www.gasia.com.tr\/en\/wp-json\/wp\/v2\/product_cat?post=38617"},{"taxonomy":"product_tag","embeddable":true,"href":"https:\/\/www.gasia.com.tr\/en\/wp-json\/wp\/v2\/product_tag?post=38617"}],"curies":[{"name":"wp","href":"https:\/\/api.w.org\/{rel}","templated":true}]}}