{"id":38625,"date":"2026-01-07T00:00:00","date_gmt":"2026-01-06T21:00:00","guid":{"rendered":"https:\/\/www.gasia.com.tr\/?post_type=product&#038;p=38625"},"modified":"2026-04-11T16:28:40","modified_gmt":"2026-04-11T13:28:40","slug":"luxury-pave-pirlanta-cok-bantli-altin-yuzuk","status":"publish","type":"product","link":"https:\/\/www.gasia.com.tr\/en\/collections\/luxury-pave-pirlanta-cok-bantli-altin-yuzuk\/","title":{"rendered":"Luxury Pav\u00e9 P\u0131rlanta \u00c7ok Bantl\u0131 Alt\u0131n Y\u00fcz\u00fck"},"content":{"rendered":"<p data-start=\"103\" data-end=\"349\">I\u015f\u0131lt\u0131l\u0131 ve g\u00fc\u00e7l\u00fc tasar\u0131m\u0131yla \u00f6ne \u00e7\u0131kan bu y\u00fcz\u00fck, \u00e7ok bantl\u0131 yap\u0131s\u0131 ve pave dizilim p\u0131rlantalar\u0131 ile maksimum etki yarat\u0131r. Alt\u0131n\u0131n s\u0131cak ve zamans\u0131z tonu, p\u0131rlantalar\u0131n yo\u011fun parlakl\u0131\u011f\u0131yla birle\u015ferek hem klasik hem modern bir \u015f\u0131kl\u0131k sunar.<\/p>\n<p data-start=\"351\" data-end=\"620\">Katmanl\u0131 bant tasar\u0131m\u0131 sayesinde hacimli ve dikkat \u00e7ekici bir g\u00f6r\u00fcn\u00fcm sa\u011flayan bu par\u00e7a, stiline iddia katmak isteyenler i\u00e7in ideal bir se\u00e7imdir. Tek ba\u015f\u0131na kullan\u0131ld\u0131\u011f\u0131nda g\u00fc\u00e7l\u00fc bir statement etkisi yarat\u0131rken, uzun y\u0131llar modas\u0131 ge\u00e7meyecek zamans\u0131z bir m\u00fccevherdir.<\/p>","protected":false},"excerpt":{"rendered":"<ul>\n<li>7.80 gr 18 Ayar Alt\u0131n<\/li>\n<li>1.46 ct 180 Adet P\u0131rlanta<\/li>\n<\/ul>","protected":false},"featured_media":39223,"comment_status":"open","ping_status":"closed","template":"","meta":[],"product_brand":[77],"product_cat":[76],"product_tag":[565,776,782,783,577,778,648,780,777,779,450,781,784],"class_list":{"0":"post-38625","1":"product","2":"type-product","3":"status-publish","4":"has-post-thumbnail","6":"product_brand-gasia","7":"product_cat-yuzuk-modelleri","8":"product_tag-designer-ring","9":"product_tag-diamond","10":"product_tag-diamond-band-ring","11":"product_tag-gold-multi-ring","12":"product_tag-gold-ring","13":"product_tag-luxury","14":"product_tag-modern-gold-ring","15":"product_tag-multi-band-ring","16":"product_tag-pave","17":"product_tag-stacking-ring","18":"product_tag-statement-ring","19":"product_tag-triple-band-ring","20":"product_tag-women-gold-ring","21":"pa_cinsiyet-kadin","23":"first","24":"instock","25":"shipping-taxable","26":"product-type-simple"},"_links":{"self":[{"href":"https:\/\/www.gasia.com.tr\/en\/wp-json\/wp\/v2\/product\/38625","targetHints":{"allow":["GET"]}}],"collection":[{"href":"https:\/\/www.gasia.com.tr\/en\/wp-json\/wp\/v2\/product"}],"about":[{"href":"https:\/\/www.gasia.com.tr\/en\/wp-json\/wp\/v2\/types\/product"}],"replies":[{"embeddable":true,"href":"https:\/\/www.gasia.com.tr\/en\/wp-json\/wp\/v2\/comments?post=38625"}],"version-history":[{"count":3,"href":"https:\/\/www.gasia.com.tr\/en\/wp-json\/wp\/v2\/product\/38625\/revisions"}],"predecessor-version":[{"id":41865,"href":"https:\/\/www.gasia.com.tr\/en\/wp-json\/wp\/v2\/product\/38625\/revisions\/41865"}],"wp:featuredmedia":[{"embeddable":true,"href":"https:\/\/www.gasia.com.tr\/en\/wp-json\/wp\/v2\/media\/39223"}],"wp:attachment":[{"href":"https:\/\/www.gasia.com.tr\/en\/wp-json\/wp\/v2\/media?parent=38625"}],"wp:term":[{"taxonomy":"product_brand","embeddable":true,"href":"https:\/\/www.gasia.com.tr\/en\/wp-json\/wp\/v2\/product_brand?post=38625"},{"taxonomy":"product_cat","embeddable":true,"href":"https:\/\/www.gasia.com.tr\/en\/wp-json\/wp\/v2\/product_cat?post=38625"},{"taxonomy":"product_tag","embeddable":true,"href":"https:\/\/www.gasia.com.tr\/en\/wp-json\/wp\/v2\/product_tag?post=38625"}],"curies":[{"name":"wp","href":"https:\/\/api.w.org\/{rel}","templated":true}]}}