{"id":38627,"date":"2026-02-05T00:00:00","date_gmt":"2026-02-04T21:00:00","guid":{"rendered":"https:\/\/www.gasia.com.tr\/?post_type=product&#038;p=38627"},"modified":"2026-04-13T17:21:55","modified_gmt":"2026-04-13T14:21:55","slug":"bambu-yuzuk","status":"publish","type":"product","link":"https:\/\/www.gasia.com.tr\/en\/collections\/bambu-yuzuk\/","title":{"rendered":"Bambu Detayl\u0131 P\u0131rlantal\u0131 Y\u00fcz\u00fck"},"content":{"rendered":"","protected":false},"excerpt":{"rendered":"<ul>\n<li>18 Ayar Alt\u0131n<\/li>\n<li>2,12 ct P\u0131rlanta<\/li>\n<\/ul>","protected":false},"featured_media":38093,"comment_status":"open","ping_status":"closed","template":"","meta":[],"product_brand":[],"product_cat":[258],"product_tag":[],"class_list":{"0":"post-38627","1":"product","2":"type-product","3":"status-publish","4":"has-post-thumbnail","6":"product_cat-gasia-high-jewels-koleksiyonu","7":"pa_cinsiyet-kadin","9":"first","10":"instock","11":"shipping-taxable","12":"purchasable","13":"product-type-simple"},"_links":{"self":[{"href":"https:\/\/www.gasia.com.tr\/en\/wp-json\/wp\/v2\/product\/38627","targetHints":{"allow":["GET"]}}],"collection":[{"href":"https:\/\/www.gasia.com.tr\/en\/wp-json\/wp\/v2\/product"}],"about":[{"href":"https:\/\/www.gasia.com.tr\/en\/wp-json\/wp\/v2\/types\/product"}],"replies":[{"embeddable":true,"href":"https:\/\/www.gasia.com.tr\/en\/wp-json\/wp\/v2\/comments?post=38627"}],"version-history":[{"count":3,"href":"https:\/\/www.gasia.com.tr\/en\/wp-json\/wp\/v2\/product\/38627\/revisions"}],"predecessor-version":[{"id":42085,"href":"https:\/\/www.gasia.com.tr\/en\/wp-json\/wp\/v2\/product\/38627\/revisions\/42085"}],"wp:featuredmedia":[{"embeddable":true,"href":"https:\/\/www.gasia.com.tr\/en\/wp-json\/wp\/v2\/media\/38093"}],"wp:attachment":[{"href":"https:\/\/www.gasia.com.tr\/en\/wp-json\/wp\/v2\/media?parent=38627"}],"wp:term":[{"taxonomy":"product_brand","embeddable":true,"href":"https:\/\/www.gasia.com.tr\/en\/wp-json\/wp\/v2\/product_brand?post=38627"},{"taxonomy":"product_cat","embeddable":true,"href":"https:\/\/www.gasia.com.tr\/en\/wp-json\/wp\/v2\/product_cat?post=38627"},{"taxonomy":"product_tag","embeddable":true,"href":"https:\/\/www.gasia.com.tr\/en\/wp-json\/wp\/v2\/product_tag?post=38627"}],"curies":[{"name":"wp","href":"https:\/\/api.w.org\/{rel}","templated":true}]}}