{"id":38639,"date":"2025-12-11T05:00:00","date_gmt":"2025-12-11T02:00:00","guid":{"rendered":"https:\/\/www.gasia.com.tr\/?post_type=product&#038;p=38639"},"modified":"2026-04-20T16:01:28","modified_gmt":"2026-04-20T13:01:28","slug":"yesil-mineli-fancy-pirlantali-yuzuk","status":"publish","type":"product","link":"https:\/\/www.gasia.com.tr\/en\/collections\/yesil-mineli-fancy-pirlantali-yuzuk\/","title":{"rendered":"Ye\u015fil Mineli Fancy P\u0131rlantal\u0131 Y\u00fcz\u00fck"},"content":{"rendered":"<p data-start=\"537\" data-end=\"702\">Parlak ye\u015fil mine y\u00fczey, y\u00fcz\u00fc\u011fe g\u00fc\u00e7l\u00fc ve dikkat \u00e7ekici bir karakter kazand\u0131r\u0131r. Geni\u015f bant formu sayesinde parmakta belirgin bir duru\u015f sergiler.<\/p>\n<p data-start=\"704\" data-end=\"879\">Merkezde yer alan sar\u0131 tonlu ta\u015f, etraf\u0131n\u0131 \u00e7evreleyen p\u0131rlanta detaylarla birlikte \u0131\u015f\u0131\u011f\u0131 yans\u0131tarak odak noktas\u0131 olu\u015fturur. Alt\u0131n \u00e7er\u00e7eve, ta\u015f\u0131n rengini daha da \u00f6ne \u00e7\u0131kar\u0131r.<\/p>\n<p data-start=\"881\" data-end=\"1011\" data-is-last-node=\"\" data-is-only-node=\"\">Renk, form ve ta\u015f uyumunun bir araya geldi\u011fi bu tasar\u0131m, g\u00fcnl\u00fck kullan\u0131mda fark yaratmak isteyenler i\u00e7in modern bir se\u00e7enek sunar.<\/p>","protected":false},"excerpt":{"rendered":"<ul>\n<li>14 Ayar Alt\u0131n<\/li>\n<li>1 adet 0,42 ct Fancy Sar\u0131 P\u0131rlanta<\/li>\n<li>16 adet 0,07 ct P\u0131rlanta<\/li>\n<li>\u00d6rdek Ba\u015f\u0131 ye\u015fili mine<\/li>\n<\/ul>","protected":false},"featured_media":38748,"comment_status":"open","ping_status":"closed","template":"","meta":[],"product_brand":[77,2718],"product_cat":[242,76],"product_tag":[3513,565,654,2844,2852,3518,3515,3514,520,3520,3184,3519,521,2076,3517,1214,3516,3512,450,340,562,3521,3511],"class_list":{"0":"post-38639","1":"product","2":"type-product","3":"status-publish","4":"has-post-thumbnail","6":"product_brand-gasia","7":"product_brand-gasia-casuals","8":"product_cat-retro-mucevher-koleksiyonu","9":"product_cat-yuzuk-modelleri","10":"product_tag-altin-mine-yuzuk","11":"product_tag-designer-ring","12":"product_tag-diamond-ring","13":"product_tag-el-yapimi-yuzuk","14":"product_tag-enamel-ring","15":"product_tag-genis-bant-yuzuk","16":"product_tag-gold-enamel-ring","17":"product_tag-green-enamel-ring","18":"product_tag-kadin-yuzuk","19":"product_tag-luxury-enamel-ring","20":"product_tag-mine-yuzuk","21":"product_tag-modern-mine-taki","22":"product_tag-modern-yuzuk","23":"product_tag-ozel-tasarim-yuzuk","24":"product_tag-pirlanta-detay-yuzuk","25":"product_tag-pirlantali-yuzuk","26":"product_tag-sari-safir-yuzuk","27":"product_tag-sari-tas-yuzuk","28":"product_tag-statement-ring","29":"product_tag-tasarim-yuzuk","30":"product_tag-tasli-yuzuk","31":"product_tag-unique-ring-design","32":"product_tag-yesil-mine-yuzuk","33":"pa_cinsiyet-kadin","35":"first","36":"instock","37":"sale","38":"shipping-taxable","39":"purchasable","40":"product-type-simple"},"_links":{"self":[{"href":"https:\/\/www.gasia.com.tr\/en\/wp-json\/wp\/v2\/product\/38639","targetHints":{"allow":["GET"]}}],"collection":[{"href":"https:\/\/www.gasia.com.tr\/en\/wp-json\/wp\/v2\/product"}],"about":[{"href":"https:\/\/www.gasia.com.tr\/en\/wp-json\/wp\/v2\/types\/product"}],"replies":[{"embeddable":true,"href":"https:\/\/www.gasia.com.tr\/en\/wp-json\/wp\/v2\/comments?post=38639"}],"version-history":[{"count":3,"href":"https:\/\/www.gasia.com.tr\/en\/wp-json\/wp\/v2\/product\/38639\/revisions"}],"predecessor-version":[{"id":42429,"href":"https:\/\/www.gasia.com.tr\/en\/wp-json\/wp\/v2\/product\/38639\/revisions\/42429"}],"wp:featuredmedia":[{"embeddable":true,"href":"https:\/\/www.gasia.com.tr\/en\/wp-json\/wp\/v2\/media\/38748"}],"wp:attachment":[{"href":"https:\/\/www.gasia.com.tr\/en\/wp-json\/wp\/v2\/media?parent=38639"}],"wp:term":[{"taxonomy":"product_brand","embeddable":true,"href":"https:\/\/www.gasia.com.tr\/en\/wp-json\/wp\/v2\/product_brand?post=38639"},{"taxonomy":"product_cat","embeddable":true,"href":"https:\/\/www.gasia.com.tr\/en\/wp-json\/wp\/v2\/product_cat?post=38639"},{"taxonomy":"product_tag","embeddable":true,"href":"https:\/\/www.gasia.com.tr\/en\/wp-json\/wp\/v2\/product_tag?post=38639"}],"curies":[{"name":"wp","href":"https:\/\/api.w.org\/{rel}","templated":true}]}}