{"id":38641,"date":"2026-02-05T00:00:00","date_gmt":"2026-02-04T21:00:00","guid":{"rendered":"https:\/\/www.gasia.com.tr\/?post_type=product&#038;p=38641"},"modified":"2026-04-15T17:54:11","modified_gmt":"2026-04-15T14:54:11","slug":"3-bant-yuzuk-2","status":"publish","type":"product","link":"https:\/\/www.gasia.com.tr\/en\/collections\/3-bant-yuzuk-2\/","title":{"rendered":"3 Bant Y\u00fcz\u00fck"},"content":{"rendered":"<p data-start=\"42\" data-end=\"327\">Minimal ve \u015f\u0131k tasar\u0131m\u0131yla \u00f6ne \u00e7\u0131kan bu p\u0131rlanta y\u00fcz\u00fck, zarif ta\u015f dizilimiyle \u0131\u015f\u0131\u011f\u0131 kusursuz \u015fekilde yans\u0131tarak parmakta g\u00f6z al\u0131c\u0131 bir etki yarat\u0131r. \u0130nce formu sayesinde g\u00fcnl\u00fck kullan\u0131ma uygun olan bu tasar\u0131m, ayn\u0131 zamanda \u00f6zel anlarda da zarif bir tamamlay\u0131c\u0131d\u0131r.<\/p>\n<p data-start=\"329\" data-end=\"574\">Alt\u0131n tonunun s\u0131cakl\u0131\u011f\u0131 ile p\u0131rlantan\u0131n \u0131\u015f\u0131lt\u0131s\u0131 uyum i\u00e7inde birle\u015ferek sade ama etkileyici bir g\u00f6r\u00fcn\u00fcm sunar. Tek ba\u015f\u0131na kullan\u0131ld\u0131\u011f\u0131nda modern ve sofistike bir stil olu\u015ftururken, di\u011fer y\u00fcz\u00fcklerle kombinlenerek farkl\u0131 tarzlara da uyum sa\u011flar.<\/p>\n<p data-start=\"576\" data-end=\"701\">Zamans\u0131z tasar\u0131m\u0131yla her d\u00f6neme hitap eden bu y\u00fcz\u00fck, hem kendiniz hem de sevdikleriniz i\u00e7in anlaml\u0131 bir hediye se\u00e7ene\u011fidir.<\/p>","protected":false},"excerpt":{"rendered":"<ul>\n<li>18 Ayar Alt\u0131n<\/li>\n<li>0,96 ct P\u0131rlanta<\/li>\n<\/ul>","protected":false},"featured_media":38747,"comment_status":"open","ping_status":"closed","template":"","meta":[],"product_brand":[77],"product_cat":[76],"product_tag":[289,578,654,528,1655,577,520,1639,3458,335,562,519],"class_list":{"0":"post-38641","1":"product","2":"type-product","3":"status-publish","4":"has-post-thumbnail","6":"product_brand-gasia","7":"product_cat-yuzuk-modelleri","8":"product_tag-altin-yuzuk","9":"product_tag-dainty-ring","10":"product_tag-diamond-ring","11":"product_tag-elegant-ring","12":"product_tag-fine-jewelry","13":"product_tag-gold-ring","14":"product_tag-kadin-yuzuk","15":"product_tag-minimalist-jewelry","16":"product_tag-minimalist-yuzuk","17":"product_tag-pirlanta-yuzuk","18":"product_tag-tasli-yuzuk","19":"product_tag-zarif-yuzuk","20":"pa_cinsiyet-kadin","22":"first","23":"instock","24":"sale","25":"shipping-taxable","26":"purchasable","27":"product-type-simple"},"_links":{"self":[{"href":"https:\/\/www.gasia.com.tr\/en\/wp-json\/wp\/v2\/product\/38641","targetHints":{"allow":["GET"]}}],"collection":[{"href":"https:\/\/www.gasia.com.tr\/en\/wp-json\/wp\/v2\/product"}],"about":[{"href":"https:\/\/www.gasia.com.tr\/en\/wp-json\/wp\/v2\/types\/product"}],"replies":[{"embeddable":true,"href":"https:\/\/www.gasia.com.tr\/en\/wp-json\/wp\/v2\/comments?post=38641"}],"version-history":[{"count":3,"href":"https:\/\/www.gasia.com.tr\/en\/wp-json\/wp\/v2\/product\/38641\/revisions"}],"predecessor-version":[{"id":42268,"href":"https:\/\/www.gasia.com.tr\/en\/wp-json\/wp\/v2\/product\/38641\/revisions\/42268"}],"wp:featuredmedia":[{"embeddable":true,"href":"https:\/\/www.gasia.com.tr\/en\/wp-json\/wp\/v2\/media\/38747"}],"wp:attachment":[{"href":"https:\/\/www.gasia.com.tr\/en\/wp-json\/wp\/v2\/media?parent=38641"}],"wp:term":[{"taxonomy":"product_brand","embeddable":true,"href":"https:\/\/www.gasia.com.tr\/en\/wp-json\/wp\/v2\/product_brand?post=38641"},{"taxonomy":"product_cat","embeddable":true,"href":"https:\/\/www.gasia.com.tr\/en\/wp-json\/wp\/v2\/product_cat?post=38641"},{"taxonomy":"product_tag","embeddable":true,"href":"https:\/\/www.gasia.com.tr\/en\/wp-json\/wp\/v2\/product_tag?post=38641"}],"curies":[{"name":"wp","href":"https:\/\/api.w.org\/{rel}","templated":true}]}}