{"id":38649,"date":"2026-03-28T00:00:00","date_gmt":"2026-03-27T21:00:00","guid":{"rendered":"https:\/\/www.gasia.com.tr\/?post_type=product&#038;p=38649"},"modified":"2026-04-21T15:39:20","modified_gmt":"2026-04-21T12:39:20","slug":"pirlanta-detayli-mat-yuzey-altin-kolye","status":"publish","type":"product","link":"https:\/\/www.gasia.com.tr\/en\/collections\/pirlanta-detayli-mat-yuzey-altin-kolye\/","title":{"rendered":"P\u0131rlanta Detayl\u0131 Mat Y\u00fczey Alt\u0131n Kolye"},"content":{"rendered":"<p data-start=\"99\" data-end=\"311\">Mat y\u00fczey dokusuyla \u00f6ne \u00e7\u0131kan bu alt\u0131n kolye, modern tasar\u0131m anlay\u0131\u015f\u0131n\u0131 p\u0131rlanta detaylarla bulu\u015fturur. Organik formu ve y\u00fczeyine serpi\u015ftirilmi\u015f ta\u015f yerle\u015fimi, kolyeye sanatsal ve \u00f6zg\u00fcn bir karakter kazand\u0131r\u0131r.<\/p>\n<p data-start=\"313\" data-end=\"552\">I\u015f\u0131\u011f\u0131 farkl\u0131 a\u00e7\u0131lardan yans\u0131tan p\u0131rlanta detaylar, mat alt\u0131n zeminle kontrast olu\u015fturarak zarif bir \u0131\u015f\u0131lt\u0131 sunar. G\u00fcnl\u00fck stilinize modern bir dokunu\u015f katarken, \u00f6zel kombinlerde de fark yaratan dikkat \u00e7ekici bir aksesuar olarak \u00f6ne \u00e7\u0131kar.<\/p>","protected":false},"excerpt":{"rendered":"<ul>\n<li>14 ayar Alt\u0131n<\/li>\n<li>0.23 ct P\u0131rlanta<\/li>\n<li>45 cm Zincir uzunlu\u011fu<\/li>\n<\/ul>","protected":false},"featured_media":41178,"comment_status":"open","ping_status":"closed","template":"","meta":[],"product_brand":[2718],"product_cat":[75],"product_tag":[278,2942,633,294,1637,1655,811,322,473,2940,2941,273,742,277,2143,276,474,274,329,2379],"class_list":{"0":"post-38649","1":"product","2":"type-product","3":"status-publish","4":"has-post-thumbnail","6":"product_brand-gasia-casuals","7":"product_cat-kolye","8":"product_tag-altin-kolye","9":"product_tag-contemporary-necklace","10":"product_tag-designer-necklace","11":"product_tag-diamond-necklace","12":"product_tag-elegant-necklace","13":"product_tag-fine-jewelry","14":"product_tag-gemstone-necklace","15":"product_tag-gold-necklace","16":"product_tag-kadin-kolye","17":"product_tag-mat-yuzey-kolye","18":"product_tag-matte-gold-necklace","19":"product_tag-minimal-kolye","20":"product_tag-modern-jewelry","21":"product_tag-modern-kolye","22":"product_tag-ozgun-kolye","23":"product_tag-pirlanta-kolye","24":"product_tag-sik-kolye","25":"product_tag-tasarim-kolye","26":"product_tag-tasli-kolye","27":"product_tag-unique-jewelry","28":"pa_cinsiyet-kadin","30":"first","31":"instock","32":"shipping-taxable","33":"purchasable","34":"product-type-simple"},"_links":{"self":[{"href":"https:\/\/www.gasia.com.tr\/en\/wp-json\/wp\/v2\/product\/38649","targetHints":{"allow":["GET"]}}],"collection":[{"href":"https:\/\/www.gasia.com.tr\/en\/wp-json\/wp\/v2\/product"}],"about":[{"href":"https:\/\/www.gasia.com.tr\/en\/wp-json\/wp\/v2\/types\/product"}],"replies":[{"embeddable":true,"href":"https:\/\/www.gasia.com.tr\/en\/wp-json\/wp\/v2\/comments?post=38649"}],"version-history":[{"count":2,"href":"https:\/\/www.gasia.com.tr\/en\/wp-json\/wp\/v2\/product\/38649\/revisions"}],"predecessor-version":[{"id":41179,"href":"https:\/\/www.gasia.com.tr\/en\/wp-json\/wp\/v2\/product\/38649\/revisions\/41179"}],"wp:featuredmedia":[{"embeddable":true,"href":"https:\/\/www.gasia.com.tr\/en\/wp-json\/wp\/v2\/media\/41178"}],"wp:attachment":[{"href":"https:\/\/www.gasia.com.tr\/en\/wp-json\/wp\/v2\/media?parent=38649"}],"wp:term":[{"taxonomy":"product_brand","embeddable":true,"href":"https:\/\/www.gasia.com.tr\/en\/wp-json\/wp\/v2\/product_brand?post=38649"},{"taxonomy":"product_cat","embeddable":true,"href":"https:\/\/www.gasia.com.tr\/en\/wp-json\/wp\/v2\/product_cat?post=38649"},{"taxonomy":"product_tag","embeddable":true,"href":"https:\/\/www.gasia.com.tr\/en\/wp-json\/wp\/v2\/product_tag?post=38649"}],"curies":[{"name":"wp","href":"https:\/\/api.w.org\/{rel}","templated":true}]}}