{"id":38653,"date":"2026-02-05T00:00:00","date_gmt":"2026-02-04T21:00:00","guid":{"rendered":"https:\/\/www.gasia.com.tr\/?post_type=product&#038;p=38653"},"modified":"2026-04-15T13:13:10","modified_gmt":"2026-04-15T10:13:10","slug":"pirlantali-fleur-de-lis-detayli-deri-altin-bileklik","status":"publish","type":"product","link":"https:\/\/www.gasia.com.tr\/en\/collections\/pirlantali-fleur-de-lis-detayli-deri-altin-bileklik\/","title":{"rendered":"P\u0131rlantal\u0131 Fleur De Lis Detayl\u0131 Deri Alt\u0131n Bileklik"},"content":{"rendered":"<p data-start=\"107\" data-end=\"380\">Klasik sembolleri modern tasar\u0131mla bulu\u015fturan bu \u00f6zel bileklik, merkezindeki fleur de lis (zambak) motifiyle g\u00fc\u00e7l\u00fc ve asil bir stil sunar. P\u0131rlanta ta\u015flarla bezeli detaylar, tasar\u0131ma \u0131\u015f\u0131lt\u0131 katarken; rose\u00a0 alt\u0131n ve okside g\u00fcm\u00fc\u015f tonlar\u0131n\u0131n uyumu muhte\u015fem bir g\u00f6r\u00fcn\u00fcm yarat\u0131r.<\/p>\n<p data-start=\"382\" data-end=\"623\">Desenli kahverengi deri kay\u0131\u015f, bilekli\u011fe karakter ve mask\u00fclen bir \u015f\u0131kl\u0131k kazand\u0131r\u0131rken konforlu bir kullan\u0131m sa\u011flar. G\u00fc\u00e7, asalet ve zarafetin simgesi olan fleur de lis motifi, bu tasar\u0131m\u0131 s\u0131radan bir aksesuardan \u00e7ok daha \u00f6zel hale getirir.<\/p>\n<p data-start=\"625\" data-end=\"765\">G\u00fcnl\u00fck stiline farkl\u0131 ve iddial\u0131 bir dokunu\u015f katmak isteyenler i\u00e7in ideal olan bu bileklik, hem klasik hem modern kombinlerle uyum sa\u011flar.<\/p>","protected":false},"excerpt":{"rendered":"<ul>\n<li>14 Ayar Alt\u0131n<\/li>\n<li>925 Ayar Okside G\u00fcm\u00fc\u015f<\/li>\n<li>0,95 ct\u00a0 Kahve P\u0131rlanta<\/li>\n<\/ul>","protected":false},"featured_media":42229,"comment_status":"open","ping_status":"closed","template":"","meta":[],"product_brand":[77,2718],"product_cat":[73,209,253,249],"product_tag":[3445,2182,507,3444,3399,794,2185,367,2609,548,358,2688,364],"class_list":{"0":"post-38653","1":"product","2":"type-product","3":"status-publish","4":"has-post-thumbnail","6":"product_brand-gasia","7":"product_brand-gasia-casuals","8":"product_cat-altin-pirlanta-bileklik","9":"product_cat-deri-orgu-bileklik","10":"product_cat-deri-bileklikler","11":"product_cat-fleur-de-lis-koleksiyonu","12":"product_tag-altin-bileklik-erkek","13":"product_tag-deri-bileklik","14":"product_tag-diamond-bracelet","15":"product_tag-fleur-de-lis-bileklik","16":"product_tag-fleur-de-lis-bracelet","17":"product_tag-gold-bracelet","18":"product_tag-leather-bracelet","19":"product_tag-luks-bileklik","20":"product_tag-luxury-men-bracelet","21":"product_tag-maskulen-bileklik","22":"product_tag-pirlanta-bileklik","23":"product_tag-statement-jewelry","24":"product_tag-tasarim-bileklik","25":"pa_cinsiyet-erkek","26":"pa_cinsiyet-kadin","28":"first","29":"instock","30":"sale","31":"shipping-taxable","32":"purchasable","33":"product-type-simple"},"_links":{"self":[{"href":"https:\/\/www.gasia.com.tr\/en\/wp-json\/wp\/v2\/product\/38653","targetHints":{"allow":["GET"]}}],"collection":[{"href":"https:\/\/www.gasia.com.tr\/en\/wp-json\/wp\/v2\/product"}],"about":[{"href":"https:\/\/www.gasia.com.tr\/en\/wp-json\/wp\/v2\/types\/product"}],"replies":[{"embeddable":true,"href":"https:\/\/www.gasia.com.tr\/en\/wp-json\/wp\/v2\/comments?post=38653"}],"version-history":[{"count":5,"href":"https:\/\/www.gasia.com.tr\/en\/wp-json\/wp\/v2\/product\/38653\/revisions"}],"predecessor-version":[{"id":42231,"href":"https:\/\/www.gasia.com.tr\/en\/wp-json\/wp\/v2\/product\/38653\/revisions\/42231"}],"wp:featuredmedia":[{"embeddable":true,"href":"https:\/\/www.gasia.com.tr\/en\/wp-json\/wp\/v2\/media\/42229"}],"wp:attachment":[{"href":"https:\/\/www.gasia.com.tr\/en\/wp-json\/wp\/v2\/media?parent=38653"}],"wp:term":[{"taxonomy":"product_brand","embeddable":true,"href":"https:\/\/www.gasia.com.tr\/en\/wp-json\/wp\/v2\/product_brand?post=38653"},{"taxonomy":"product_cat","embeddable":true,"href":"https:\/\/www.gasia.com.tr\/en\/wp-json\/wp\/v2\/product_cat?post=38653"},{"taxonomy":"product_tag","embeddable":true,"href":"https:\/\/www.gasia.com.tr\/en\/wp-json\/wp\/v2\/product_tag?post=38653"}],"curies":[{"name":"wp","href":"https:\/\/api.w.org\/{rel}","templated":true}]}}