{"id":38657,"date":"2026-02-05T00:00:00","date_gmt":"2026-02-04T21:00:00","guid":{"rendered":"https:\/\/www.gasia.com.tr\/?post_type=product&#038;p=38657"},"modified":"2026-03-11T17:36:31","modified_gmt":"2026-03-11T14:36:31","slug":"okyanus-sedefi-uzeri-allah-yazili-kolye","status":"publish","type":"product","link":"https:\/\/www.gasia.com.tr\/en\/collections\/okyanus-sedefi-uzeri-allah-yazili-kolye\/","title":{"rendered":"Okyanus Sedefi \u00fczeri Allah Yaz\u0131l\u0131 Kolye"},"content":{"rendered":"<p>Do\u011fal sedef ta\u015f zemin \u00fczerine i\u015flenmi\u015f Allah yaz\u0131s\u0131 detay\u0131yla tasarlanan bu kolye, manevi anlam\u0131 ve zarif g\u00f6r\u00fcn\u00fcm\u00fcyle \u00f6zel bir tak\u0131d\u0131r.<\/p>","protected":false},"excerpt":{"rendered":"<ul>\n<li>14 ayar Alt\u0131n<\/li>\n<li>0.10 ct P\u0131rlanta<\/li>\n<li>42 cm zincir uzunlu\u011fu<\/li>\n<\/ul>","protected":false},"featured_media":39358,"comment_status":"open","ping_status":"closed","template":"","meta":[],"product_brand":[],"product_cat":[75],"product_tag":[988,979,983,984,976,991,978,989,985,473,981,987,992,986,977,980,990,982],"class_list":{"0":"post-38657","1":"product","2":"type-product","3":"status-publish","4":"has-post-thumbnail","6":"product_cat-kolye","7":"product_tag-allah-calligraphy-necklace","8":"product_tag-allah-kolyesi","9":"product_tag-allah-necklace","10":"product_tag-allah-pendant","11":"product_tag-allah-yazili-kolye","12":"product_tag-arabic-calligraphy-necklace","13":"product_tag-dini-kolye","14":"product_tag-islamic-jewelry-pendant","15":"product_tag-islamic-necklace","16":"product_tag-kadin-kolye","17":"product_tag-manevi-kolye","18":"product_tag-mother-of-pearl-necklace","19":"product_tag-muslim-jewelry-necklace","20":"product_tag-religious-pendant","21":"product_tag-sedef-kolye","22":"product_tag-sedef-tas-kolye","23":"product_tag-spiritual-necklace","24":"product_tag-yazili-kolye","25":"pa_cinsiyet-kadin","27":"first","28":"instock","29":"sale","30":"shipping-taxable","31":"purchasable","32":"product-type-simple"},"_links":{"self":[{"href":"https:\/\/www.gasia.com.tr\/en\/wp-json\/wp\/v2\/product\/38657","targetHints":{"allow":["GET"]}}],"collection":[{"href":"https:\/\/www.gasia.com.tr\/en\/wp-json\/wp\/v2\/product"}],"about":[{"href":"https:\/\/www.gasia.com.tr\/en\/wp-json\/wp\/v2\/types\/product"}],"replies":[{"embeddable":true,"href":"https:\/\/www.gasia.com.tr\/en\/wp-json\/wp\/v2\/comments?post=38657"}],"version-history":[{"count":2,"href":"https:\/\/www.gasia.com.tr\/en\/wp-json\/wp\/v2\/product\/38657\/revisions"}],"predecessor-version":[{"id":39359,"href":"https:\/\/www.gasia.com.tr\/en\/wp-json\/wp\/v2\/product\/38657\/revisions\/39359"}],"wp:featuredmedia":[{"embeddable":true,"href":"https:\/\/www.gasia.com.tr\/en\/wp-json\/wp\/v2\/media\/39358"}],"wp:attachment":[{"href":"https:\/\/www.gasia.com.tr\/en\/wp-json\/wp\/v2\/media?parent=38657"}],"wp:term":[{"taxonomy":"product_brand","embeddable":true,"href":"https:\/\/www.gasia.com.tr\/en\/wp-json\/wp\/v2\/product_brand?post=38657"},{"taxonomy":"product_cat","embeddable":true,"href":"https:\/\/www.gasia.com.tr\/en\/wp-json\/wp\/v2\/product_cat?post=38657"},{"taxonomy":"product_tag","embeddable":true,"href":"https:\/\/www.gasia.com.tr\/en\/wp-json\/wp\/v2\/product_tag?post=38657"}],"curies":[{"name":"wp","href":"https:\/\/api.w.org\/{rel}","templated":true}]}}